{"id":14389,"date":"2026-05-15T11:44:24","date_gmt":"2026-05-15T09:44:24","guid":{"rendered":"https:\/\/aeridemontserrat.com\/?page_id=14389"},"modified":"2026-05-15T11:44:24","modified_gmt":"2026-05-15T09:44:24","slug":"politica-de-privacidad-en-redes-sociales","status":"publish","type":"page","link":"https:\/\/aeridemontserrat.com\/es\/politica-de-privacidad-en-redes-sociales\/","title":{"rendered":"Pol\u00edtica de privacidad en redes sociales"},"content":{"rendered":"\t\t<div data-elementor-type=\"wp-page\" data-elementor-id=\"14389\" class=\"elementor elementor-14389 elementor-14388\">\n\t\t\t\t\t\t<section class=\"elementor-section elementor-top-section elementor-element elementor-element-2fcd8e9 elementor-reverse-mobile elementor-section-boxed elementor-section-height-default elementor-section-height-default parallax_section_no qode_elementor_container_no\" data-id=\"2fcd8e9\" data-element_type=\"section\">\n\t\t\t\t\t\t<div class=\"elementor-container elementor-column-gap-default\">\n\t\t\t\t\t<div class=\"elementor-column elementor-col-100 elementor-top-column elementor-element elementor-element-6e76064\" data-id=\"6e76064\" data-element_type=\"column\">\n\t\t\t<div class=\"elementor-widget-wrap elementor-element-populated\">\n\t\t\t\t\t\t<div class=\"elementor-element elementor-element-38da9af elementor-widget elementor-widget-text-editor\" data-id=\"38da9af\" data-element_type=\"widget\" data-widget_type=\"text-editor.default\">\n\t\t\t\t<div class=\"elementor-widget-container\">\n\t\t\t\t\t\t\t\t\t<p data-start=\"42\" data-end=\"86\"><strong style=\"font-size: 18px;\">Pol\u00edtica de privacidad en redes sociales<\/strong><\/p><p data-start=\"88\" data-end=\"523\">De conformidad con lo establecido en la normativa vigente y aplicable de protecci\u00f3n de datos de car\u00e1cter personal y la Ley 34\/2002, de 11 de julio, de Servicios de la Sociedad de la Informaci\u00f3n y de Comercio\u00a0Electr\u00f3nico (LSSI-CE), FUNICULAR AERI DE MONTSERRAT SA informa a los usuarios, que ha<br \/>procedido a crear un perfil en la\/s Red\/es Social\/es Facebook, X, Instagram, con la finalidad principal de\u00a0publicitar sus productos y servicios.<\/p><p data-start=\"525\" data-end=\"566\">Datos de FUNICULAR AERI DE MONTSERRAT SA:<br \/>NIF: A08019945<br \/>DIRECCI\u00d3N: CTRA C 55 KM 11,5 TELEF\u00c9RICO MONTSERRAT,08691 MONISTROL DE<br \/>MONTSERRAT(BARCELONA)<br \/>CORREO ELECTR\u00d3NICO: INFO@AERIDEMONTSERRAT.COM<\/p><p data-start=\"729\" data-end=\"1056\">El usuario dispone de un perfil en la misma Red Social y ha decidido unirse a la p\u00e1gina creada por<br \/>FUNICULAR AERI DE MONTSERRAT SA, mostrando as\u00ed inter\u00e9s en la informaci\u00f3n que se publicite en la<br \/>Red. Al unirse a nuestra p\u00e1gina, nos facilita su consentimiento para el tratamiento de aquellos datos<br \/>personales publicados en su perfil.<br \/>El usuario puede acceder en todo momento a las pol\u00edticas de privacidad de la propia Red Social, as\u00ed como\u00a0configurar su perfil para garantizar su privacidad.<br \/>FUNICULAR AERI DE MONTSERRAT SA tiene acceso y trata aquella informaci\u00f3n p\u00fablica del usuario, en\u00a0especial, su nombre de contacto. Estos datos, s\u00f3lo son utilizados dentro de la propia Red Social. No son\u00a0incorporados a ning\u00fan sistema de tratamiento.<\/p><p data-start=\"729\" data-end=\"1056\">\u00a0<\/p><p data-start=\"1465\" data-end=\"1828\"><strong>DERECHOS DE LAS PERSONAS INTERESADAS:<\/strong><br \/>En relaci\u00f3n a los derechos de acceso, rectificaci\u00f3n, limitaci\u00f3n de tratamiento, supresi\u00f3n, portabilidad y oposici\u00f3n al tratamiento de sus datos de car\u00e1cter personal, de los que usted dispone y que pueden ser ejercitados ante FUNICULAR AERI DE MONTSERRAT SA, de acuerdo con la RGPD, debe tener en<br \/>cuenta los siguientes matices:<\/p><p data-start=\"1830\" data-end=\"2098\"><strong>\u2022 Derecho de acceso:<\/strong> Es el derecho del usuario a obtener informaci\u00f3n sobre sus datos concretos de car\u00e1cter personal y del tratamiento que se haya realizado o realice, as\u00ed como de la\u00a0informaci\u00f3n disponible sobre el origen de dichos datos y las comunicaciones realizadas o\u00a0previstas de los mismos.<\/p><p data-start=\"2100\" data-end=\"2487\"><strong>\u2022 Derecho de rectificaci\u00f3n:<\/strong> Es el derecho del afectado a que se modifiquen los datos que resulten<br \/>ser inexactos o incompletos. S\u00f3lo podr\u00e1 satisfacerse en relaci\u00f3n a aquella informaci\u00f3n que se<br \/>encuentre bajo el control de FUNICULAR AERI DE MONTSERRAT SA, por ejemplo, eliminar comentarios publicados en la propia p\u00e1gina, im\u00e1genes o contenidos web donde consten datos de<br \/>car\u00e1cter personal del usuario.<\/p><p data-start=\"2489\" data-end=\"2648\"><strong>\u2022 Derecho a la limitaci\u00f3n del tratamiento:<\/strong> derecho a que se limiten las finalidades del tratamiento previstas originalmente por el responsable del tratamiento.<\/p><p data-start=\"2650\" data-end=\"2866\"><strong>\u2022 Derecho de supresi\u00f3n:<\/strong> Es el derecho a suprimir los datos de car\u00e1cter personal del usuario, a<br \/>excepci\u00f3n de lo previsto en el propio RGPD o en otras normativas aplicables que determinen la<br \/>obligatoriedad de la conservaci\u00f3n de los mismos, en tiempo y forma.<\/p><p data-start=\"2868\" data-end=\"3063\"><strong>\u2022 Derecho de portabilidad:<\/strong> El derecho a recibir los datos personales que el usuario, haya facilitado,<br \/>en un formato estructurado, de uso com\u00fan y lectura mec\u00e1nica, y a transmitirlos a otro<br \/>responsable.<\/p><p data-start=\"3065\" data-end=\"3252\"><strong>\u2022 Derecho de oposici\u00f3n:<\/strong> Es el derecho del usuario a que no se lleve a cabo el tratamiento de sus<br \/>datos de car\u00e1cter personal o se cese el tratamiento de los mismos por parte de FUNICULAR<br \/>AERI DE MONTSERRAT SA.<\/p><p data-start=\"3254\" data-end=\"3323\">\u00a0<\/p><p data-start=\"3254\" data-end=\"3323\"><strong>FUNICULAR AERI DE MONTSERRAT SA realizar\u00e1 las siguientes actuaciones:<\/strong><\/p><p data-start=\"3325\" data-end=\"3371\"><strong>\u2022 <\/strong>Acceso a la informaci\u00f3n p\u00fablica del perfil.<br \/><strong>\u2022 <\/strong>Publicaci\u00f3n en el perfil del usuario de toda aquella informaci\u00f3n ya publicada en la p\u00e1gina de<br \/>FUNICULAR AERI DE MONTSERRAT SA.<br \/><strong>\u2022 <\/strong>Enviar mensajes personales e individuales a trav\u00e9s de los canales de la Red Social.<br \/><strong>\u2022 <\/strong>Actualizaciones del estado de la p\u00e1gina que se publicar\u00e1n en el perfil del usuario.<\/p><p data-start=\"3325\" data-end=\"3371\">El usuario siempre puede controlar sus conexiones, eliminar los contenidos que dejen de interesarle y\u00a0restringir con qui\u00e9n comparte sus conexiones, para ello deber\u00e1 acceder a su configuraci\u00f3n de privacidad.<\/p><p data-start=\"3325\" data-end=\"3371\">\u00a0<\/p><p data-start=\"3888\" data-end=\"4301\"><strong>Publicaciones:<\/strong><br \/>El usuario, una vez unido a la p\u00e1gina de FUNICULAR AERI DE MONTSERRAT SA, podr\u00e1 publicar en<br \/>\u00e9sta \u00faltima comentarios, enlaces, im\u00e1genes o fotograf\u00edas o cualquier otro tipo de contenido multimedia\u00a0soportado por la Red Social. El usuario, en todos los casos, debe ser el titular de los mismos, gozar de los\u00a0derechos de autor y de propiedad intelectual o contar con el consentimiento de los terceros afectados. Se\u00a0proh\u00edbe expresamente cualquier publicaci\u00f3n en la p\u00e1gina, ya sean textos, gr\u00e1ficos, fotograf\u00edas, v\u00eddeos,\u00a0etc. que atenten o sean susceptibles de atentar contra la moral, la \u00e9tica, el buen gusto o el decoro, y\/o\u00a0que infrinjan, violen o quebranten los derechos de propiedad intelectual o industrial, el derecho a la\u00a0imagen o la Ley. En estos casos, FUNICULAR AERI DE MONTSERRAT SA se reserva el derecho a\u00a0retirar de inmediato el contenido, pudiendo solicitar el bloqueo permanente del usuario.<br \/>FUNICULAR AERI DE MONTSERRAT SA no se har\u00e1 responsable de los contenidos que libremente ha<br \/>publicado un usuario.<br \/>El usuario debe tener presente que sus publicaciones ser\u00e1n conocidas por los otros usuarios, por lo que\u00a0\u00e9l mismo es el principal responsable de su privacidad.<br \/>Las im\u00e1genes que puedan publicarse en la p\u00e1gina no ser\u00e1n almacenadas en ning\u00fan sistema de<br \/>tratamiento por parte de FUNICULAR AERI DE MONTSERRAT SA, pero s\u00ed que permanecer\u00e1n en la Red<br \/>Social.\u00a0<\/p><p data-start=\"5249\" data-end=\"5605\"><strong>Concursos y promociones:<\/strong><br \/>FUNICULAR AERI DE MONTSERRAT SA se reserva el derecho a realizar concursos y promociones, en<br \/>los que podr\u00e1 participar el usuario unido a su p\u00e1gina. Las bases de cada uno de ellos, cuando se utilice\u00a0para ello la plataforma de la Red Social, ser\u00e1n publicadas en la misma. Cumpliendo siempre con la LSSICE y con cualquier otra norma que le sea de aplicaci\u00f3n.<br \/>La Red Social no patrocina, avala ni administra, de modo alguno, ninguna de nuestras promociones, ni\u00a0est\u00e1 asociada a ninguna de ellas.<\/p><p data-start=\"5746\" data-end=\"6079\"><strong>Publicidad:<\/strong><br \/>FUNICULAR AERI DE MONTSERRAT SA utilizar\u00e1 la Red Social para publicitar sus productos y servicios,<br \/>en todo caso, si decide tratar sus datos de contacto para realizar acciones directas de prospecci\u00f3n<br \/>comercial, ser\u00e1 siempre, cumpliendo con las exigencias legales de la normativa en materia de protecci\u00f3n\u00a0de datos y de la LSSI-CE.<br \/>No se considerar\u00e1 publicidad el hecho de recomendar a otros usuarios la p\u00e1gina de FUNICULAR AERI<br \/>DE MONTSERRAT SA para que tambi\u00e9n ellos puedan disfrutar de las promociones o estar informados de su actividad.<\/p><p data-start=\"5746\" data-end=\"6079\">\u00a0<\/p><p data-start=\"5746\" data-end=\"6079\">A continuaci\u00f3n, detallamos el enlace a la pol\u00edtica de privacidad de la Red Social:<\/p><p data-start=\"6371\" data-end=\"6520\"><strong>\u2022 Facebook: <a class=\"decorated-link\" href=\"https:\/\/es-es.facebook.com\/privacy\/explanation\" target=\"_new\" rel=\"noopener\" data-start=\"6383\" data-end=\"6429\">https:\/\/es-es.facebook.com\/privacy\/explanation<\/a><\/strong><br data-start=\"6429\" data-end=\"6432\" \/><strong>\u2022 X: <a class=\"decorated-link\" href=\"https:\/\/x.com\/es\/privacy\" target=\"_new\" rel=\"noopener\" data-start=\"6437\" data-end=\"6461\">https:\/\/x.com\/es\/privacy<\/a><\/strong><br data-start=\"6461\" data-end=\"6464\" \/><strong>\u2022 Instagram: <a class=\"decorated-link\" href=\"http:\/\/instagram.com\/about\/legal\/privacy\/\" target=\"_new\" rel=\"noopener\" data-start=\"6477\" data-end=\"6518\">http:\/\/instagram.com\/about\/legal\/privacy\/<\/a><\/strong><\/p>\t\t\t\t\t\t\t\t<\/div>\n\t\t\t\t<\/div>\n\t\t\t\t\t<\/div>\n\t\t<\/div>\n\t\t\t\t\t<\/div>\n\t\t<\/section>\n\t\t\t\t<\/div>\n\t\t","protected":false},"excerpt":{"rendered":"<p>Pol\u00edtica de privacidad en redes sociales De conformidad con lo establecido en la normativa vigente y aplicable de protecci\u00f3n de datos de car\u00e1cter personal y la Ley 34\/2002, de 11 de julio, de Servicios de la Sociedad de la Informaci\u00f3n y de Comercio\u00a0Electr\u00f3nico (LSSI-CE), FUNICULAR&#8230;<\/p>\n","protected":false},"author":4,"featured_media":0,"parent":0,"menu_order":0,"comment_status":"closed","ping_status":"closed","template":"full_width.php","meta":{"footnotes":""},"class_list":["post-14389","page","type-page","status-publish","hentry"],"_links":{"self":[{"href":"https:\/\/aeridemontserrat.com\/es\/wp-json\/wp\/v2\/pages\/14389","targetHints":{"allow":["GET"]}}],"collection":[{"href":"https:\/\/aeridemontserrat.com\/es\/wp-json\/wp\/v2\/pages"}],"about":[{"href":"https:\/\/aeridemontserrat.com\/es\/wp-json\/wp\/v2\/types\/page"}],"author":[{"embeddable":true,"href":"https:\/\/aeridemontserrat.com\/es\/wp-json\/wp\/v2\/users\/4"}],"replies":[{"embeddable":true,"href":"https:\/\/aeridemontserrat.com\/es\/wp-json\/wp\/v2\/comments?post=14389"}],"version-history":[{"count":16,"href":"https:\/\/aeridemontserrat.com\/es\/wp-json\/wp\/v2\/pages\/14389\/revisions"}],"predecessor-version":[{"id":15025,"href":"https:\/\/aeridemontserrat.com\/es\/wp-json\/wp\/v2\/pages\/14389\/revisions\/15025"}],"wp:attachment":[{"href":"https:\/\/aeridemontserrat.com\/es\/wp-json\/wp\/v2\/media?parent=14389"}],"curies":[{"name":"wp","href":"https:\/\/api.w.org\/{rel}","templated":true}]}}