{"id":14513,"date":"2026-05-15T11:45:52","date_gmt":"2026-05-15T09:45:52","guid":{"rendered":"https:\/\/aeridemontserrat.com\/?page_id=14513"},"modified":"2026-05-15T11:45:52","modified_gmt":"2026-05-15T09:45:52","slug":"politica-de-privacidad","status":"publish","type":"page","link":"https:\/\/aeridemontserrat.com\/es\/politica-de-privacidad\/","title":{"rendered":"Pol\u00edtica de privacidad"},"content":{"rendered":"\t\t<div data-elementor-type=\"wp-page\" data-elementor-id=\"14513\" class=\"elementor elementor-14513 elementor-14512\">\n\t\t\t\t\t\t<section class=\"elementor-section elementor-top-section elementor-element elementor-element-2fcd8e9 elementor-reverse-mobile elementor-section-boxed elementor-section-height-default elementor-section-height-default parallax_section_no qode_elementor_container_no\" data-id=\"2fcd8e9\" data-element_type=\"section\">\n\t\t\t\t\t\t<div class=\"elementor-container elementor-column-gap-default\">\n\t\t\t\t\t<div class=\"elementor-column elementor-col-100 elementor-top-column elementor-element elementor-element-6e76064\" data-id=\"6e76064\" data-element_type=\"column\">\n\t\t\t<div class=\"elementor-widget-wrap elementor-element-populated\">\n\t\t\t\t\t\t<div class=\"elementor-element elementor-element-bed855d elementor-widget elementor-widget-text-editor\" data-id=\"bed855d\" data-element_type=\"widget\" data-widget_type=\"text-editor.default\">\n\t\t\t\t<div class=\"elementor-widget-container\">\n\t\t\t\t\t\t\t\t\t<h3>Pol\u00edtica de privacidad<\/h3><p>FUNICULAR AERI DE MONTSERRAT SA deber\u00e1 cerciorarse de que los datos personales del interesado sean tratados seg\u00fan los principios relativos al tratamiento: <br \/>&#8211; Tratados de manera l\u00edcita, leal y transparente en relaci\u00f3n con el interesado (\u201clicitud lealtad y transparencia\u201d).<br \/>&#8211; Recogidos con fines determinados, expl\u00edcitos y leg\u00edtimos, no pudiendo ser tratados de manera incompatible con dichos fines (\u201climitaci\u00f3n de la finalidad\u201d).<br \/>&#8211; Adecuados, pertinentes y limitados a lo necesario en relaci\u00f3n con los fines para los que son tratados (\u201cminimizaci\u00f3n de los datos\u201d).<br \/>&#8211; Exactos y, si fuera necesario actualizados adopt\u00e1ndose las medidas t\u00e9cnicas y organizativas razonables para que se supriman o rectifiquen cuando sean inexactos con respecto a los fines para los que se tratan (\u201cexactitud\u201d).<br \/>&#8211; Mantenidos de forma que se permita la identificaci\u00f3n durante no m\u00e1s tiempo de lo necesario para los fines del tratamiento (\u201climitaci\u00f3n del plazo de conservaci\u00f3n\u201d).<br \/>&#8211; Tratados de tal manera que se garantice una seguridad adecuada mediante la aplicaci\u00f3n de medidas t\u00e9cnicas u organizativas apropiadas (\u201cintegridad y confidencialidad\u201d).<\/p><p>As\u00ed, FUNICULAR AERI DE MONTSERRAT SA ser\u00e1 responsable del cumplimiento de lo dispuesto anteriormente y deber\u00e1 poder acreditarlo con posterioridad (\u201cresponsabilidad proactiva\u201d).<br \/>Del mismo modo, el tratamiento que realice la entidad solo ser\u00e1 l\u00edcito si cumple al menos una de las siguientes condiciones (\u201clicitud del tratamiento\u201d):<br \/>&#8211; el interesado dio su consentimiento para el tratamiento de sus datos personales para uno o varios fines espec\u00edficos;<br \/>&#8211; el tratamiento es necesario para la ejecuci\u00f3n de un contrato en el que el interesado es parte o para la aplicaci\u00f3n a petici\u00f3n de este de medidas precontractuales;<br \/>&#8211; el tratamiento es necesario para el cumplimiento de una obligaci\u00f3n legal aplicable al responsable del tratamiento;<br \/>&#8211; el tratamiento es necesario para proteger intereses vitales del interesado o de otra persona f\u00edsica;<br \/>&#8211; el tratamiento es necesario para el cumplimiento de una misi\u00f3n realizada en inter\u00e9s p\u00fablico o en el ejercicio de poderes p\u00fablicos conferidos al responsable del tratamiento;<br \/>&#8211; el tratamiento es necesario para la satisfacci\u00f3n de intereses leg\u00edtimos perseguidos por el responsable del tratamiento o por un tercero, siempre que sobre dichos intereses no prevalezcan los intereses o los derechos y libertades fundamentales del interesado que requieran la protecci\u00f3n de datos personales, en particular cuando el interesado sea un ni\u00f1o.<\/p><p>Dicha base leg\u00edtima no ser\u00e1 de aplicaci\u00f3n al tratamiento realizado por las autoridades p\u00fablicas en el ejercicio de sus funciones. Cuando el tratamiento se base en el consentimiento del interesado, el responsable deber\u00e1 ser capaz de demostrar que aquel consinti\u00f3 el tratamiento de sus datos personales.<br \/>Si el consentimiento del interesado se da en el contexto de una declaraci\u00f3n escrita que tambi\u00e9n se refiera a otros asuntos, la solicitud de consentimiento se presentar\u00e1 de tal forma que se distinga claramente de los dem\u00e1s asuntos, de forma inteligible y de f\u00e1cil acceso y utilizando un lenguaje claro y sencillo.<br \/>El interesado tendr\u00e1 derecho a retirar su consentimiento en cualquier momento. La retirada del consentimiento no afectar\u00e1 a la licitud del tratamiento basada en el consentimiento previo a su retirada. <br \/>Antes de dar su consentimiento, el interesado ser\u00e1 informado de ello. Ser\u00e1 tan f\u00e1cil retirar el consentimiento como darlo.<br \/>Asimismo, s\u00f3lo podr\u00e1n tratarse datos personales que revelen el origen \u00e9tnico o racial, opiniones pol\u00edticas, las convicciones religiosas o filos\u00f3ficas, o la afiliaci\u00f3n sindical y el tratamiento de datos gen\u00e9ticos, datos biom\u00e9tricos dirigidos a identificar de manera un\u00edvoca a una persona f\u00edsica, datos relativos a la salud o datos relativos a la vida sexual o la orientaci\u00f3n sexual de una persona f\u00edsica en los supuestos previstos en el art\u00edculo 9 del RGPD.<br \/>El tratamiento de los datos personales relativos a condenas e infracciones penales o medidas de seguridad conexas s\u00f3lo podr\u00e1 llevarse a cabo bajo la supervisi\u00f3n de las autoridades p\u00fablicas o cuando lo autorice el Derecho de la Uni\u00f3n Europea o de los Estados miembros que establezca garant\u00edas adecuadas para los derechos y libertades de los interesados.<br \/>FUNICULAR AERI DE MONTSERRAT SA deber\u00e1 incluir en los formularios que se usen para la recogida de datos personales, la informaci\u00f3n para dar cumplimiento al deber de informar recogido en los art\u00edculos 13 y 14 del Reglamento General de Protecci\u00f3n de datos (en adelante RGPD).<br \/>En este sentido, y con la finalidad de adaptarse a la normativa aplicable y vigente en materia de protecci\u00f3n de datos, cuando FUNICULAR AERI DE MONTSERRAT SA obtenga los datos personales directamente de un interesado, tendr\u00e1 que:<br \/>1. Facilitar la identidad y los datos de contacto del Responsable del Tratamiento y en su caso, de su representante, los datos de contacto del Delegado de Protecci\u00f3n de Datos, en su caso y los fines del tratamiento a que se destinan los datos personales as\u00ed como, la base jur\u00eddica del tratamiento.<br \/>2. Especificar los intereses leg\u00edtimos del responsable o de un tercero cuando el tratamiento sea necesario para la satisfacci\u00f3n de esos intereses. Siempre que, sobre ellos no prevalezcan los intereses o los derechos y libertades fundamentales del interesado.<br \/>3. Facilitar los destinatarios o las categor\u00edas de destinatarios de los datos personales y en su caso, la intenci\u00f3n del responsable de transferir datos personales a un tercer pa\u00eds u organizaci\u00f3n internacional y la existencia o ausencia de una decisi\u00f3n de adecuaci\u00f3n de la Comisi\u00f3n.<br \/>4. Indicar el plazo durante el cual se conservar\u00e1n los datos personales o los criterios utilizados para determinar el plazo de conservaci\u00f3n.<br \/>5. Informar de la existencia del derecho a solicitar al Responsable del Tratamiento el acceso a los datos personales relativos al interesado, su rectificaci\u00f3n o supresi\u00f3n (\u201cderecho al olvido\u201d), la limitaci\u00f3n de su tratamiento o el derecho a oponerse al tratamiento, as\u00ed como a la portabilidad de sus datos.<br \/>6. Informar sobre la posibilidad de retirar el consentimiento en cualquier momento, sin que ello afecte a la licitud del tratamiento basado en el consentimiento previo a su retirada. As\u00ed como, poner en su conocimiento la posibilidad de presentar una reclamaci\u00f3n ante una Autoridad de Control.<br \/>7. Especificar si la comunicaci\u00f3n de datos personales es un requisito legal o contractual, o un requisito necesario para suscribir un contrato y si el interesado est\u00e1 obligado a facilitar los datos personales e informar de las posibles consecuencias de no facilitar tales datos.<br \/>8. Informar sobre la existencia de decisiones automatizadas, incluida la elaboraci\u00f3n de perfiles y, al menos en tales casos, informar sobre la l\u00f3gica aplicada, as\u00ed como la importancia y las consecuencias previstas de dicho tratamiento para el interesado.<\/p><p>Cuando FUNICULAR AERI DE MONTSERRAT SA no obtenga los datos personales del interesado tendr\u00e1 que facilitarle la informaci\u00f3n descrita en el apartado anterior. As\u00ed como, las categor\u00edas de datos personales que se traten, la fuente de la que proceden y, en su caso, si proceden de fuentes de acceso p\u00fablico.<br \/>Si FUNICULAR AERI DE MONTSERRAT SA obtiene los datos de car\u00e1cter personal directamente del interesado la informaci\u00f3n se debe poner a disposici\u00f3n de estos en el momento en que se soliciten los datos, previamente a la recogida o registro. En el caso que los datos no se obtengan del propio interesado, por proceder de alguna cesi\u00f3n leg\u00edtima, o de fuentes de acceso p\u00fablico, FUNICULAR AERI DE MONTSERRAT SA informar\u00e1 a las personas interesadas dentro de un plazo razonable, pero, en cualquier caso, antes de un mes desde que se obtuvieron los datos personales, en la primera comunicaci\u00f3n con el interesado o antes de que los datos, en su caso, se hayan comunicado a otros destinatarios.<br \/>Cuando FUNICULAR AERI DE MONTSERRAT SA proyecte el tratamiento ulterior de los datos personales para un fin que no sea aquel para el que se obtuvieron, proporcionar\u00e1 al interesado, antes de dicho tratamiento ulterior, informaci\u00f3n sobre ese otro fin y cualquier otra informaci\u00f3n pertinente.<\/p>\t\t\t\t\t\t\t\t<\/div>\n\t\t\t\t<\/div>\n\t\t\t\t<div class=\"elementor-element elementor-element-211632c elementor-widget-divider--view-line elementor-widget elementor-widget-divider\" data-id=\"211632c\" data-element_type=\"widget\" data-widget_type=\"divider.default\">\n\t\t\t\t<div class=\"elementor-widget-container\">\n\t\t\t\t\t\t\t<div class=\"elementor-divider\">\n\t\t\t<span class=\"elementor-divider-separator\">\n\t\t\t\t\t\t<\/span>\n\t\t<\/div>\n\t\t\t\t\t\t<\/div>\n\t\t\t\t<\/div>\n\t\t\t\t<div class=\"elementor-element elementor-element-cf447a9 elementor-widget elementor-widget-text-editor\" data-id=\"cf447a9\" data-element_type=\"widget\" data-widget_type=\"text-editor.default\">\n\t\t\t\t<div class=\"elementor-widget-container\">\n\t\t\t\t\t\t\t\t\t<h3>Protecci\u00f3n de Datos<\/h3><p>De conformidad con la normativa vigente y aplicable en protecci\u00f3n de datos de car\u00e1cter personal, le informamos que sus datos ser\u00e1n incorporados al sistema de tratamiento titularidad de FUNICULAR AERI DE MONTSERRAT SA con NIF A08019945 y domicilio social sito en CTRA C 55 KM 11,5 TELEF\u00c9RICO MONTSERRAT,08691 MONISTROL DE MONTSERRAT(BARCELONA).<\/p><p>A continuaci\u00f3n, le indicamos los aspectos m\u00e1s destacables de los tratamientos realizados:<\/p><p><strong>Registro de los \u00a0usuarios<\/strong><\/p><p>Finalidad: Captaci\u00f3n, registro y tratamiento de datos para poder registrarse como usuario.<\/p><p>Plazo de conservaci\u00f3n: mientras se mantenga el consentimiento prestado, salvo obligaci\u00f3n legal.<\/p><p>Base leg\u00edtima: El consentimiento del interesado.<\/p><p>Tipolog\u00eda de Datos: Datos b\u00e1sicos: Nombre y apellidos, Tel\u00e9fono, NIF, Direcci\u00f3n postal, Direcci\u00f3n electr\u00f3nica<\/p><p><strong>Acciones comerciales formulario web<\/strong><\/p><p>Finalidad: Captaci\u00f3n, registro y tratamiento de datos con finalidades de atender<\/p><p>sus consultas y\/o solicitudes, as\u00ed como de publicidad y prospecci\u00f3n comercial.<\/p><p>Plazo de conservaci\u00f3n: mientras se mantenga el consentimiento prestado,<\/p><p>salvo obligaci\u00f3n legal.<\/p><p>Base leg\u00edtima: El consentimiento del interesado.<\/p><p>Tipolog\u00eda de Datos:<\/p><p>Datos b\u00e1sicos: Nombre y apellidos, Direcci\u00f3n electr\u00f3nica<\/p><p><strong>Newsletter<\/strong><\/p><p>Finalidad: Gesti\u00f3n de la suscripci\u00f3n a la newsletter, para realizar los env\u00edos<\/p><p>correspondientes.<\/p><p>Plazo de conservaci\u00f3n: mientras se mantenga el consentimiento prestado.<\/p><p>Base leg\u00edtima: El consentimiento del interesado.<\/p><p>Tipolog\u00eda de Datos:<\/p><p>Datos b\u00e1sicos: Nombre y apellidos, Direcci\u00f3n electr\u00f3nica<\/p><p><strong>Instalaci\u00f3n de cookies <\/strong><\/p><p>Finalidad: Gesti\u00f3n e instalaci\u00f3n de las cookies.<\/p><p>Plazo de conservaci\u00f3n: mientras se mantenga el consentimiento prestado.<\/p><p>Base leg\u00edtima: El consentimiento del interesado.<\/p><p>Tipolog\u00eda de Datos:<\/p><p>Datos b\u00e1sicos: Direcci\u00f3n electr\u00f3nica, Direcci\u00f3n IP<\/p><p><strong>Gesti\u00f3n usuarios web<\/strong><\/p><p>Finalidad: Captaci\u00f3n, registro y tratamiento de datos del usuario.<\/p><p>Plazo de conservaci\u00f3n: mientras se mantenga el consentimiento prestado, salvo obligaci\u00f3n legal.<\/p><p>Base leg\u00edtima: El consentimiento del interesado.<\/p><p>Tipolog\u00eda de Datos:<\/p><p>Datos b\u00e1sicos: Nombre y apellidos, Direcci\u00f3n electr\u00f3nica<\/p><p><strong>Gesti\u00f3n Formulario web <\/strong><\/p><p>Finalidad: Atender sus consultas y\/o solicitudes.<\/p><p>Plazo de conservaci\u00f3n: mientras se mantenga el consentimiento prestado.<\/p><p>Base leg\u00edtima: El consentimiento del interesado.<\/p><p>Tipolog\u00eda de Datos:<\/p><p>Datos b\u00e1sicos: Nombre y apellidos, Direcci\u00f3n electr\u00f3nica, Direcci\u00f3n IP<\/p><p>FUNICULAR AERI DE MONTSERRAT SA informa a los Usuarios que, podr\u00e1 ejercer los derechos de acceso, rectificaci\u00f3n, limitaci\u00f3n, supresi\u00f3n, portabilidad, oposici\u00f3n al tratamiento de sus datos de car\u00e1cter personal y el derecho a no ser objeto de decisiones automatizadas, incluida la elaboraci\u00f3n de perfiles, ante el Responsable del Tratamiento, as\u00ed como a la retirada del consentimiento prestado.<\/p><p>&#8211;<strong> Derecho de Acceso:<\/strong> Es el derecho del usuario a obtener confirmaci\u00f3n sobre si se est\u00e1n tratando sus datos y, en tal caso, los concretos datos personales tratados y la informaci\u00f3n legal del tratamiento (finalidades, base legitimadora, plazos de conservaci\u00f3n, cesiones, origen de los datos, etc.).<\/p><p>&#8211; <strong>Derecho de Rectificaci\u00f3n:<\/strong> Es el derecho del afectado a que se modifiquen los datos que resulten ser inexactos o incompletos. En relaci\u00f3n a la p\u00e1gina web, s\u00f3lo podr\u00e1 satisfacerse en relaci\u00f3n a aquella informaci\u00f3n que se encuentre bajo el control del sitio web, por ejemplo, eliminar comentarios publicados en la propia p\u00e1gina, im\u00e1genes o contenidos web donde consten datos de car\u00e1cter personal del usuario.<\/p><p>&#8211; <strong>Derecho a la Limitaci\u00f3n de tratamiento<\/strong>: Es el derecho a que se limiten los fines del tratamiento previstos de forma original por el responsable del tratamiento en determinados supuestos.<\/p><p>&#8211; <strong>Derecho de Supresi\u00f3n:<\/strong> Es el derecho a suprimir los datos de car\u00e1cter personal del usuario, a excepci\u00f3n de lo previsto en el propio RGPD (libertad de expresi\u00f3n e informaci\u00f3n, obligaciones de conservaci\u00f3n, formulaci\u00f3n, ejercicio o defensa de reclamaciones, etc.).<\/p><p>&#8211; <strong>Derecho a la Portabilidad:<\/strong> El derecho a recibir los datos personales que el usuario haya facilitado, en un formato estructurado, de uso com\u00fan y lectura mec\u00e1nica, y a transmitirlos a otro responsable cuando el tratamiento est\u00e1 basado en el consentimiento o en la ejecuci\u00f3n de un contrato y se efect\u00fae por medios automatizados.<\/p><p>&#8211; <strong>Derecho de Oposici\u00f3n:<\/strong> Es el derecho del usuario a que no se lleve a cabo el tratamiento de sus datos de car\u00e1cter personal o se cese el tratamiento de los mismos por parte del sitio web cuando el tratamiento est\u00e9 basado en el inter\u00e9s leg\u00edtimo o el inter\u00e9s p\u00fablico o cuando se trate de tratamientos de mercadotecnia directa.<\/p><p>&#8211; <strong>Derecho a no ser objeto de decisiones automatizadas, incluida la elaboraci\u00f3n de perfiles:<\/strong> Cuando el tratamiento no es necesario para la celebraci\u00f3n o ejecuci\u00f3n de un contrato, ni est\u00e1 autorizada por el Derecho de la Uni\u00f3n Europea o de los Estados miembros ni se basa en el consentimiento, tiene derecho a no ser objeto de una decisi\u00f3n basada \u00fanicamente en el tratamiento automatizado, incluida la elaboraci\u00f3n de perfiles, que produzca efectos jur\u00eddicos o le afecte significativamente de modo similar.<\/p><p>&#8211; <strong>Derecho a retirar el consentimiento:<\/strong> Para cualquier tratamiento basado en su consentimiento, tiene derecho a retirarlo, en cualquier momento y de manera gratuita.<\/p><p>Para ejercer cualquiera de los derechos en materia de protecci\u00f3n de datos descritos anteriormente deber\u00e1 seguir las siguientes indicaciones:<\/p><p>&#8211; Presentaci\u00f3n de un escrito a la direcci\u00f3n CTRA C 55 KM 11,5 TELEF\u00c9RICO MONTSERRAT,08691 MONISTROL DE MONTSERRAT(BARCELONA) (a la atenci\u00f3n de FUNICULAR AERI DE MONTSERRAT SA) o bien a trav\u00e9s de correo electr\u00f3nico a por correo electr\u00f3nico a <a href=\"mailto:INFO@AERIDEMONTSERRAT.COM\">INFO@AERIDEMONTSERRAT.COM<\/a> .<\/p><p>&#8211; El escrito remitido por el titular de los datos personales (interesado\/a) que solicite el ejercicio de derechos deber\u00e1 tener en cuenta lo siguiente:<\/p><p>1- Deber\u00e1 identificarse fehacientemente y, en el caso de que concurran dudas sobre la identidad del solicitante, se le solicitar\u00e1 que subsane la petici\u00f3n (p. ej. solicitando m\u00e1s informaci\u00f3n, como el n\u00famero de DNI, el documento del DNI, el correo electr\u00f3nico que aport\u00f3, etc.)<\/p><p>2- La solicitud puede realizarla el representante, legal o voluntario, cuando \u00e9ste est\u00e9 debidamente identificado y autorizado por el titular de los datos (mediante una autorizaci\u00f3n expresa del titular para ejercer los derechos personal\u00edsimos regulados en la normativa en materia de protecci\u00f3n de datos personales).<\/p><p>3- Petici\u00f3n en que se concreta la solicitud (Derecho\/s que se pretende\/n ejercer). Si no hace referencia a un tratamiento concreto se le facilitar\u00e1 respuesta en relaci\u00f3n a todos los tratamientos que afectan a sus datos de car\u00e1cter personal. Si solicita informaci\u00f3n de un tratamiento en concreto, s\u00f3lo la informaci\u00f3n de \u00e9ste. Si lo solicita por tel\u00e9fono se le indicar\u00e1 que lo haga por escrito y se le informar\u00e1 de c\u00f3mo lo puede hacer y la direcci\u00f3n a la que tiene que enviarlo. Nunca se le dar\u00e1 informaci\u00f3n por tel\u00e9fono.<\/p><p>4- Direcci\u00f3n postal o electr\u00f3nica a efectos de notificaciones.<\/p><p>5- Documentos acreditativos de la petici\u00f3n que formula, en caso de que sean necesarios.<\/p><p>6- La persona solicitante debe utilizar cualquier medio que permita acreditar el env\u00edo y la recepci\u00f3n de la solicitud.<\/p><p>Por \u00faltimo, le informamos que tiene derecho a presentar una reclamaci\u00f3n ante la Agencia Espa\u00f1ola de Protecci\u00f3n de Datos en caso de que tenga conocimiento o considere que un hecho pueda suponer un incumplimiento de la normativa aplicable en materia de protecci\u00f3n de datos.<\/p><p>FUNICULAR AERI DE MONTSERRAT SA se compromete a adoptar las medidas t\u00e9cnicas y organizativas necesarias, acorde al nivel de riesgos que acompa\u00f1an los tratamientos realizados por \u00e9stas\u00a0 indicados en el apartado de los t\u00e9rminos y condiciones de uso, de forma que garanticen su integridad, confidencialidad y disponibilidad<\/p>\t\t\t\t\t\t\t\t<\/div>\n\t\t\t\t<\/div>\n\t\t\t\t\t<\/div>\n\t\t<\/div>\n\t\t\t\t\t<\/div>\n\t\t<\/section>\n\t\t\t\t<\/div>\n\t\t","protected":false},"excerpt":{"rendered":"<p>Pol\u00edtica de privacidad FUNICULAR AERI DE MONTSERRAT SA deber\u00e1 cerciorarse de que los datos personales del interesado sean tratados seg\u00fan los principios relativos al tratamiento: &#8211; Tratados de manera l\u00edcita, leal y transparente en relaci\u00f3n con el interesado (\u201clicitud lealtad y transparencia\u201d).&#8211; Recogidos con fines&#8230;<\/p>\n","protected":false},"author":4,"featured_media":0,"parent":0,"menu_order":0,"comment_status":"closed","ping_status":"closed","template":"full_width.php","meta":{"footnotes":""},"class_list":["post-14513","page","type-page","status-publish","hentry"],"_links":{"self":[{"href":"https:\/\/aeridemontserrat.com\/es\/wp-json\/wp\/v2\/pages\/14513","targetHints":{"allow":["GET"]}}],"collection":[{"href":"https:\/\/aeridemontserrat.com\/es\/wp-json\/wp\/v2\/pages"}],"about":[{"href":"https:\/\/aeridemontserrat.com\/es\/wp-json\/wp\/v2\/types\/page"}],"author":[{"embeddable":true,"href":"https:\/\/aeridemontserrat.com\/es\/wp-json\/wp\/v2\/users\/4"}],"replies":[{"embeddable":true,"href":"https:\/\/aeridemontserrat.com\/es\/wp-json\/wp\/v2\/comments?post=14513"}],"version-history":[{"count":4,"href":"https:\/\/aeridemontserrat.com\/es\/wp-json\/wp\/v2\/pages\/14513\/revisions"}],"predecessor-version":[{"id":15028,"href":"https:\/\/aeridemontserrat.com\/es\/wp-json\/wp\/v2\/pages\/14513\/revisions\/15028"}],"wp:attachment":[{"href":"https:\/\/aeridemontserrat.com\/es\/wp-json\/wp\/v2\/media?parent=14513"}],"curies":[{"name":"wp","href":"https:\/\/api.w.org\/{rel}","templated":true}]}}