{"id":2152,"date":"2020-07-22T10:42:48","date_gmt":"2020-07-22T08:42:48","guid":{"rendered":"https:\/\/aeridemontserrat.com\/?page_id=2152"},"modified":"2020-07-22T10:43:32","modified_gmt":"2020-07-22T08:43:32","slug":"politica-de-cookies","status":"publish","type":"page","link":"https:\/\/aeridemontserrat.com\/es\/politica-de-cookies\/","title":{"rendered":"Pol\u00edtica de cookies"},"content":{"rendered":"\t\t<div data-elementor-type=\"wp-page\" data-elementor-id=\"2152\" class=\"elementor elementor-2152 elementor-2151\">\n\t\t\t\t\t\t<section class=\"elementor-section elementor-top-section elementor-element elementor-element-2fcd8e9 elementor-reverse-mobile elementor-section-boxed elementor-section-height-default elementor-section-height-default parallax_section_no qode_elementor_container_no\" data-id=\"2fcd8e9\" data-element_type=\"section\">\n\t\t\t\t\t\t<div class=\"elementor-container elementor-column-gap-default\">\n\t\t\t\t\t<div class=\"elementor-column elementor-col-100 elementor-top-column elementor-element elementor-element-6e76064\" data-id=\"6e76064\" data-element_type=\"column\">\n\t\t\t<div class=\"elementor-widget-wrap elementor-element-populated\">\n\t\t\t\t\t\t<div class=\"elementor-element elementor-element-38da9af elementor-widget elementor-widget-text-editor\" data-id=\"38da9af\" data-element_type=\"widget\" data-widget_type=\"text-editor.default\">\n\t\t\t\t<div class=\"elementor-widget-container\">\n\t\t\t\t\t\t\t\t\t<p><\/p><p><strong style=\"font-size: 18px;\">\u00bfQu\u00e9 son las cookies?<\/strong><br><br>Las cookies son peque\u00f1os archivos de datos que se reciben en el terminal desde el sitio Web visitado y se usan para registrar ciertas interacciones de la navegaci\u00f3n en un sitio Web almacenando datos que podr\u00e1n ser actualizados y recuperados. Estos archivos se almacenan en el ordenador del usuario y contiene datos an\u00f3nimos que no son perjudiciales para su equipo. Se utilizan para recordar las preferencias del usuario, como el idioma seleccionado, datos de acceso o personalizaci\u00f3n de la p\u00e1gina.<br><br>Las cookies tambi\u00e9n pueden ser utilizadas para registrar informaci\u00f3n an\u00f3nima acerca de c\u00f3mo un visitante utiliza un sitio. Por ejemplo, desde qu\u00e9 p\u00e1gina Web ha accedido, o si ha utilizado un \u00abbanner\u00bb publicitario para llegar.<br><br>&nbsp;<br><strong style=\"font-size: 18px;\">\u00bfPor qu\u00e9 Aeri de Montserrat utiliza cookies?<\/strong><br><br>Utilizamos cookies estrictamente necesarias y esenciales para que usted utilice nuestro sitio Web y le permitan moverse libremente, utilizar \u00e1reas seguras, opciones personalizadas, etc. Adem\u00e1s, utilizamos cookies que recogen datos relativos al an\u00e1lisis de uso de la Web. \u00c9stas se utilizan para ayudar a mejorar el servicio al usuario, midiendo el uso y el rendimiento de la p\u00e1gina, para optimizarla y personalizarla.<br><br>Nuestros sitios tambi\u00e9n pueden tener enlaces de redes sociales (como Facebook o Twitter). Aeri de Montserrat no controla las cookies utilizadas por estas Web externas. Para m\u00e1s informaci\u00f3n sobre las cookies de las redes sociales u otras Webs ajenas, aconsejamos revisar sus propias pol\u00edticas de cookies.<br><br><br><strong style=\"font-size: 18px;\">Tipos de cookies<\/strong><br><br><br><strong style=\"font-size: 14px;\">\u2022&nbsp; Seg\u00fan la entidad que las gestiona: <\/strong><br><br><\/p>\n<div style=\"padding-left: 20px;\"><br><strong>Cookies propias<\/strong><br>Las cookies propias son aquellas generadas por la p\u00e1gina que est\u00e1 visitando.<br><br><strong>Cookies de terceros<\/strong><br>Las cookies de terceros son aquellas generadas por servicios o proveedores externos, como Facebook, Twitter, Google, etc.&nbsp;&nbsp; &nbsp;<\/div>\n<p><br><br><strong style=\"font-size: 14px;\">\u2022&nbsp;&nbsp; &nbsp; Seg\u00fan su finalidad: <\/strong><br><br><\/p>\n<div style=\"padding-left: 20px;\"><br><strong>Cookies t\u00e9cnicas<\/strong><br>Las cookies t\u00e9cnicas son aquellas imprescindibles y estrictamente necesarias para el correcto funcionamiento de un portal Web y la utilizaci\u00f3n de las diferentes opciones y servicios que ofrece.<br>Por ejemplo, las que sirven para el mantenimiento de la sesi\u00f3n, la gesti\u00f3n del tiempo de respuesta, rendimiento o validaci\u00f3n de opciones, utilizar elementos de seguridad, compartir contenido con redes sociales, etc.<br><br><strong>Cookies de personalizaci\u00f3n<\/strong><br>Estas cookies permiten al usuario especificar o personalizar algunas caracter\u00edsticas de las opciones generales de la p\u00e1gina Web, Por ejemplo, definir el idioma, configuraci\u00f3n regional o tipo de navegador.<br><br><strong>Cookies anal\u00edticas<\/strong><br>Las cookies anal\u00edticas son las utilizadas por nuestros portales Web, para elaborar perfiles de navegaci\u00f3n y poder conocer las preferencias de los usuarios del mismo con el fin de mejorar la oferta de productos y servicios.<br>Por ejemplo, mediante una cookie anal\u00edtica se controlar\u00edan las \u00e1reas geogr\u00e1ficas de mayor inter\u00e9s de un usuario, cu\u00e1l es el producto de m\u00e1s aceptaci\u00f3n, etc.<br><br><strong>Cookies publicitarias \/ de publicidad<\/strong><br>Las cookies publicitarias permiten la gesti\u00f3n de los espacios publicitarios en base a criterios concretos. Por ejemplo la frecuencia de acceso, el contenido editado, etc.<br>Las cookies de publicidad permiten a trav\u00e9s de la gesti\u00f3n de la publicidad almacenar informaci\u00f3n del comportamiento a trav\u00e9s de la observaci\u00f3n de h\u00e1bitos, estudiando los accesos y formando un perfil de preferencias del usuario, para ofrecerle publicidad relacionada con los intereses de su perfil.<\/div>\n<p><br><br><strong style=\"font-size: 14px;\">\u2022&nbsp;&nbsp; &nbsp;&nbsp; Seg\u00fan plazo:<\/strong><br><br><\/p>\n<div style=\"padding-left: 20px;\"><br><strong>Cookies de sesi\u00f3n<\/strong><br>Las cookies de sesi\u00f3n son aquellas que duran el tiempo que el usuario est\u00e1 navegando por la p\u00e1gina Web y se borran al t\u00e9rmino.<br><br><strong>Cookies persistentes<\/strong><br>Estas cookies quedan almacenadas en el terminal del usuario, por un tiempo m\u00e1s largo, facilitando as\u00ed el control de las preferencias elegidas sin tener que repetir ciertos par\u00e1metros cada vez que se visite el sitio Web.<\/div>\n<p><br><br><br><strong style=\"font-size: 18px;\">Identificaci\u00f3n de las cookies de esta p\u00e1gina<\/strong><br><br>Las cookies utilizadas en esta p\u00e1gina web pueden ser tratadas por nosotros y tambi\u00e9n por los terceros que se relacionan a continuaci\u00f3n, con quien hemos contratado la prestaci\u00f3n de servicios para los que se requiere el uso de cookies: <\/p>\n<div style=\"padding-left: 20px;\"><br>-Analytics<br>-Youtube<br>-Vimeo<br>-Facebook<br>-Twitter<\/div>\n<p><br><br><strong style=\"font-size: 18px;\">\u00bfC\u00f3mo desactivar o eliminar cookies?<\/strong><br><br>Para cumplir con la legislaci\u00f3n vigente, tenemos que pedir su permiso para gestionar cookies. Si decide no autorizar el tratamiento indic\u00e1ndonos su no conformidad, s\u00f3lo usar\u00edamos las cookies t\u00e9cnicas, puesto que son imprescindibles para la navegaci\u00f3n por nuestra Web. En este caso, no almacenar\u00edamos ninguna cookie. En el caso de seguir navegando por nuestro sitio Web sin denegar su autorizaci\u00f3n implica que acepta su uso.<br><br>Tenga en cuenta que si rechaza o borra las cookies de navegaci\u00f3n por la Web de Aeri de Montserrat, no podremos mantener sus preferencias, algunas caracter\u00edsticas de las p\u00e1ginas no estar\u00e1n operativas, no podremos ofrecerle servicios personalizados y cada vez que vaya a navegar por nuestra Web tendremos que solicitarle de nuevo su autorizaci\u00f3n para el uso de cookies.<br><br>Si a\u00fan as\u00ed, decide modificar la configuraci\u00f3n de su acceso a la p\u00e1gina Web, debe saber que es posible eliminar las cookies o impedir que se registre esta informaci\u00f3n en su equipo en cualquier momento mediante la modificaci\u00f3n de los par\u00e1metros de configuraci\u00f3n de su navegador:<br><br><br><a href=\"http:\/\/windows.microsoft.com\/es-es\/windows-vista\/block-or-allow-cookies\" target=\"_blank\">Configuraci\u00f3n de cookies de Internet Explorer<\/a><br><a href=\"http:\/\/support.mozilla.org\/es\/kb\/habilitar-y-deshabilitar-cookies-que-los-sitios-we\" target=\"_blank\">Configuraci\u00f3n de cookies de Firefox<\/a><br><a href=\"https:\/\/support.google.com\/chrome\/answer\/95647?hl=es\" target=\"_blank\">Configuraci\u00f3n de cookies de Google Chrome<\/a><br><a href=\"http:\/\/support.apple.com\/kb\/HT1677?viewlocale=es_ES&amp;locale=es_ES\" target=\"_blank\">Configuraci\u00f3n de cookies de Safari<\/a><br><br>Estos navegadores est\u00e1n sometidos a actualizaciones o modificaciones, por lo que no podemos garantizar que se ajusten completamente a la versi\u00f3n de su navegador. Para evitar estos desajustes, puede acceder directamente desde las opciones de su navegador que se encuentra generalmente en el men\u00fa de Opciones, en la secci\u00f3n de \u00abPrivacidad\u00bb. (Por favor, consulte la ayuda de su navegador para m\u00e1s informaci\u00f3n.)<br><br><br><strong style=\"font-size: 18px;\">\u00bfQu\u00e9 significa aceptar las cookies?<\/strong><br><br>Si acepta nuestras cookies, nos permite la mejora de la Web del AERI DE MONTSERRAT para ofrecerle un acceso \u00f3ptimo y darle un servicio m\u00e1s eficaz y personalizado.<br>Adem\u00e1s, usted puede configurar su navegador para establecer que s\u00f3lo los sitios Web de confianza o las p\u00e1ginas por las que est\u00e1 navegando en este momento puedan gestionar cookies lo que le permite seleccionar sus preferencias.<br><br>Proporcionando esta pol\u00edtica, Aeri de Montserrat. demuestra el compromiso adquirido con la legislaci\u00f3n vigente sobre el uso de cookies, proporcion\u00e1ndole informaci\u00f3n para que usted pueda comprender qu\u00e9 tipo de cookies utilizamos y por qu\u00e9 lo hacemos. Con esto, pretendemos proporcionarle transparencia en cuanto a los datos tratados acerca de la navegaci\u00f3n realizada desde su equipo en nuestra Web.<br><br>Esta pol\u00edtica se revisa peri\u00f3dicamente para asegurar su vigencia, por lo que puede ser modificada. Le recomendamos que visite la p\u00e1gina con regularidad, donde le informaremos de cualquier actualizaci\u00f3n al respecto.<\/p><p><\/p>\t\t\t\t\t\t\t\t<\/div>\n\t\t\t\t<\/div>\n\t\t\t\t\t<\/div>\n\t\t<\/div>\n\t\t\t\t\t<\/div>\n\t\t<\/section>\n\t\t\t\t<\/div>\n\t\t","protected":false},"excerpt":{"rendered":"<p>\u00bfQu\u00e9 son las cookies? Las cookies son peque\u00f1os archivos de datos que se reciben en el terminal desde el sitio Web visitado y se usan para registrar ciertas interacciones de la navegaci\u00f3n en un sitio Web almacenando datos que podr\u00e1n ser actualizados y recuperados. Estos&#8230;<\/p>\n","protected":false},"author":1,"featured_media":0,"parent":0,"menu_order":0,"comment_status":"closed","ping_status":"closed","template":"full_width.php","meta":{"footnotes":""},"class_list":["post-2152","page","type-page","status-publish","hentry"],"_links":{"self":[{"href":"https:\/\/aeridemontserrat.com\/es\/wp-json\/wp\/v2\/pages\/2152","targetHints":{"allow":["GET"]}}],"collection":[{"href":"https:\/\/aeridemontserrat.com\/es\/wp-json\/wp\/v2\/pages"}],"about":[{"href":"https:\/\/aeridemontserrat.com\/es\/wp-json\/wp\/v2\/types\/page"}],"author":[{"embeddable":true,"href":"https:\/\/aeridemontserrat.com\/es\/wp-json\/wp\/v2\/users\/1"}],"replies":[{"embeddable":true,"href":"https:\/\/aeridemontserrat.com\/es\/wp-json\/wp\/v2\/comments?post=2152"}],"version-history":[{"count":3,"href":"https:\/\/aeridemontserrat.com\/es\/wp-json\/wp\/v2\/pages\/2152\/revisions"}],"predecessor-version":[{"id":9032,"href":"https:\/\/aeridemontserrat.com\/es\/wp-json\/wp\/v2\/pages\/2152\/revisions\/9032"}],"wp:attachment":[{"href":"https:\/\/aeridemontserrat.com\/es\/wp-json\/wp\/v2\/media?parent=2152"}],"curies":[{"name":"wp","href":"https:\/\/api.w.org\/{rel}","templated":true}]}}