{"id":3499,"date":"2021-10-13T16:08:40","date_gmt":"2021-10-13T14:08:40","guid":{"rendered":"https:\/\/aeridemontserrat.com\/missio-visio-i-valors\/"},"modified":"2026-01-09T15:49:45","modified_gmt":"2026-01-09T13:49:45","slug":"mision-vision-y-valores","status":"publish","type":"page","link":"https:\/\/aeridemontserrat.com\/es\/mision-vision-y-valores\/","title":{"rendered":"MISI\u00d3N, VISI\u00d3N Y VALORES"},"content":{"rendered":"\t\t<div data-elementor-type=\"wp-page\" data-elementor-id=\"3499\" class=\"elementor elementor-3499 elementor-3127\">\n\t\t\t\t\t\t<section class=\"elementor-section elementor-top-section elementor-element elementor-element-4324 elementor-section-boxed elementor-section-height-default elementor-section-height-default parallax_section_no qode_elementor_container_no\" data-id=\"4324\" data-element_type=\"section\">\n\t\t\t\t\t\t<div class=\"elementor-container elementor-column-gap-default\">\n\t\t\t\t\t<div class=\"elementor-column elementor-col-100 elementor-top-column elementor-element elementor-element-2fb7\" data-id=\"2fb7\" data-element_type=\"column\">\n\t\t\t<div class=\"elementor-widget-wrap elementor-element-populated\">\n\t\t\t\t\t\t<div class=\"elementor-element elementor-element-a58f5a5 historia-titol elementor-widget__width-initial elementor-widget elementor-widget-heading\" data-id=\"a58f5a5\" data-element_type=\"widget\" data-widget_type=\"heading.default\">\n\t\t\t\t<div class=\"elementor-widget-container\">\n\t\t\t\t\t<p class=\"elementor-heading-title elementor-size-default\">NUESTRA MISI\u00d3N, VISI\u00d3N Y VALORES <br> est\u00e1n presentes en todo lo que hacemos y nos definen como organizaci\u00f3n. Explican el c\u00f3mo y el por qu\u00e9 de nuestro trabajo.<\/p>\t\t\t\t<\/div>\n\t\t\t\t<\/div>\n\t\t\t\t\t<\/div>\n\t\t<\/div>\n\t\t\t\t\t<\/div>\n\t\t<\/section>\n\t\t\t\t<section class=\"elementor-section elementor-top-section elementor-element elementor-element-37a0caf1 elementor-reverse-mobile missio-row elementor-section-boxed elementor-section-height-default elementor-section-height-default parallax_section_no qode_elementor_container_no\" data-id=\"37a0caf1\" data-element_type=\"section\">\n\t\t\t\t\t\t<div class=\"elementor-container elementor-column-gap-default\">\n\t\t\t\t\t<div class=\"elementor-column elementor-col-50 elementor-top-column elementor-element elementor-element-375bc008\" data-id=\"375bc008\" data-element_type=\"column\">\n\t\t\t<div class=\"elementor-widget-wrap elementor-element-populated\">\n\t\t\t\t\t\t<div class=\"elementor-element elementor-element-494ebecb elementor-widget elementor-widget-heading\" data-id=\"494ebecb\" data-element_type=\"widget\" data-widget_type=\"heading.default\">\n\t\t\t\t<div class=\"elementor-widget-container\">\n\t\t\t\t\t<p class=\"elementor-heading-title elementor-size-default\"><b>1.<\/b> NUESTRA <span class=\"title-destacat\">MISI\u00d3N<\/span><\/p>\t\t\t\t<\/div>\n\t\t\t\t<\/div>\n\t\t\t\t<div class=\"elementor-element elementor-element-6c3b5253 elementor-widget elementor-widget-text-editor\" data-id=\"6c3b5253\" data-element_type=\"widget\" data-widget_type=\"text-editor.default\">\n\t\t\t\t<div class=\"elementor-widget-container\">\n\t\t\t\t\t\t\t\t\tOfrecer un servicio de transporte excelente y una experiencia \u00fanica a los visitantes de Montserrat, mediante la acogida y el buen servicio, siendo la seguridad y el trato al cliente los principales ejes de la empresa.\t\t\t\t\t\t\t\t<\/div>\n\t\t\t\t<\/div>\n\t\t\t\t\t<\/div>\n\t\t<\/div>\n\t\t\t\t<div class=\"elementor-column elementor-col-50 elementor-top-column elementor-element elementor-element-1992b97d\" data-id=\"1992b97d\" data-element_type=\"column\">\n\t\t\t<div class=\"elementor-widget-wrap elementor-element-populated\">\n\t\t\t\t\t\t<div class=\"elementor-element elementor-element-fc384b1 elementor-widget elementor-widget-image\" data-id=\"fc384b1\" data-element_type=\"widget\" data-widget_type=\"image.default\">\n\t\t\t\t<div class=\"elementor-widget-container\">\n\t\t\t\t\t\t\t\t\t\t\t\t\t\t\t<img fetchpriority=\"high\" decoding=\"async\" width=\"2560\" height=\"1707\" src=\"https:\/\/aeridemontserrat.com\/wp-content\/uploads\/2026\/01\/miamoments-20-scaled.jpg\" class=\"attachment-full size-full wp-image-13248\" alt=\"cabina-aeri-de-montserrat\" srcset=\"https:\/\/aeridemontserrat.com\/wp-content\/uploads\/2026\/01\/miamoments-20-scaled.jpg 2560w, https:\/\/aeridemontserrat.com\/wp-content\/uploads\/2026\/01\/miamoments-20-300x200.jpg 300w, https:\/\/aeridemontserrat.com\/wp-content\/uploads\/2026\/01\/miamoments-20-1024x683.jpg 1024w, https:\/\/aeridemontserrat.com\/wp-content\/uploads\/2026\/01\/miamoments-20-768x512.jpg 768w, https:\/\/aeridemontserrat.com\/wp-content\/uploads\/2026\/01\/miamoments-20-1536x1024.jpg 1536w, https:\/\/aeridemontserrat.com\/wp-content\/uploads\/2026\/01\/miamoments-20-2048x1365.jpg 2048w, https:\/\/aeridemontserrat.com\/wp-content\/uploads\/2026\/01\/miamoments-20-700x467.jpg 700w\" sizes=\"(max-width: 2560px) 100vw, 2560px\" \/>\t\t\t\t\t\t\t\t\t\t\t\t\t\t\t<\/div>\n\t\t\t\t<\/div>\n\t\t\t\t\t<\/div>\n\t\t<\/div>\n\t\t\t\t\t<\/div>\n\t\t<\/section>\n\t\t\t\t<section class=\"elementor-section elementor-top-section elementor-element elementor-element-1a5a58f5 missio-row elementor-section-boxed elementor-section-height-default elementor-section-height-default parallax_section_no qode_elementor_container_no\" data-id=\"1a5a58f5\" data-element_type=\"section\">\n\t\t\t\t\t\t<div class=\"elementor-container elementor-column-gap-default\">\n\t\t\t\t\t<div class=\"elementor-column elementor-col-50 elementor-top-column elementor-element elementor-element-6e68b544\" data-id=\"6e68b544\" data-element_type=\"column\">\n\t\t\t<div class=\"elementor-widget-wrap elementor-element-populated\">\n\t\t\t\t\t\t<div class=\"elementor-element elementor-element-4f1b5024 elementor-widget elementor-widget-image\" data-id=\"4f1b5024\" data-element_type=\"widget\" data-widget_type=\"image.default\">\n\t\t\t\t<div class=\"elementor-widget-container\">\n\t\t\t\t\t\t\t\t\t\t\t\t\t\t\t<img decoding=\"async\" width=\"2560\" height=\"1707\" src=\"https:\/\/aeridemontserrat.com\/wp-content\/uploads\/2026\/01\/miamoments-3-sensevinil-scaled.jpg\" class=\"attachment-full size-full wp-image-13228\" alt=\"cabina-aeri-de-montserrat\" srcset=\"https:\/\/aeridemontserrat.com\/wp-content\/uploads\/2026\/01\/miamoments-3-sensevinil-scaled.jpg 2560w, https:\/\/aeridemontserrat.com\/wp-content\/uploads\/2026\/01\/miamoments-3-sensevinil-300x200.jpg 300w, https:\/\/aeridemontserrat.com\/wp-content\/uploads\/2026\/01\/miamoments-3-sensevinil-1024x683.jpg 1024w, https:\/\/aeridemontserrat.com\/wp-content\/uploads\/2026\/01\/miamoments-3-sensevinil-768x512.jpg 768w, https:\/\/aeridemontserrat.com\/wp-content\/uploads\/2026\/01\/miamoments-3-sensevinil-1536x1024.jpg 1536w, https:\/\/aeridemontserrat.com\/wp-content\/uploads\/2026\/01\/miamoments-3-sensevinil-2048x1365.jpg 2048w, https:\/\/aeridemontserrat.com\/wp-content\/uploads\/2026\/01\/miamoments-3-sensevinil-700x467.jpg 700w\" sizes=\"(max-width: 2560px) 100vw, 2560px\" \/>\t\t\t\t\t\t\t\t\t\t\t\t\t\t\t<\/div>\n\t\t\t\t<\/div>\n\t\t\t\t\t<\/div>\n\t\t<\/div>\n\t\t\t\t<div class=\"elementor-column elementor-col-50 elementor-top-column elementor-element elementor-element-3a0fae56\" data-id=\"3a0fae56\" data-element_type=\"column\">\n\t\t\t<div class=\"elementor-widget-wrap elementor-element-populated\">\n\t\t\t\t\t\t<div class=\"elementor-element elementor-element-f8cce99 elementor-widget elementor-widget-heading\" data-id=\"f8cce99\" data-element_type=\"widget\" data-widget_type=\"heading.default\">\n\t\t\t\t<div class=\"elementor-widget-container\">\n\t\t\t\t\t<p class=\"elementor-heading-title elementor-size-default\"><b>2.<\/b> NUESTRA <span class=\"title-destacat\">VISI\u00d3N<\/span><\/p>\t\t\t\t<\/div>\n\t\t\t\t<\/div>\n\t\t\t\t<div class=\"elementor-element elementor-element-455d25e elementor-widget elementor-widget-text-editor\" data-id=\"455d25e\" data-element_type=\"widget\" data-widget_type=\"text-editor.default\">\n\t\t\t\t<div class=\"elementor-widget-container\">\n\t\t\t\t\t\t\t\t\tAspiramos a ser el principal eje de acceso a Montserrat, sostenible y respetuoso con el medio ambiente y las personas.\t\t\t\t\t\t\t\t<\/div>\n\t\t\t\t<\/div>\n\t\t\t\t\t<\/div>\n\t\t<\/div>\n\t\t\t\t\t<\/div>\n\t\t<\/section>\n\t\t\t\t<section class=\"elementor-section elementor-top-section elementor-element elementor-element-2f7c763 elementor-reverse-mobile missio-row elementor-section-boxed elementor-section-height-default elementor-section-height-default parallax_section_no qode_elementor_container_no\" data-id=\"2f7c763\" data-element_type=\"section\">\n\t\t\t\t\t\t<div class=\"elementor-container elementor-column-gap-default\">\n\t\t\t\t\t<div class=\"elementor-column elementor-col-50 elementor-top-column elementor-element elementor-element-cbe0509\" data-id=\"cbe0509\" data-element_type=\"column\">\n\t\t\t<div class=\"elementor-widget-wrap elementor-element-populated\">\n\t\t\t\t\t\t<div class=\"elementor-element elementor-element-169bd1e elementor-widget elementor-widget-heading\" data-id=\"169bd1e\" data-element_type=\"widget\" data-widget_type=\"heading.default\">\n\t\t\t\t<div class=\"elementor-widget-container\">\n\t\t\t\t\t<p class=\"elementor-heading-title elementor-size-default\"><b>3.<\/b> NUESTROS  <span class=\"title-destacat\">VALORES<\/span><\/p>\t\t\t\t<\/div>\n\t\t\t\t<\/div>\n\t\t\t\t<div class=\"elementor-element elementor-element-9382909 elementor-widget elementor-widget-text-editor\" data-id=\"9382909\" data-element_type=\"widget\" data-widget_type=\"text-editor.default\">\n\t\t\t\t<div class=\"elementor-widget-container\">\n\t\t\t\t\t\t\t\t\t<p><strong>PRUDENCIA<\/strong> &#8211; Entender una situaci\u00f3n, previendo las consecuencias, eligiendo con sensatez la decisi\u00f3n adecuada en el tiempo y la forma.<\/p><p>\u00a0<\/p><p><strong>RESPETO<\/strong>&#8211; Tener cuidado con las formas en el trato hacia las personas y las instituciones.<\/p><p>\u00a0<\/p><p><strong>HUMILDAD<\/strong>&#8211; Reconocer los propios defectos y errores. Saber estar junto a las personas desde la empat\u00eda, para ayudarlas.<\/p><p>\u00a0<\/p><p><strong>GENEROSIDAD<\/strong>&#8211; Poner el beneficio de los dem\u00e1s por delante del nuestro, con tolerancia, comprensi\u00f3n y empat\u00eda.<\/p><p>\u00a0<\/p><p><strong>AUSTERIDAD<\/strong>&#8211; Huir del consumismo y el gasto superfluo. Crear valor desde la optimizaci\u00f3n de los recursos de manera equilibrada.<\/p><p>\u00a0<\/p><p><strong>LEALTAD<\/strong>&#8211; Compromiso con la empresa y la instituci\u00f3n de Montserrat.<\/p>\t\t\t\t\t\t\t\t<\/div>\n\t\t\t\t<\/div>\n\t\t\t\t\t<\/div>\n\t\t<\/div>\n\t\t\t\t<div class=\"elementor-column elementor-col-50 elementor-top-column elementor-element elementor-element-679d9fc\" data-id=\"679d9fc\" data-element_type=\"column\">\n\t\t\t<div class=\"elementor-widget-wrap elementor-element-populated\">\n\t\t\t\t\t\t<div class=\"elementor-element elementor-element-d885765 elementor-widget elementor-widget-image\" data-id=\"d885765\" data-element_type=\"widget\" data-widget_type=\"image.default\">\n\t\t\t\t<div class=\"elementor-widget-container\">\n\t\t\t\t\t\t\t\t\t\t\t\t\t\t\t<img decoding=\"async\" width=\"539\" height=\"303\" src=\"https:\/\/aeridemontserrat.com\/wp-content\/uploads\/2026\/01\/miamoments-140-539x303.jpg\" class=\"attachment-latest_post_boxes size-latest_post_boxes wp-image-13222\" alt=\"acces-aeri-de-montserrat\" \/>\t\t\t\t\t\t\t\t\t\t\t\t\t\t\t<\/div>\n\t\t\t\t<\/div>\n\t\t\t\t\t<\/div>\n\t\t<\/div>\n\t\t\t\t\t<\/div>\n\t\t<\/section>\n\t\t\t\t<\/div>\n\t\t","protected":false},"excerpt":{"rendered":"<p>NUESTRA MISI\u00d3N, VISI\u00d3N Y VALORES est\u00e1n presentes en todo lo que hacemos y nos definen como organizaci\u00f3n. Explican el c\u00f3mo y el por qu\u00e9 de nuestro trabajo. 1. NUESTRA MISI\u00d3N Ofrecer un servicio de transporte excelente y una experiencia \u00fanica a los visitantes de Montserrat,&#8230;<\/p>\n","protected":false},"author":1,"featured_media":0,"parent":0,"menu_order":0,"comment_status":"closed","ping_status":"closed","template":"full_width.php","meta":{"footnotes":""},"class_list":["post-3499","page","type-page","status-publish","hentry"],"_links":{"self":[{"href":"https:\/\/aeridemontserrat.com\/es\/wp-json\/wp\/v2\/pages\/3499","targetHints":{"allow":["GET"]}}],"collection":[{"href":"https:\/\/aeridemontserrat.com\/es\/wp-json\/wp\/v2\/pages"}],"about":[{"href":"https:\/\/aeridemontserrat.com\/es\/wp-json\/wp\/v2\/types\/page"}],"author":[{"embeddable":true,"href":"https:\/\/aeridemontserrat.com\/es\/wp-json\/wp\/v2\/users\/1"}],"replies":[{"embeddable":true,"href":"https:\/\/aeridemontserrat.com\/es\/wp-json\/wp\/v2\/comments?post=3499"}],"version-history":[{"count":16,"href":"https:\/\/aeridemontserrat.com\/es\/wp-json\/wp\/v2\/pages\/3499\/revisions"}],"predecessor-version":[{"id":13267,"href":"https:\/\/aeridemontserrat.com\/es\/wp-json\/wp\/v2\/pages\/3499\/revisions\/13267"}],"wp:attachment":[{"href":"https:\/\/aeridemontserrat.com\/es\/wp-json\/wp\/v2\/media?parent=3499"}],"curies":[{"name":"wp","href":"https:\/\/api.w.org\/{rel}","templated":true}]}}