{"id":5851,"date":"2024-09-30T15:40:28","date_gmt":"2024-09-30T13:40:28","guid":{"rendered":"https:\/\/aeridemontserrat.com\/?page_id=5851"},"modified":"2024-09-30T15:40:28","modified_gmt":"2024-09-30T13:40:28","slug":"milenario-de-montserrat","status":"publish","type":"page","link":"https:\/\/aeridemontserrat.com\/es\/milenario-de-montserrat\/","title":{"rendered":"MILENARIO DE MONTSERRAT"},"content":{"rendered":"\t\t<div data-elementor-type=\"wp-page\" data-elementor-id=\"5851\" class=\"elementor elementor-5851\">\n\t\t\t\t\t\t<section class=\"elementor-section elementor-top-section elementor-element elementor-element-844d525 elementor-section-boxed elementor-section-height-default elementor-section-height-default parallax_section_no qode_elementor_container_no\" data-id=\"844d525\" data-element_type=\"section\">\n\t\t\t\t\t\t<div class=\"elementor-container elementor-column-gap-default\">\n\t\t\t\t\t<div class=\"elementor-column elementor-col-100 elementor-top-column elementor-element elementor-element-2ebd277\" data-id=\"2ebd277\" data-element_type=\"column\">\n\t\t\t<div class=\"elementor-widget-wrap\">\n\t\t\t\t\t\t\t<\/div>\n\t\t<\/div>\n\t\t\t\t\t<\/div>\n\t\t<\/section>\n\t\t\t\t<section class=\"elementor-section elementor-top-section elementor-element elementor-element-16d130d elementor-reverse-mobile elementor-section-boxed elementor-section-height-default elementor-section-height-default parallax_section_no qode_elementor_container_no\" data-id=\"16d130d\" data-element_type=\"section\">\n\t\t\t\t\t\t<div class=\"elementor-container elementor-column-gap-default\">\n\t\t\t\t\t<div class=\"elementor-column elementor-col-50 elementor-top-column elementor-element elementor-element-13809ef\" data-id=\"13809ef\" data-element_type=\"column\">\n\t\t\t<div class=\"elementor-widget-wrap elementor-element-populated\">\n\t\t\t\t\t\t<div class=\"elementor-element elementor-element-e4c8132 elementor-widget elementor-widget-heading\" data-id=\"e4c8132\" data-element_type=\"widget\" data-widget_type=\"heading.default\">\n\t\t\t\t<div class=\"elementor-widget-container\">\n\t\t\t\t\t<p class=\"elementor-heading-title elementor-size-default\">1000 A\u00d1OS DE HISTORIA<\/p>\t\t\t\t<\/div>\n\t\t\t\t<\/div>\n\t\t\t\t<div class=\"elementor-element elementor-element-abcde6b elementor-widget elementor-widget-text-editor\" data-id=\"abcde6b\" data-element_type=\"widget\" data-widget_type=\"text-editor.default\">\n\t\t\t\t<div class=\"elementor-widget-container\">\n\t\t\t\t\t\t\t\t\t<p>Montserrat celebra los <b>mil a\u00f1os de historia de la Abad\u00eda, <\/b>c<span style=\"letter-spacing: 0.7px;\">uando en el 1025 el Abad Oliba, abad de Ripoll y obispo de Vic, envi\u00f3 un grupo de monjes a constituir una peque\u00f1a comunidad en la monta\u00f1a de Montserrat.<\/span><\/p><p><span style=\"letter-spacing: 0.7px;\">\u00a0<\/span><\/p><p>Este a\u00f1o marca un hito trascendental para el Monasterio de Montserrat: el inicio de la celebraci\u00f3n de su Milenario.\u00a0<\/p><p>Durante un milenio ha sido y contin\u00faa siendo un referente espiritual y cultural, atrayendo a peregrinos y visitantes de todo el mundo.<\/p><p data-sourcepos=\"11:1-11:330\">A lo largo de estos mil a\u00f1os, Montserrat ha sido testigo de grandes acontecimientos hist\u00f3ricos y ha desempe\u00f1ado un papel fundamental en la vida religiosa y cultural de Catalu\u00f1a, convirti\u00e9ndose en un lugar de peregrinaci\u00f3n y devoci\u00f3n mundialmente reconocido.<\/p>\t\t\t\t\t\t\t\t<\/div>\n\t\t\t\t<\/div>\n\t\t\t\t\t<\/div>\n\t\t<\/div>\n\t\t\t\t<div class=\"elementor-column elementor-col-50 elementor-top-column elementor-element elementor-element-09a8dd5\" data-id=\"09a8dd5\" data-element_type=\"column\">\n\t\t\t<div class=\"elementor-widget-wrap elementor-element-populated\">\n\t\t\t\t\t\t<div class=\"elementor-element elementor-element-30d5d65 elementor-widget elementor-widget-spacer\" data-id=\"30d5d65\" data-element_type=\"widget\" data-widget_type=\"spacer.default\">\n\t\t\t\t<div class=\"elementor-widget-container\">\n\t\t\t\t\t\t\t<div class=\"elementor-spacer\">\n\t\t\t<div class=\"elementor-spacer-inner\"><\/div>\n\t\t<\/div>\n\t\t\t\t\t\t<\/div>\n\t\t\t\t<\/div>\n\t\t\t\t<div class=\"elementor-element elementor-element-61df7af elementor-widget elementor-widget-image\" data-id=\"61df7af\" data-element_type=\"widget\" data-widget_type=\"image.default\">\n\t\t\t\t<div class=\"elementor-widget-container\">\n\t\t\t\t\t\t\t\t\t\t\t\t\t\t\t<img fetchpriority=\"high\" decoding=\"async\" width=\"2446\" height=\"1379\" src=\"https:\/\/aeridemontserrat.com\/wp-content\/uploads\/2024\/09\/MILmtsH_.jpg\" class=\"attachment-full size-full wp-image-5902\" alt=\"\" srcset=\"https:\/\/aeridemontserrat.com\/wp-content\/uploads\/2024\/09\/MILmtsH_.jpg 2446w, https:\/\/aeridemontserrat.com\/wp-content\/uploads\/2024\/09\/MILmtsH_-300x169.jpg 300w, https:\/\/aeridemontserrat.com\/wp-content\/uploads\/2024\/09\/MILmtsH_-1024x577.jpg 1024w, https:\/\/aeridemontserrat.com\/wp-content\/uploads\/2024\/09\/MILmtsH_-768x433.jpg 768w, https:\/\/aeridemontserrat.com\/wp-content\/uploads\/2024\/09\/MILmtsH_-1536x866.jpg 1536w, https:\/\/aeridemontserrat.com\/wp-content\/uploads\/2024\/09\/MILmtsH_-2048x1155.jpg 2048w, https:\/\/aeridemontserrat.com\/wp-content\/uploads\/2024\/09\/MILmtsH_-700x395.jpg 700w, https:\/\/aeridemontserrat.com\/wp-content\/uploads\/2024\/09\/MILmtsH_-539x303.jpg 539w\" sizes=\"(max-width: 2446px) 100vw, 2446px\" \/>\t\t\t\t\t\t\t\t\t\t\t\t\t\t\t<\/div>\n\t\t\t\t<\/div>\n\t\t\t\t\t<\/div>\n\t\t<\/div>\n\t\t\t\t\t<\/div>\n\t\t<\/section>\n\t\t\t\t<section class=\"elementor-section elementor-top-section elementor-element elementor-element-726bb29 elementor-section-boxed elementor-section-height-default elementor-section-height-default parallax_section_no qode_elementor_container_no\" data-id=\"726bb29\" data-element_type=\"section\">\n\t\t\t\t\t\t<div class=\"elementor-container elementor-column-gap-default\">\n\t\t\t\t\t<div class=\"elementor-column elementor-col-50 elementor-top-column elementor-element elementor-element-27952f4\" data-id=\"27952f4\" data-element_type=\"column\">\n\t\t\t<div class=\"elementor-widget-wrap elementor-element-populated\">\n\t\t\t\t\t\t<div class=\"elementor-element elementor-element-81f1015 elementor-widget elementor-widget-image\" data-id=\"81f1015\" data-element_type=\"widget\" data-widget_type=\"image.default\">\n\t\t\t\t<div class=\"elementor-widget-container\">\n\t\t\t\t\t\t\t\t\t\t\t\t\t\t\t<img decoding=\"async\" width=\"1280\" height=\"853\" src=\"https:\/\/aeridemontserrat.com\/wp-content\/uploads\/2024\/09\/5998810745816597970.jpg\" class=\"attachment-full size-full wp-image-5888\" alt=\"\" srcset=\"https:\/\/aeridemontserrat.com\/wp-content\/uploads\/2024\/09\/5998810745816597970.jpg 1280w, https:\/\/aeridemontserrat.com\/wp-content\/uploads\/2024\/09\/5998810745816597970-300x200.jpg 300w, https:\/\/aeridemontserrat.com\/wp-content\/uploads\/2024\/09\/5998810745816597970-1024x682.jpg 1024w, https:\/\/aeridemontserrat.com\/wp-content\/uploads\/2024\/09\/5998810745816597970-768x512.jpg 768w, https:\/\/aeridemontserrat.com\/wp-content\/uploads\/2024\/09\/5998810745816597970-700x466.jpg 700w\" sizes=\"(max-width: 1280px) 100vw, 1280px\" \/>\t\t\t\t\t\t\t\t\t\t\t\t\t\t\t<\/div>\n\t\t\t\t<\/div>\n\t\t\t\t\t<\/div>\n\t\t<\/div>\n\t\t\t\t<div class=\"elementor-column elementor-col-50 elementor-top-column elementor-element elementor-element-6a04a11\" data-id=\"6a04a11\" data-element_type=\"column\">\n\t\t\t<div class=\"elementor-widget-wrap elementor-element-populated\">\n\t\t\t\t\t\t<div class=\"elementor-element elementor-element-8e2ddd0 elementor-widget elementor-widget-image\" data-id=\"8e2ddd0\" data-element_type=\"widget\" data-widget_type=\"image.default\">\n\t\t\t\t<div class=\"elementor-widget-container\">\n\t\t\t\t\t\t\t\t\t\t\t\t\t\t\t<img decoding=\"async\" width=\"1280\" height=\"853\" src=\"https:\/\/aeridemontserrat.com\/wp-content\/uploads\/2024\/09\/5998810745816597972.jpg\" class=\"attachment-full size-full wp-image-5892\" alt=\"\" srcset=\"https:\/\/aeridemontserrat.com\/wp-content\/uploads\/2024\/09\/5998810745816597972.jpg 1280w, https:\/\/aeridemontserrat.com\/wp-content\/uploads\/2024\/09\/5998810745816597972-300x200.jpg 300w, https:\/\/aeridemontserrat.com\/wp-content\/uploads\/2024\/09\/5998810745816597972-1024x682.jpg 1024w, https:\/\/aeridemontserrat.com\/wp-content\/uploads\/2024\/09\/5998810745816597972-768x512.jpg 768w, https:\/\/aeridemontserrat.com\/wp-content\/uploads\/2024\/09\/5998810745816597972-700x466.jpg 700w\" sizes=\"(max-width: 1280px) 100vw, 1280px\" \/>\t\t\t\t\t\t\t\t\t\t\t\t\t\t\t<\/div>\n\t\t\t\t<\/div>\n\t\t\t\t\t<\/div>\n\t\t<\/div>\n\t\t\t\t\t<\/div>\n\t\t<\/section>\n\t\t\t\t<section class=\"elementor-section elementor-top-section elementor-element elementor-element-40c9c02 elementor-reverse-mobile elementor-section-boxed elementor-section-height-default elementor-section-height-default parallax_section_no qode_elementor_container_no\" data-id=\"40c9c02\" data-element_type=\"section\">\n\t\t\t\t\t\t<div class=\"elementor-container elementor-column-gap-default\">\n\t\t\t\t\t<div class=\"elementor-column elementor-col-50 elementor-top-column elementor-element elementor-element-905f35c\" data-id=\"905f35c\" data-element_type=\"column\">\n\t\t\t<div class=\"elementor-widget-wrap elementor-element-populated\">\n\t\t\t\t\t\t<div class=\"elementor-element elementor-element-4159610 elementor-widget elementor-widget-image\" data-id=\"4159610\" data-element_type=\"widget\" data-widget_type=\"image.default\">\n\t\t\t\t<div class=\"elementor-widget-container\">\n\t\t\t\t\t\t\t\t\t\t\t\t\t\t\t<img loading=\"lazy\" decoding=\"async\" width=\"2560\" height=\"1707\" src=\"https:\/\/aeridemontserrat.com\/wp-content\/uploads\/2024\/09\/Millenari-Montserrat_1-2-5-scaled.jpg\" class=\"attachment-full size-full wp-image-5906\" alt=\"\" srcset=\"https:\/\/aeridemontserrat.com\/wp-content\/uploads\/2024\/09\/Millenari-Montserrat_1-2-5-scaled.jpg 2560w, https:\/\/aeridemontserrat.com\/wp-content\/uploads\/2024\/09\/Millenari-Montserrat_1-2-5-300x200.jpg 300w, https:\/\/aeridemontserrat.com\/wp-content\/uploads\/2024\/09\/Millenari-Montserrat_1-2-5-1024x683.jpg 1024w, https:\/\/aeridemontserrat.com\/wp-content\/uploads\/2024\/09\/Millenari-Montserrat_1-2-5-768x512.jpg 768w, https:\/\/aeridemontserrat.com\/wp-content\/uploads\/2024\/09\/Millenari-Montserrat_1-2-5-1536x1024.jpg 1536w, https:\/\/aeridemontserrat.com\/wp-content\/uploads\/2024\/09\/Millenari-Montserrat_1-2-5-2048x1365.jpg 2048w, https:\/\/aeridemontserrat.com\/wp-content\/uploads\/2024\/09\/Millenari-Montserrat_1-2-5-700x467.jpg 700w\" sizes=\"(max-width: 2560px) 100vw, 2560px\" \/>\t\t\t\t\t\t\t\t\t\t\t\t\t\t\t<\/div>\n\t\t\t\t<\/div>\n\t\t\t\t\t<\/div>\n\t\t<\/div>\n\t\t\t\t<div class=\"elementor-column elementor-col-50 elementor-top-column elementor-element elementor-element-d8e98ce\" data-id=\"d8e98ce\" data-element_type=\"column\">\n\t\t\t<div class=\"elementor-widget-wrap elementor-element-populated\">\n\t\t\t\t\t\t<div class=\"elementor-element elementor-element-54974b6 elementor-widget elementor-widget-heading\" data-id=\"54974b6\" data-element_type=\"widget\" data-widget_type=\"heading.default\">\n\t\t\t\t<div class=\"elementor-widget-container\">\n\t\t\t\t\t<p class=\"elementor-heading-title elementor-size-default\">1025 - 2025<\/p>\t\t\t\t<\/div>\n\t\t\t\t<\/div>\n\t\t\t\t<div class=\"elementor-element elementor-element-f4645af elementor-widget elementor-widget-text-editor\" data-id=\"f4645af\" data-element_type=\"widget\" data-widget_type=\"text-editor.default\">\n\t\t\t\t<div class=\"elementor-widget-container\">\n\t\t\t\t\t\t\t\t\t<p>El 7 de septiembre se inici\u00f3 oficialmente esta festividad que conmemora los 1000 a\u00f1os de historia. Y durante los pr\u00f3ximos 15 meses de celebraciones del Milenario, bajo el lema\u00a0<i>Ora, Lege, Labora, Rege te ipsum, In Communitate<\/i> (Reza, lee, trabaja, r\u00edgete a ti mismo, en comunidad), tendr\u00e1 lugar m\u00e1s de 1.000 actividades abiertas a toda la sociedad, que se agrupan en cuatro grandes bloques: <strong>religioso, cultural, participativo y social.<\/strong><\/p>\t\t\t\t\t\t\t\t<\/div>\n\t\t\t\t<\/div>\n\t\t\t\t\t<\/div>\n\t\t<\/div>\n\t\t\t\t\t<\/div>\n\t\t<\/section>\n\t\t\t\t<section class=\"elementor-section elementor-top-section elementor-element elementor-element-35f71a8 elementor-reverse-mobile elementor-section-boxed elementor-section-height-default elementor-section-height-default parallax_section_no qode_elementor_container_no\" data-id=\"35f71a8\" data-element_type=\"section\">\n\t\t\t\t\t\t<div class=\"elementor-container elementor-column-gap-default\">\n\t\t\t\t\t<div class=\"elementor-column elementor-col-50 elementor-top-column elementor-element elementor-element-ded4b4d\" data-id=\"ded4b4d\" data-element_type=\"column\" data-settings=\"{&quot;background_background&quot;:&quot;classic&quot;}\">\n\t\t\t<div class=\"elementor-widget-wrap elementor-element-populated\">\n\t\t\t\t\t\t<div class=\"elementor-element elementor-element-3add31d elementor-widget elementor-widget-image\" data-id=\"3add31d\" data-element_type=\"widget\" data-widget_type=\"image.default\">\n\t\t\t\t<div class=\"elementor-widget-container\">\n\t\t\t\t\t\t\t\t\t\t\t\t\t\t\t<img loading=\"lazy\" decoding=\"async\" width=\"1080\" height=\"1080\" src=\"https:\/\/aeridemontserrat.com\/wp-content\/uploads\/2024\/09\/escolania-montserrat.jpg\" class=\"attachment-full size-full wp-image-5910\" alt=\"\" srcset=\"https:\/\/aeridemontserrat.com\/wp-content\/uploads\/2024\/09\/escolania-montserrat.jpg 1080w, https:\/\/aeridemontserrat.com\/wp-content\/uploads\/2024\/09\/escolania-montserrat-300x300.jpg 300w, https:\/\/aeridemontserrat.com\/wp-content\/uploads\/2024\/09\/escolania-montserrat-1024x1024.jpg 1024w, https:\/\/aeridemontserrat.com\/wp-content\/uploads\/2024\/09\/escolania-montserrat-150x150.jpg 150w, https:\/\/aeridemontserrat.com\/wp-content\/uploads\/2024\/09\/escolania-montserrat-768x768.jpg 768w, https:\/\/aeridemontserrat.com\/wp-content\/uploads\/2024\/09\/escolania-montserrat-570x570.jpg 570w, https:\/\/aeridemontserrat.com\/wp-content\/uploads\/2024\/09\/escolania-montserrat-500x500.jpg 500w, https:\/\/aeridemontserrat.com\/wp-content\/uploads\/2024\/09\/escolania-montserrat-1000x1000.jpg 1000w, https:\/\/aeridemontserrat.com\/wp-content\/uploads\/2024\/09\/escolania-montserrat-700x700.jpg 700w\" sizes=\"(max-width: 1080px) 100vw, 1080px\" \/>\t\t\t\t\t\t\t\t\t\t\t\t\t\t\t<\/div>\n\t\t\t\t<\/div>\n\t\t\t\t\t<\/div>\n\t\t<\/div>\n\t\t\t\t<div class=\"elementor-column elementor-col-50 elementor-top-column elementor-element elementor-element-b46b88d\" data-id=\"b46b88d\" data-element_type=\"column\" data-settings=\"{&quot;background_background&quot;:&quot;classic&quot;}\">\n\t\t\t<div class=\"elementor-widget-wrap elementor-element-populated\">\n\t\t\t\t\t\t<div class=\"elementor-element elementor-element-69ab0bb elementor-widget elementor-widget-heading\" data-id=\"69ab0bb\" data-element_type=\"widget\" data-widget_type=\"heading.default\">\n\t\t\t\t<div class=\"elementor-widget-container\">\n\t\t\t\t\t<p class=\"elementor-heading-title elementor-size-default\">MILENARIO DE MONTSERRAT<\/p>\t\t\t\t<\/div>\n\t\t\t\t<\/div>\n\t\t\t\t<div class=\"elementor-element elementor-element-3d75e3c elementor-widget elementor-widget-text-editor\" data-id=\"3d75e3c\" data-element_type=\"widget\" data-widget_type=\"text-editor.default\">\n\t\t\t\t<div class=\"elementor-widget-container\">\n\t\t\t\t\t\t\t\t\t<h5>Visita su p\u00e1gina web para conocer todas las novedades<\/h5>\t\t\t\t\t\t\t\t<\/div>\n\t\t\t\t<\/div>\n\t\t\t\t<div class=\"elementor-element elementor-element-198dc39 elementor-mobile-align-center elementor-align-center elementor-widget elementor-widget-button\" data-id=\"198dc39\" data-element_type=\"widget\" data-widget_type=\"button.default\">\n\t\t\t\t<div class=\"elementor-widget-container\">\n\t\t\t\t\t\t\t\t\t<div class=\"elementor-button-wrapper\">\n\t\t\t\t\t<a class=\"elementor-button elementor-button-link elementor-size-lg\" href=\"https:\/\/www.millenarimontserrat.cat\/\">\n\t\t\t\t\t\t<span class=\"elementor-button-content-wrapper\">\n\t\t\t\t\t\t\t\t\t<span class=\"elementor-button-text\">WEB MILENARIO DE mONTSERRAT<\/span>\n\t\t\t\t\t<\/span>\n\t\t\t\t\t<\/a>\n\t\t\t\t<\/div>\n\t\t\t\t\t\t\t\t<\/div>\n\t\t\t\t<\/div>\n\t\t\t\t\t<\/div>\n\t\t<\/div>\n\t\t\t\t\t<\/div>\n\t\t<\/section>\n\t\t\t\t<section class=\"elementor-section elementor-top-section elementor-element elementor-element-382ea1c elementor-section-full_width elementor-section-height-default elementor-section-height-default parallax_section_no qode_elementor_container_no\" data-id=\"382ea1c\" data-element_type=\"section\">\n\t\t\t\t\t\t<div class=\"elementor-container elementor-column-gap-default\">\n\t\t\t\t\t<div class=\"elementor-column elementor-col-100 elementor-top-column elementor-element elementor-element-4f14558\" data-id=\"4f14558\" data-element_type=\"column\">\n\t\t\t<div class=\"elementor-widget-wrap elementor-element-populated\">\n\t\t\t\t\t\t<div class=\"elementor-element elementor-element-ad598da elementor-widget elementor-widget-text-editor\" data-id=\"ad598da\" data-element_type=\"widget\" data-widget_type=\"text-editor.default\">\n\t\t\t\t<div class=\"elementor-widget-container\">\n\t\t\t\t\t\t\t\t\t<p>Tambi\u00e9n puedes consultar este enlace para estar al d\u00eda de todas las actividas programdas:\u00a0<\/p>\t\t\t\t\t\t\t\t<\/div>\n\t\t\t\t<\/div>\n\t\t\t\t<div class=\"elementor-element elementor-element-745cfca elementor-align-center montserrat-button elementor-widget elementor-widget-button\" data-id=\"745cfca\" data-element_type=\"widget\" data-widget_type=\"button.default\">\n\t\t\t\t<div class=\"elementor-widget-container\">\n\t\t\t\t\t\t\t\t\t<div class=\"elementor-button-wrapper\">\n\t\t\t\t\t<a class=\"elementor-button elementor-button-link elementor-size-lg\" href=\"https:\/\/www.millenarimontserrat.cat\/agenda\/\" target=\"_blank\">\n\t\t\t\t\t\t<span class=\"elementor-button-content-wrapper\">\n\t\t\t\t\t\t\t\t\t<span class=\"elementor-button-text\"><b>AGENDA MILENARIO<b><\/span>\n\t\t\t\t\t<\/span>\n\t\t\t\t\t<\/a>\n\t\t\t\t<\/div>\n\t\t\t\t\t\t\t\t<\/div>\n\t\t\t\t<\/div>\n\t\t\t\t\t<\/div>\n\t\t<\/div>\n\t\t\t\t\t<\/div>\n\t\t<\/section>\n\t\t\t\t<\/div>\n\t\t","protected":false},"excerpt":{"rendered":"<p>1000 A\u00d1OS DE HISTORIA Montserrat celebra los mil a\u00f1os de historia de la Abad\u00eda, cuando en el 1025 el Abad Oliba, abad de Ripoll y obispo de Vic, envi\u00f3 un grupo de monjes a constituir una peque\u00f1a comunidad en la monta\u00f1a de Montserrat. \u00a0 Este&#8230;<\/p>\n","protected":false},"author":4,"featured_media":0,"parent":0,"menu_order":0,"comment_status":"closed","ping_status":"closed","template":"full_width.php","meta":{"footnotes":""},"class_list":["post-5851","page","type-page","status-publish","hentry"],"_links":{"self":[{"href":"https:\/\/aeridemontserrat.com\/es\/wp-json\/wp\/v2\/pages\/5851","targetHints":{"allow":["GET"]}}],"collection":[{"href":"https:\/\/aeridemontserrat.com\/es\/wp-json\/wp\/v2\/pages"}],"about":[{"href":"https:\/\/aeridemontserrat.com\/es\/wp-json\/wp\/v2\/types\/page"}],"author":[{"embeddable":true,"href":"https:\/\/aeridemontserrat.com\/es\/wp-json\/wp\/v2\/users\/4"}],"replies":[{"embeddable":true,"href":"https:\/\/aeridemontserrat.com\/es\/wp-json\/wp\/v2\/comments?post=5851"}],"version-history":[{"count":45,"href":"https:\/\/aeridemontserrat.com\/es\/wp-json\/wp\/v2\/pages\/5851\/revisions"}],"predecessor-version":[{"id":13908,"href":"https:\/\/aeridemontserrat.com\/es\/wp-json\/wp\/v2\/pages\/5851\/revisions\/13908"}],"wp:attachment":[{"href":"https:\/\/aeridemontserrat.com\/es\/wp-json\/wp\/v2\/media?parent=5851"}],"curies":[{"name":"wp","href":"https:\/\/api.w.org\/{rel}","templated":true}]}}