{"id":14391,"date":"2026-05-15T11:44:46","date_gmt":"2026-05-15T09:44:46","guid":{"rendered":"https:\/\/aeridemontserrat.com\/?page_id=14391"},"modified":"2026-05-15T11:44:46","modified_gmt":"2026-05-15T09:44:46","slug":"politique-de-confidentialite-sur-les-resaux-sociaux","status":"publish","type":"page","link":"https:\/\/aeridemontserrat.com\/fr\/politique-de-confidentialite-sur-les-resaux-sociaux\/","title":{"rendered":"Politique de confidentialit\u00e9 sur les r\u00e9saux sociaux"},"content":{"rendered":"\t\t<div data-elementor-type=\"wp-page\" data-elementor-id=\"14391\" class=\"elementor elementor-14391 elementor-14388\">\n\t\t\t\t\t\t<section class=\"elementor-section elementor-top-section elementor-element elementor-element-2fcd8e9 elementor-reverse-mobile elementor-section-boxed elementor-section-height-default elementor-section-height-default parallax_section_no qode_elementor_container_no\" data-id=\"2fcd8e9\" data-element_type=\"section\">\n\t\t\t\t\t\t<div class=\"elementor-container elementor-column-gap-default\">\n\t\t\t\t\t<div class=\"elementor-column elementor-col-100 elementor-top-column elementor-element elementor-element-6e76064\" data-id=\"6e76064\" data-element_type=\"column\">\n\t\t\t<div class=\"elementor-widget-wrap elementor-element-populated\">\n\t\t\t\t\t\t<div class=\"elementor-element elementor-element-38da9af elementor-widget elementor-widget-text-editor\" data-id=\"38da9af\" data-element_type=\"widget\" data-widget_type=\"text-editor.default\">\n\t\t\t\t<div class=\"elementor-widget-container\">\n\t\t\t\t\t\t\t\t\t<p><strong style=\"font-size: 18px;\">Politique de confidentialit\u00e9 sur les r\u00e9saux sociaux<\/strong><\/p><p data-start=\"99\" data-end=\"541\">Conform\u00e9ment \u00e0 la r\u00e9glementation en vigueur applicable en mati\u00e8re de protection des donn\u00e9es \u00e0 caract\u00e8re personnel et \u00e0 la Loi 34\/2002 du 11 juillet relative aux services de la soci\u00e9t\u00e9 de l\u2019information et au commerce \u00e9lectronique (LSSI-CE), FUNICULAR AERI DE MONTSERRAT SA informe les utilisateurs qu\u2019elle a cr\u00e9\u00e9 des profils sur les r\u00e9seaux sociaux Facebook, X et Instagram dans le but principal de promouvoir ses produits et services.<\/p><p data-start=\"99\" data-end=\"541\">\u00a0<\/p><p data-start=\"436\" data-end=\"643\">Donn\u00e9es de FUNICULAR AERI DE MONTSERRAT SA:<br data-start=\"484\" data-end=\"487\" \/>NIF: A08019945<br data-start=\"502\" data-end=\"505\" \/>ADRESSE: CTRA C-55 KM 11,5 TELEF\u00c9RICO MONTSERRAT, 08691 MONISTROL DE MONTSERRAT (BARCELONE), ESPAGNE<br data-start=\"606\" data-end=\"609\" \/>E-MAIL: <a class=\"decorated-link cursor-pointer\" rel=\"noopener\" data-start=\"618\" data-end=\"643\">INFO@AERIDEMONTSERRAT.COM<\/a><\/p><p data-start=\"436\" data-end=\"643\">\u00a0<\/p><p data-start=\"645\" data-end=\"983\">L\u2019utilisateur dispose d\u2019un profil sur le m\u00eame r\u00e9seau social et a d\u00e9cid\u00e9 de rejoindre la page cr\u00e9\u00e9e par FUNICULAR AERI DE MONTSERRAT SA, manifestant ainsi son int\u00e9r\u00eat pour les informations publi\u00e9es sur le r\u00e9seau. En rejoignant notre page, l\u2019utilisateur donne son consentement au traitement des donn\u00e9es personnelles publi\u00e9es sur son profil.<\/p><p data-start=\"985\" data-end=\"1161\">L\u2019utilisateur peut consulter \u00e0 tout moment les politiques de confidentialit\u00e9 du r\u00e9seau social concern\u00e9 et configurer son profil afin de garantir la protection de sa vie priv\u00e9e.<\/p><p data-start=\"1163\" data-end=\"1426\">FUNICULAR AERI DE MONTSERRAT SA a acc\u00e8s aux informations publiques de l\u2019utilisateur et les traite, notamment son nom de contact. Ces donn\u00e9es sont uniquement utilis\u00e9es au sein du r\u00e9seau social lui-m\u00eame et ne sont int\u00e9gr\u00e9es \u00e0 aucun syst\u00e8me de traitement de donn\u00e9es.<\/p><p data-start=\"1163\" data-end=\"1426\">\u00a0<\/p><p data-start=\"1485\" data-end=\"1839\"><strong>DROITS DES PERSONNES CONCERN\u00c9ES:\u00a0<\/strong><br \/>Concernant les droits d\u2019acc\u00e8s, de rectification, de limitation du traitement, d\u2019effacement, de portabilit\u00e9 et d\u2019opposition au traitement des donn\u00e9es personnelles, que les utilisateurs peuvent exercer aupr\u00e8s de FUNICULAR AERI DE MONTSERRAT SA conform\u00e9ment au RGPD, il convient de tenir compte des \u00e9l\u00e9ments suivants:<\/p><p data-start=\"1841\" data-end=\"2060\"><strong>\u2022 Droit d\u2019acc\u00e8s:<\/strong> droit de l\u2019utilisateur d\u2019obtenir des informations sur ses donn\u00e9es personnelles sp\u00e9cifiques et sur le traitement effectu\u00e9 ou \u00e0 effectuer, ainsi que sur l\u2019origine des donn\u00e9es et les communications r\u00e9alis\u00e9es ou pr\u00e9vues.<\/p><p data-start=\"2062\" data-end=\"2424\"><strong>\u2022 Droit de rectification<\/strong>: droit de la personne concern\u00e9e de faire corriger les donn\u00e9es inexactes ou incompl\u00e8tes. Ce droit ne pourra \u00eatre exerc\u00e9 que concernant les informations sous le contr\u00f4le de FUNICULAR AERI DE MONTSERRAT SA, par exemple la suppression de commentaires publi\u00e9s sur la page, d\u2019images ou de contenus web contenant des donn\u00e9es personnelles de l\u2019utilisateur.<\/p><p data-start=\"2426\" data-end=\"2565\"><strong>\u2022 Droit \u00e0 la limitation du traitement:<\/strong> droit de limiter les finalit\u00e9s du traitement initialement pr\u00e9vues par le responsable du traitement.<\/p><p data-start=\"2567\" data-end=\"2741\"><strong>\u2022 Droit \u00e0 l\u2019effacement:<\/strong> droit de supprimer les donn\u00e9es personnelles de l\u2019utilisateur, sauf dans les cas pr\u00e9vus par le RGPD ou d\u2019autres r\u00e9glementations applicables imposant leur conservation.<\/p><p data-start=\"2743\" data-end=\"2950\"><strong>\u2022 Droit \u00e0 la portabilit\u00e9:<\/strong> droit de recevoir les donn\u00e9es personnelles fournies par l\u2019utilisateur dans un format structur\u00e9, couramment utilis\u00e9 et lisible par machine, et de les transmettre \u00e0 un autre responsable du traitement.<\/p><p data-start=\"2952\" data-end=\"3063\"><strong>\u2022\u00a0 Droit d\u2019opposition: <\/strong>droit de l\u2019utilisateur de s\u2019opposer au traitement de ses donn\u00e9es personnelles ou d\u2019en demander la cessation par FUNICULAR AERI DE MONTSERRAT SA.<\/p><p data-start=\"2952\" data-end=\"3063\">\u00a0<\/p><p data-start=\"3065\" data-end=\"3130\"><strong>FUNICULAR AERI DE MONTSERRAT SA r\u00e9alisera les actions suivantes:<\/strong><\/p><p data-start=\"3132\" data-end=\"3179\"><strong>\u2022 <\/strong>Acc\u00e9der aux informations publiques du profil.<\/p><p data-start=\"3181\" data-end=\"3300\"><strong>\u2022 <\/strong>Publier sur le profil de l\u2019utilisateur toute information d\u00e9j\u00e0 publi\u00e9e sur la page de FUNICULAR AERI DE MONTSERRAT SA.<\/p><p data-start=\"3302\" data-end=\"3383\"><strong>\u2022 <\/strong>Envoyer des messages personnels et individuels via les canaux du r\u00e9seau social.<\/p><p data-start=\"3385\" data-end=\"3463\"><strong>\u2022\u00a0<\/strong>Publier des mises \u00e0 jour de la page visibles sur le profil de l\u2019utilisateur.<\/p><p data-start=\"3465\" data-end=\"3673\">L\u2019utilisateur peut \u00e0 tout moment contr\u00f4ler ses connexions, supprimer les contenus qui ne l\u2019int\u00e9ressent plus et restreindre avec qui il partage ses connexions en acc\u00e9dant \u00e0 ses param\u00e8tres de confidentialit\u00e9.<\/p><p data-start=\"3465\" data-end=\"3673\">\u00a0<\/p><p data-start=\"3675\" data-end=\"4085\"><strong>Publications:<\/strong><\/p><p data-start=\"3827\" data-end=\"4231\">Une fois inscrit \u00e0 la page de FUNICULAR AERI DE MONTSERRAT SA, l\u2019utilisateur pourra y publier des commentaires, liens, images, photographies ou tout autre contenu multim\u00e9dia pris en charge par le r\u00e9seau social. Dans tous les cas, l\u2019utilisateur doit \u00eatre titulaire des droits sur ces contenus, d\u00e9tenir les droits d\u2019auteur et de propri\u00e9t\u00e9 intellectuelle ou avoir obtenu le consentement des tiers concern\u00e9s.<\/p><p data-start=\"4233\" data-end=\"4542\">Toute publication sur la page, y compris textes, graphiques, photographies, vid\u00e9os, etc., portant atteinte ou susceptible de porter atteinte \u00e0 la morale, \u00e0 l\u2019\u00e9thique, au bon go\u00fbt, \u00e0 la d\u00e9cence, aux droits de propri\u00e9t\u00e9 intellectuelle ou industrielle, au droit \u00e0 l\u2019image ou \u00e0 la loi, est express\u00e9ment interdite.<\/p><p data-start=\"4544\" data-end=\"4707\">Dans de tels cas, FUNICULAR AERI DE MONTSERRAT SA se r\u00e9serve le droit de supprimer imm\u00e9diatement le contenu et peut demander le blocage permanent de l\u2019utilisateur.<\/p><p data-start=\"4709\" data-end=\"4826\">FUNICULAR AERI DE MONTSERRAT SA ne pourra \u00eatre tenue responsable des contenus librement publi\u00e9s par les utilisateurs.<\/p><p data-start=\"4828\" data-end=\"5004\">L\u2019utilisateur doit \u00eatre conscient que ses publications pourront \u00eatre visibles par d\u2019autres utilisateurs et qu\u2019il est donc le principal responsable de sa propre confidentialit\u00e9.<\/p><p data-start=\"5006\" data-end=\"5172\">Les images publi\u00e9es sur la page ne seront stock\u00e9es dans aucun syst\u00e8me de traitement par FUNICULAR AERI DE MONTSERRAT SA, bien qu\u2019elles demeurent sur le r\u00e9seau social.<\/p><p data-start=\"5006\" data-end=\"5172\">\u00a0<\/p><p data-start=\"4979\" data-end=\"5324\"><strong>Concours et promotions:<\/strong><\/p><p data-start=\"5201\" data-end=\"5579\">FUNICULAR AERI DE MONTSERRAT SA se r\u00e9serve le droit d\u2019organiser des concours et promotions auxquels les utilisateurs abonn\u00e9s \u00e0 sa page pourront participer. Les conditions de chaque concours ou promotion, lorsqu\u2019ils sont r\u00e9alis\u00e9s via la plateforme du r\u00e9seau social, seront publi\u00e9es sur celle-ci, toujours dans le respect de la LSSI-CE et de toute autre r\u00e9glementation applicable.<\/p><p data-start=\"5581\" data-end=\"5722\">Le r\u00e9seau social ne sponsorise, n\u2019approuve, ni n\u2019administre de quelque mani\u00e8re que ce soit nos promotions et n\u2019y est associ\u00e9 en aucune fa\u00e7on.<\/p><p data-start=\"5468\" data-end=\"5788\"><strong>Publicit\u00e9:<\/strong><\/p><section class=\"text-token-text-primary w-full focus:outline-none [--shadow-height:45px] has-data-writing-block:pointer-events-none has-data-writing-block:-mt-(--shadow-height) has-data-writing-block:pt-(--shadow-height) [&amp;:has([data-writing-block])&gt;*]:pointer-events-auto [content-visibility:auto] supports-[content-visibility:auto]:[contain-intrinsic-size:auto_100lvh] R6Vx5W_threadScrollVars scroll-mb-[calc(var(--scroll-root-safe-area-inset-bottom,0px)+var(--thread-response-height))] scroll-mt-[calc(var(--header-height)+min(200px,max(70px,20svh)))]\" dir=\"auto\" data-turn-id=\"request-WEB:84a546c4-299f-4ff7-9749-55b78dd77b07-3\" data-testid=\"conversation-turn-8\" data-scroll-anchor=\"false\" data-turn=\"assistant\"><div class=\"text-base my-auto mx-auto pb-10 [--thread-content-margin:var(--thread-content-margin-xs,calc(var(--spacing)*4))] @w-sm\/main:[--thread-content-margin:var(--thread-content-margin-sm,calc(var(--spacing)*6))] @w-lg\/main:[--thread-content-margin:var(--thread-content-margin-lg,calc(var(--spacing)*16))] px-(--thread-content-margin)\"><div class=\"[--thread-content-max-width:40rem] @w-lg\/main:[--thread-content-max-width:48rem] mx-auto max-w-(--thread-content-max-width) flex-1 group\/turn-messages focus-visible:outline-hidden relative flex w-full min-w-0 flex-col agent-turn\"><div class=\"flex max-w-full flex-col gap-4 grow\"><div class=\"min-h-8 text-message relative flex w-full flex-col items-end gap-2 text-start break-words whitespace-normal outline-none keyboard-focused:focus-ring [.text-message+&amp;]:mt-1\" dir=\"auto\" tabindex=\"0\" data-message-author-role=\"assistant\" data-message-id=\"2a854a97-6307-4dcc-b907-2e8ea8d1cf7e\" data-message-model-slug=\"gpt-5-5\" data-turn-start-message=\"true\"><div class=\"flex w-full flex-col gap-1 empty:hidden\"><div class=\"markdown prose dark:prose-invert wrap-break-word w-full light markdown-new-styling\"><p data-start=\"5738\" data-end=\"6088\">FUNICULAR AERI DE MONTSERRAT SA utilisera le r\u00e9seau social pour promouvoir ses produits et services. Dans tous les cas, si elle d\u00e9cide de traiter les coordonn\u00e9es des utilisateurs \u00e0 des fins de prospection commerciale directe, elle le fera toujours dans le respect de la r\u00e9glementation applicable en mati\u00e8re de protection des donn\u00e9es et de la LSSI-CE.<\/p><p data-start=\"6090\" data-end=\"6314\">Le fait de recommander la page de FUNICULAR AERI DE MONTSERRAT SA \u00e0 d\u2019autres utilisateurs afin qu\u2019ils puissent \u00e9galement b\u00e9n\u00e9ficier des promotions ou \u00eatre inform\u00e9s de son activit\u00e9 ne sera pas consid\u00e9r\u00e9 comme de la publicit\u00e9.<\/p><p data-start=\"6090\" data-end=\"6314\">\u00a0<\/p><p data-start=\"6316\" data-end=\"6413\" data-is-last-node=\"\" data-is-only-node=\"\">Ci-dessous, nous indiquons les liens vers les politiques de confidentialit\u00e9 des r\u00e9seaux sociaux :<\/p><\/div><\/div><\/div><\/div><div class=\"z-0 flex min-h-[46px] justify-start\"><strong>\u2022 Facebook: <a class=\"decorated-link\" href=\"https:\/\/es-es.facebook.com\/privacy\/explanation\" target=\"_new\" rel=\"noopener\" data-start=\"6107\" data-end=\"6153\">https:\/\/es-es.facebook.com\/privacy\/explanation<\/a><\/strong><\/div><\/div><\/div><\/section><p data-start=\"6094\" data-end=\"6246\"><strong>\u2022 X: <a class=\"decorated-link\" href=\"https:\/\/x.com\/es\/privacy\" target=\"_new\" rel=\"noopener\" data-start=\"6162\" data-end=\"6186\">https:\/\/x.com\/es\/privacy<\/a><\/strong><br data-start=\"6186\" data-end=\"6189\" \/><strong>\u2022 Instagram: <a class=\"decorated-link\" href=\"http:\/\/instagram.com\/about\/legal\/privacy\/\" target=\"_new\" rel=\"noopener\" data-start=\"6203\" data-end=\"6244\">http:\/\/instagram.com\/about\/legal\/privacy\/<\/a><\/strong><\/p>\t\t\t\t\t\t\t\t<\/div>\n\t\t\t\t<\/div>\n\t\t\t\t\t<\/div>\n\t\t<\/div>\n\t\t\t\t\t<\/div>\n\t\t<\/section>\n\t\t\t\t<\/div>\n\t\t","protected":false},"excerpt":{"rendered":"<p>Politique de confidentialit\u00e9 sur les r\u00e9saux sociaux Conform\u00e9ment \u00e0 la r\u00e9glementation en vigueur applicable en mati\u00e8re de protection des donn\u00e9es \u00e0 caract\u00e8re personnel et \u00e0 la Loi 34\/2002 du 11 juillet relative aux services de la soci\u00e9t\u00e9 de l\u2019information et au commerce \u00e9lectronique (LSSI-CE), FUNICULAR&#8230;<\/p>\n","protected":false},"author":4,"featured_media":0,"parent":0,"menu_order":0,"comment_status":"closed","ping_status":"closed","template":"full_width.php","meta":{"footnotes":""},"class_list":["post-14391","page","type-page","status-publish","hentry"],"_links":{"self":[{"href":"https:\/\/aeridemontserrat.com\/fr\/wp-json\/wp\/v2\/pages\/14391","targetHints":{"allow":["GET"]}}],"collection":[{"href":"https:\/\/aeridemontserrat.com\/fr\/wp-json\/wp\/v2\/pages"}],"about":[{"href":"https:\/\/aeridemontserrat.com\/fr\/wp-json\/wp\/v2\/types\/page"}],"author":[{"embeddable":true,"href":"https:\/\/aeridemontserrat.com\/fr\/wp-json\/wp\/v2\/users\/4"}],"replies":[{"embeddable":true,"href":"https:\/\/aeridemontserrat.com\/fr\/wp-json\/wp\/v2\/comments?post=14391"}],"version-history":[{"count":7,"href":"https:\/\/aeridemontserrat.com\/fr\/wp-json\/wp\/v2\/pages\/14391\/revisions"}],"predecessor-version":[{"id":15026,"href":"https:\/\/aeridemontserrat.com\/fr\/wp-json\/wp\/v2\/pages\/14391\/revisions\/15026"}],"wp:attachment":[{"href":"https:\/\/aeridemontserrat.com\/fr\/wp-json\/wp\/v2\/media?parent=14391"}],"curies":[{"name":"wp","href":"https:\/\/api.w.org\/{rel}","templated":true}]}}