{"id":2425,"date":"2020-07-27T17:23:34","date_gmt":"2020-07-27T15:23:34","guid":{"rendered":"https:\/\/aeridemontserrat.com\/?page_id=2425"},"modified":"2025-12-29T16:32:44","modified_gmt":"2025-12-29T14:32:44","slug":"caracteristiques-techniques","status":"publish","type":"page","link":"https:\/\/aeridemontserrat.com\/fr\/caracteristiques-techniques\/","title":{"rendered":"Caract\u00e9ristiques techniques"},"content":{"rendered":"\t\t<div data-elementor-type=\"wp-page\" data-elementor-id=\"2425\" class=\"elementor elementor-2425 elementor-820\">\n\t\t\t\t\t\t<section class=\"elementor-section elementor-top-section elementor-element elementor-element-4324 elementor-section-full_width elementor-section-height-default elementor-section-height-default parallax_section_no qode_elementor_container_no\" data-id=\"4324\" data-element_type=\"section\">\n\t\t\t\t\t\t<div class=\"elementor-container elementor-column-gap-default\">\n\t\t\t\t\t<div class=\"elementor-column elementor-col-100 elementor-top-column elementor-element elementor-element-2fb7\" data-id=\"2fb7\" data-element_type=\"column\">\n\t\t\t<div class=\"elementor-widget-wrap elementor-element-populated\">\n\t\t\t\t\t\t<div class=\"elementor-element elementor-element-a58f5a5 historia-titol elementor-widget elementor-widget-heading\" data-id=\"a58f5a5\" data-element_type=\"widget\" data-widget_type=\"heading.default\">\n\t\t\t\t<div class=\"elementor-widget-container\">\n\t\t\t\t\t<p class=\"elementor-heading-title elementor-size-default\">Caract\u00e9ristiques techniques <\/p>\t\t\t\t<\/div>\n\t\t\t\t<\/div>\n\t\t\t\t\t<\/div>\n\t\t<\/div>\n\t\t\t\t\t<\/div>\n\t\t<\/section>\n\t\t\t\t<section class=\"elementor-section elementor-top-section elementor-element elementor-element-844d525 elementor-reverse-mobile elementor-section-boxed elementor-section-height-default elementor-section-height-default parallax_section_no qode_elementor_container_no\" data-id=\"844d525\" data-element_type=\"section\">\n\t\t\t\t\t\t<div class=\"elementor-container elementor-column-gap-default\">\n\t\t\t\t\t<div class=\"elementor-column elementor-col-50 elementor-top-column elementor-element elementor-element-6493cd8\" data-id=\"6493cd8\" data-element_type=\"column\">\n\t\t\t<div class=\"elementor-widget-wrap elementor-element-populated\">\n\t\t\t\t\t\t<div class=\"elementor-element elementor-element-5e02dd9 elementor-hidden-phone elementor-widget elementor-widget-spacer\" data-id=\"5e02dd9\" data-element_type=\"widget\" data-widget_type=\"spacer.default\">\n\t\t\t\t<div class=\"elementor-widget-container\">\n\t\t\t\t\t\t\t<div class=\"elementor-spacer\">\n\t\t\t<div class=\"elementor-spacer-inner\"><\/div>\n\t\t<\/div>\n\t\t\t\t\t\t<\/div>\n\t\t\t\t<\/div>\n\t\t\t\t<div class=\"elementor-element elementor-element-f5d2d3a elementor-widget elementor-widget-text-editor\" data-id=\"f5d2d3a\" data-element_type=\"widget\" data-widget_type=\"text-editor.default\">\n\t\t\t\t<div class=\"elementor-widget-container\">\n\t\t\t\t\t\t\t\t\tL&rsquo;installation est totalement con\u00e7ue et fabriqu\u00e9e par la technologie allemande de l&rsquo;entreprise Bleichert, bas\u00e9e \u00e0 Leipzig.\t\t\t\t\t\t\t\t<\/div>\n\t\t\t\t<\/div>\n\t\t\t\t<div class=\"elementor-element elementor-element-95305d6 elementor-widget__width-auto elementor-hidden-desktop elementor-hidden-tablet elementor-widget elementor-widget-image\" data-id=\"95305d6\" data-element_type=\"widget\" data-widget_type=\"image.default\">\n\t\t\t\t<div class=\"elementor-widget-container\">\n\t\t\t\t\t\t\t\t\t\t\t\t\t\t\t<img fetchpriority=\"high\" decoding=\"async\" width=\"347\" height=\"347\" src=\"https:\/\/aeridemontserrat.com\/wp-content\/uploads\/2020\/07\/img-tecnica.png\" class=\"attachment-full size-full wp-image-2426\" alt=\"\" srcset=\"https:\/\/aeridemontserrat.com\/wp-content\/uploads\/2020\/07\/img-tecnica.png 347w, https:\/\/aeridemontserrat.com\/wp-content\/uploads\/2020\/07\/img-tecnica-300x300.png 300w, https:\/\/aeridemontserrat.com\/wp-content\/uploads\/2020\/07\/img-tecnica-150x150.png 150w\" sizes=\"(max-width: 347px) 100vw, 347px\" \/>\t\t\t\t\t\t\t\t\t\t\t\t\t\t\t<\/div>\n\t\t\t\t<\/div>\n\t\t\t\t<div class=\"elementor-element elementor-element-249c588 elementor-widget elementor-widget-spacer\" data-id=\"249c588\" data-element_type=\"widget\" data-widget_type=\"spacer.default\">\n\t\t\t\t<div class=\"elementor-widget-container\">\n\t\t\t\t\t\t\t<div class=\"elementor-spacer\">\n\t\t\t<div class=\"elementor-spacer-inner\"><\/div>\n\t\t<\/div>\n\t\t\t\t\t\t<\/div>\n\t\t\t\t<\/div>\n\t\t\t\t\t<\/div>\n\t\t<\/div>\n\t\t\t\t<div class=\"elementor-column elementor-col-50 elementor-top-column elementor-element elementor-element-e8f86b6\" data-id=\"e8f86b6\" data-element_type=\"column\">\n\t\t\t<div class=\"elementor-widget-wrap elementor-element-populated\">\n\t\t\t\t\t\t<div class=\"elementor-element elementor-element-7155b66 elementor-widget__width-auto elementor-absolute elementor-hidden-phone elementor-widget elementor-widget-image\" data-id=\"7155b66\" data-element_type=\"widget\" data-settings=\"{&quot;_position&quot;:&quot;absolute&quot;}\" data-widget_type=\"image.default\">\n\t\t\t\t<div class=\"elementor-widget-container\">\n\t\t\t\t\t\t\t\t\t\t\t\t\t\t\t<img fetchpriority=\"high\" decoding=\"async\" width=\"347\" height=\"347\" src=\"https:\/\/aeridemontserrat.com\/wp-content\/uploads\/2020\/07\/img-tecnica.png\" class=\"attachment-full size-full wp-image-2426\" alt=\"\" srcset=\"https:\/\/aeridemontserrat.com\/wp-content\/uploads\/2020\/07\/img-tecnica.png 347w, https:\/\/aeridemontserrat.com\/wp-content\/uploads\/2020\/07\/img-tecnica-300x300.png 300w, https:\/\/aeridemontserrat.com\/wp-content\/uploads\/2020\/07\/img-tecnica-150x150.png 150w\" sizes=\"(max-width: 347px) 100vw, 347px\" \/>\t\t\t\t\t\t\t\t\t\t\t\t\t\t\t<\/div>\n\t\t\t\t<\/div>\n\t\t\t\t\t<\/div>\n\t\t<\/div>\n\t\t\t\t\t<\/div>\n\t\t<\/section>\n\t\t\t\t<section class=\"elementor-section elementor-top-section elementor-element elementor-element-2fcd8e9 elementor-reverse-mobile elementor-section-boxed elementor-section-height-default elementor-section-height-default parallax_section_no qode_elementor_container_no\" data-id=\"2fcd8e9\" data-element_type=\"section\">\n\t\t\t\t\t\t<div class=\"elementor-container elementor-column-gap-default\">\n\t\t\t\t\t<div class=\"elementor-column elementor-col-100 elementor-top-column elementor-element elementor-element-6e76064\" data-id=\"6e76064\" data-element_type=\"column\">\n\t\t\t<div class=\"elementor-widget-wrap elementor-element-populated\">\n\t\t\t\t\t\t<div class=\"elementor-element elementor-element-5279425 elementor-widget elementor-widget-heading\" data-id=\"5279425\" data-element_type=\"widget\" data-widget_type=\"heading.default\">\n\t\t\t\t<div class=\"elementor-widget-container\">\n\t\t\t\t\t<p class=\"elementor-heading-title elementor-size-default\">La cabine et son parcours<\/p>\t\t\t\t<\/div>\n\t\t\t\t<\/div>\n\t\t\t\t<div class=\"elementor-element elementor-element-38da9af elementor-widget elementor-widget-text-editor\" data-id=\"38da9af\" data-element_type=\"widget\" data-widget_type=\"text-editor.default\">\n\t\t\t\t<div class=\"elementor-widget-container\">\n\t\t\t\t\t\t\t\t\t<p>\u2022 Profil longitudinal\u00a0: 1\u00a0350 m <br \/>\u2022 Profil horizontal : 1\u00a0243 m <br \/>\u2022 D\u00e9nivel\u00e9\u00a0: 544 m (de +139 m \u00e0 683 m) <br \/>\u2022 Angle de la pente g\u00e9om\u00e9trique du total du trac\u00e9\u00a0: 23\u00ba 38 &lsquo; <br \/>\u2022 Pente maximale qu&rsquo;arrivent \u00e0 surmonter les cabines pendant leur trajet\u00a0: de 43\u00ba \u00e0 45\u00ba <br \/>\u2022 Nombre de supports ou tours\u00a0: 2 <br \/>\u2022 Nombre de cabines : 2, d&rsquo;une capacit\u00e9 de 32 personnes chacune. <br \/>\u2022 Poids de chaque cabine vide : 2\u00a0175 kg <br \/>\u2022 Poids d&rsquo;une cabine \u00e0 pleine charge\u00a0: 4\u00a0900 kg<\/p>\t\t\t\t\t\t\t\t<\/div>\n\t\t\t\t<\/div>\n\t\t\t\t\t<\/div>\n\t\t<\/div>\n\t\t\t\t\t<\/div>\n\t\t<\/section>\n\t\t\t\t<section class=\"elementor-section elementor-top-section elementor-element elementor-element-1e3c09b elementor-reverse-mobile elementor-section-boxed elementor-section-height-default elementor-section-height-default parallax_section_no qode_elementor_container_no\" data-id=\"1e3c09b\" data-element_type=\"section\">\n\t\t\t\t\t\t<div class=\"elementor-container elementor-column-gap-default\">\n\t\t\t\t\t<div class=\"elementor-column elementor-col-100 elementor-top-column elementor-element elementor-element-ac3dc64\" data-id=\"ac3dc64\" data-element_type=\"column\">\n\t\t\t<div class=\"elementor-widget-wrap elementor-element-populated\">\n\t\t\t\t\t\t<div class=\"elementor-element elementor-element-a899464 elementor-widget elementor-widget-heading\" data-id=\"a899464\" data-element_type=\"widget\" data-widget_type=\"heading.default\">\n\t\t\t\t<div class=\"elementor-widget-container\">\n\t\t\t\t\t<p class=\"elementor-heading-title elementor-size-default\">Moteurs<\/p>\t\t\t\t<\/div>\n\t\t\t\t<\/div>\n\t\t\t\t<div class=\"elementor-element elementor-element-cd97203 elementor-widget elementor-widget-text-editor\" data-id=\"cd97203\" data-element_type=\"widget\" data-widget_type=\"text-editor.default\">\n\t\t\t\t<div class=\"elementor-widget-container\">\n\t\t\t\t\t\t\t\t\tUn moteur \u00e9lectrique de 84 CV de puissance et 730 tr\/min qui fait fonctionner la machine principale. Cette machine fait avancer les cabines \u00e0 une vitesse de 5 m\/s, ce qui permet de faire tout le parcours en cinq minutes. Un moteur \u00e9lectrique de 38 CV de puissance 725 tr\/min faisant fonctionner la machine auxiliaire qui fait avancer les cabines \u00e0 une vitesse de 2 m\/s. \t\t\t\t\t\t\t\t<\/div>\n\t\t\t\t<\/div>\n\t\t\t\t<div class=\"elementor-element elementor-element-a82e855 elementor-widget elementor-widget-spacer\" data-id=\"a82e855\" data-element_type=\"widget\" data-widget_type=\"spacer.default\">\n\t\t\t\t<div class=\"elementor-widget-container\">\n\t\t\t\t\t\t\t<div class=\"elementor-spacer\">\n\t\t\t<div class=\"elementor-spacer-inner\"><\/div>\n\t\t<\/div>\n\t\t\t\t\t\t<\/div>\n\t\t\t\t<\/div>\n\t\t\t\t<div class=\"elementor-element elementor-element-28ef14d elementor-widget elementor-widget-text-editor\" data-id=\"28ef14d\" data-element_type=\"widget\" data-widget_type=\"text-editor.default\">\n\t\t\t\t<div class=\"elementor-widget-container\">\n\t\t\t\t\t\t\t\t\tLes deux machines sont totalement ind\u00e9pendantes.\t\t\t\t\t\t\t\t<\/div>\n\t\t\t\t<\/div>\n\t\t\t\t<div class=\"elementor-element elementor-element-d43e37f elementor-widget elementor-widget-spacer\" data-id=\"d43e37f\" data-element_type=\"widget\" data-widget_type=\"spacer.default\">\n\t\t\t\t<div class=\"elementor-widget-container\">\n\t\t\t\t\t\t\t<div class=\"elementor-spacer\">\n\t\t\t<div class=\"elementor-spacer-inner\"><\/div>\n\t\t<\/div>\n\t\t\t\t\t\t<\/div>\n\t\t\t\t<\/div>\n\t\t\t\t<div class=\"elementor-element elementor-element-4a80e7b elementor-widget elementor-widget-text-editor\" data-id=\"4a80e7b\" data-element_type=\"widget\" data-widget_type=\"text-editor.default\">\n\t\t\t\t<div class=\"elementor-widget-container\">\n\t\t\t\t\t\t\t\t\tDeux groupes \u00e9lectrog\u00e8nes \u00e0 moteurs Diesel de 130 CV et 205 CV qui se connectent aux barres g\u00e9n\u00e9rales du b\u00e2timent en cas de coupure d&rsquo;\u00e9lectricit\u00e9 par l&rsquo;entreprise, et qui peuvent alimenter les deux moteurs et le reste de l&rsquo;installation.\t\t\t\t\t\t\t\t<\/div>\n\t\t\t\t<\/div>\n\t\t\t\t\t<\/div>\n\t\t<\/div>\n\t\t\t\t\t<\/div>\n\t\t<\/section>\n\t\t\t\t<section class=\"elementor-section elementor-top-section elementor-element elementor-element-5709780 elementor-reverse-mobile elementor-section-boxed elementor-section-height-default elementor-section-height-default parallax_section_no qode_elementor_container_no\" data-id=\"5709780\" data-element_type=\"section\">\n\t\t\t\t\t\t<div class=\"elementor-container elementor-column-gap-default\">\n\t\t\t\t\t<div class=\"elementor-column elementor-col-100 elementor-top-column elementor-element elementor-element-17c8eb4\" data-id=\"17c8eb4\" data-element_type=\"column\">\n\t\t\t<div class=\"elementor-widget-wrap elementor-element-populated\">\n\t\t\t\t\t\t<div class=\"elementor-element elementor-element-77bf466 elementor-widget elementor-widget-heading\" data-id=\"77bf466\" data-element_type=\"widget\" data-widget_type=\"heading.default\">\n\t\t\t\t<div class=\"elementor-widget-container\">\n\t\t\t\t\t<p class=\"elementor-heading-title elementor-size-default\">C\u00e2bles<\/p>\t\t\t\t<\/div>\n\t\t\t\t<\/div>\n\t\t\t\t<div class=\"elementor-element elementor-element-e70fa50 elementor-widget elementor-widget-text-editor\" data-id=\"e70fa50\" data-element_type=\"widget\" data-widget_type=\"text-editor.default\">\n\t\t\t\t<div class=\"elementor-widget-container\">\n\t\t\t\t\t\t\t\t\t\u2022 Deux c\u00e2bles porteurs de 59 mm de diam\u00e8tre avec deux c\u00e2bles de tension de 75 mm de diam\u00e8tre. <br>\n\u2022 Un c\u00e2ble tracteur de 27 mm de diam\u00e8tre<br> \n\u2022 Un c\u00e2ble contre tracteur de 21 mm de diam\u00e8tre avec un c\u00e2ble de tension de 38 mm de diam\u00e8tre <br>\n\u2022 Un c\u00e2ble auxiliaire de 22 mm de diam\u00e8tre avec un c\u00e2ble de tension de 38 mm de diam\u00e8tre\t\t\t\t\t\t\t\t<\/div>\n\t\t\t\t<\/div>\n\t\t\t\t\t<\/div>\n\t\t<\/div>\n\t\t\t\t\t<\/div>\n\t\t<\/section>\n\t\t\t\t<section class=\"elementor-section elementor-top-section elementor-element elementor-element-23bd4c5 elementor-reverse-mobile elementor-section-boxed elementor-section-height-default elementor-section-height-default parallax_section_no qode_elementor_container_no\" data-id=\"23bd4c5\" data-element_type=\"section\">\n\t\t\t\t\t\t<div class=\"elementor-container elementor-column-gap-default\">\n\t\t\t\t\t<div class=\"elementor-column elementor-col-100 elementor-top-column elementor-element elementor-element-70e0348\" data-id=\"70e0348\" data-element_type=\"column\">\n\t\t\t<div class=\"elementor-widget-wrap elementor-element-populated\">\n\t\t\t\t\t\t<div class=\"elementor-element elementor-element-25f810e elementor-widget elementor-widget-heading\" data-id=\"25f810e\" data-element_type=\"widget\" data-widget_type=\"heading.default\">\n\t\t\t\t<div class=\"elementor-widget-container\">\n\t\t\t\t\t<p class=\"elementor-heading-title elementor-size-default\">Contrepoids<\/p>\t\t\t\t<\/div>\n\t\t\t\t<\/div>\n\t\t\t\t<div class=\"elementor-element elementor-element-567bc20 elementor-widget elementor-widget-text-editor\" data-id=\"567bc20\" data-element_type=\"widget\" data-widget_type=\"text-editor.default\">\n\t\t\t\t<div class=\"elementor-widget-container\">\n\t\t\t\t\t\t\t\t\t\u2022 Deux contrepoids des c\u00e2bles de tension des porteurs, de 50\u00a0000 kg chacun <br>\n\u2022 Un contrepoids du c\u00e2ble de tension du c\u00e2ble contre tracteur de 7\u00a0600 kg.<br> \n\u2022 Un contrepoids du c\u00e2ble de tension du c\u00e2ble de secours form\u00e9 par deux blocs ind\u00e9pendants de 5\u00a0000 kg chacun.  \t\t\t\t\t\t\t\t<\/div>\n\t\t\t\t<\/div>\n\t\t\t\t\t<\/div>\n\t\t<\/div>\n\t\t\t\t\t<\/div>\n\t\t<\/section>\n\t\t\t\t<section class=\"elementor-section elementor-top-section elementor-element elementor-element-b4b48ac elementor-reverse-mobile elementor-section-boxed elementor-section-height-default elementor-section-height-default parallax_section_no qode_elementor_container_no\" data-id=\"b4b48ac\" data-element_type=\"section\">\n\t\t\t\t\t\t<div class=\"elementor-container elementor-column-gap-default\">\n\t\t\t\t\t<div class=\"elementor-column elementor-col-100 elementor-top-column elementor-element elementor-element-7c3bb49\" data-id=\"7c3bb49\" data-element_type=\"column\">\n\t\t\t<div class=\"elementor-widget-wrap elementor-element-populated\">\n\t\t\t\t\t\t<div class=\"elementor-element elementor-element-fe8fe86 elementor-widget elementor-widget-heading\" data-id=\"fe8fe86\" data-element_type=\"widget\" data-widget_type=\"heading.default\">\n\t\t\t\t<div class=\"elementor-widget-container\">\n\t\t\t\t\t<p class=\"elementor-heading-title elementor-size-default\">Nous repr\u00e9sentons le patrimoine de l'ing\u00e9nierie industrielle de Catalogne.<\/p>\t\t\t\t<\/div>\n\t\t\t\t<\/div>\n\t\t\t\t<div class=\"elementor-element elementor-element-0c0e011 elementor-widget elementor-widget-text-editor\" data-id=\"0c0e011\" data-element_type=\"widget\" data-widget_type=\"text-editor.default\">\n\t\t\t\t<div class=\"elementor-widget-container\">\n\t\t\t\t\t\t\t\t\tSi vous souhaitez en savoir plus sur les caract\u00e9ristiques techniques de l&rsquo;Aeri de Montserrat, n&rsquo;h\u00e9sitez pas \u00e0 nous \u00e9crire \u00e0 <a href=\"mailto:info@aeridemontserrat.com\">info@aeridemontserrat.com<\/a>\t\t\t\t\t\t\t\t<\/div>\n\t\t\t\t<\/div>\n\t\t\t\t\t<\/div>\n\t\t<\/div>\n\t\t\t\t\t<\/div>\n\t\t<\/section>\n\t\t\t\t<\/div>\n\t\t","protected":false},"excerpt":{"rendered":"<p>Caract\u00e9ristiques techniques L&rsquo;installation est totalement con\u00e7ue et fabriqu\u00e9e par la technologie allemande de l&rsquo;entreprise Bleichert, bas\u00e9e \u00e0 Leipzig. La cabine et son parcours \u2022 Profil longitudinal\u00a0: 1\u00a0350 m \u2022 Profil horizontal : 1\u00a0243 m \u2022 D\u00e9nivel\u00e9\u00a0: 544 m (de +139 m \u00e0 683 m) \u2022&#8230;<\/p>\n","protected":false},"author":1,"featured_media":0,"parent":0,"menu_order":0,"comment_status":"closed","ping_status":"closed","template":"full_width.php","meta":{"footnotes":""},"class_list":["post-2425","page","type-page","status-publish","hentry"],"_links":{"self":[{"href":"https:\/\/aeridemontserrat.com\/fr\/wp-json\/wp\/v2\/pages\/2425","targetHints":{"allow":["GET"]}}],"collection":[{"href":"https:\/\/aeridemontserrat.com\/fr\/wp-json\/wp\/v2\/pages"}],"about":[{"href":"https:\/\/aeridemontserrat.com\/fr\/wp-json\/wp\/v2\/types\/page"}],"author":[{"embeddable":true,"href":"https:\/\/aeridemontserrat.com\/fr\/wp-json\/wp\/v2\/users\/1"}],"replies":[{"embeddable":true,"href":"https:\/\/aeridemontserrat.com\/fr\/wp-json\/wp\/v2\/comments?post=2425"}],"version-history":[{"count":5,"href":"https:\/\/aeridemontserrat.com\/fr\/wp-json\/wp\/v2\/pages\/2425\/revisions"}],"predecessor-version":[{"id":12683,"href":"https:\/\/aeridemontserrat.com\/fr\/wp-json\/wp\/v2\/pages\/2425\/revisions\/12683"}],"wp:attachment":[{"href":"https:\/\/aeridemontserrat.com\/fr\/wp-json\/wp\/v2\/media?parent=2425"}],"curies":[{"name":"wp","href":"https:\/\/api.w.org\/{rel}","templated":true}]}}