{"id":2439,"date":"2020-07-27T17:33:01","date_gmt":"2020-07-27T15:33:01","guid":{"rendered":"https:\/\/aeridemontserrat.com\/?page_id=2439"},"modified":"2026-05-13T13:09:56","modified_gmt":"2026-05-13T11:09:56","slug":"montserrat","status":"publish","type":"page","link":"https:\/\/aeridemontserrat.com\/fr\/montserrat\/","title":{"rendered":"Montserrat"},"content":{"rendered":"\t\t<div data-elementor-type=\"wp-page\" data-elementor-id=\"2439\" class=\"elementor elementor-2439 elementor-843\">\n\t\t\t\t\t\t<section class=\"elementor-section elementor-top-section elementor-element elementor-element-844d525 elementor-section-boxed elementor-section-height-default elementor-section-height-default parallax_section_no qode_elementor_container_no\" data-id=\"844d525\" data-element_type=\"section\">\n\t\t\t\t\t\t<div class=\"elementor-container elementor-column-gap-default\">\n\t\t\t\t\t<div class=\"elementor-column elementor-col-50 elementor-top-column elementor-element elementor-element-6493cd8\" data-id=\"6493cd8\" data-element_type=\"column\">\n\t\t\t<div class=\"elementor-widget-wrap elementor-element-populated\">\n\t\t\t\t\t\t<div class=\"elementor-element elementor-element-19995b5 elementor-widget elementor-widget-image\" data-id=\"19995b5\" data-element_type=\"widget\" data-widget_type=\"image.default\">\n\t\t\t\t<div class=\"elementor-widget-container\">\n\t\t\t\t\t\t\t\t\t\t\t\t\t\t\t<img decoding=\"async\" src=\"https:\/\/aeridemontserrat.com\/wp-content\/uploads\/elementor\/thumbs\/IMG_95221-scaled-rne78ba85in6pvfn4oyi9qhl0zj5kph9jl4ldfih0u.jpg\" title=\"IMG_9522(1)\" alt=\"IMG_9522(1)\" loading=\"lazy\" \/>\t\t\t\t\t\t\t\t\t\t\t\t\t\t\t<\/div>\n\t\t\t\t<\/div>\n\t\t\t\t\t<\/div>\n\t\t<\/div>\n\t\t\t\t<div class=\"elementor-column elementor-col-50 elementor-top-column elementor-element elementor-element-e8f86b6\" data-id=\"e8f86b6\" data-element_type=\"column\">\n\t\t\t<div class=\"elementor-widget-wrap elementor-element-populated\">\n\t\t\t\t\t\t<div class=\"elementor-element elementor-element-380dafc elementor-widget elementor-widget-heading\" data-id=\"380dafc\" data-element_type=\"widget\" data-widget_type=\"heading.default\">\n\t\t\t\t<div class=\"elementor-widget-container\">\n\t\t\t\t\t<p class=\"elementor-heading-title elementor-size-default\">HISTORIE DE MONTSERRAT: Symbole spirituel et naturel de la Catalogne<\/p>\t\t\t\t<\/div>\n\t\t\t\t<\/div>\n\t\t\t\t<div class=\"elementor-element elementor-element-f5d2d3a elementor-widget elementor-widget-text-editor\" data-id=\"f5d2d3a\" data-element_type=\"widget\" data-widget_type=\"text-editor.default\">\n\t\t\t\t<div class=\"elementor-widget-container\">\n\t\t\t\t\t\t\t\t\t<p>Le massif de Montserrat est l\u2019un des lieux les plus embl\u00e9matiques de Catalogne, tant pour sa formation g\u00e9ologique unique que pour son importance culturelle et spirituelle. Depuis des si\u00e8cles, Montserrat est un lieu de p\u00e8lerinage, de culture et de tradition.<\/p>\t\t\t\t\t\t\t\t<\/div>\n\t\t\t\t<\/div>\n\t\t\t\t\t<\/div>\n\t\t<\/div>\n\t\t\t\t\t<\/div>\n\t\t<\/section>\n\t\t\t\t<section class=\"elementor-section elementor-top-section elementor-element elementor-element-16d130d elementor-reverse-mobile elementor-section-boxed elementor-section-height-default elementor-section-height-default parallax_section_no qode_elementor_container_no\" data-id=\"16d130d\" data-element_type=\"section\">\n\t\t\t\t\t\t<div class=\"elementor-container elementor-column-gap-default\">\n\t\t\t\t\t<div class=\"elementor-column elementor-col-50 elementor-top-column elementor-element elementor-element-13809ef\" data-id=\"13809ef\" data-element_type=\"column\">\n\t\t\t<div class=\"elementor-widget-wrap elementor-element-populated\">\n\t\t\t\t\t\t<div class=\"elementor-element elementor-element-e4c8132 elementor-widget elementor-widget-heading\" data-id=\"e4c8132\" data-element_type=\"widget\" data-widget_type=\"heading.default\">\n\t\t\t\t<div class=\"elementor-widget-container\">\n\t\t\t\t\t<p class=\"elementor-heading-title elementor-size-default\">LES ORIGINES DE MONTSERRAT<\/p>\t\t\t\t<\/div>\n\t\t\t\t<\/div>\n\t\t\t\t<div class=\"elementor-element elementor-element-abcde6b elementor-widget elementor-widget-text-editor\" data-id=\"abcde6b\" data-element_type=\"widget\" data-widget_type=\"text-editor.default\">\n\t\t\t\t<div class=\"elementor-widget-container\">\n\t\t\t\t\t\t\t\t\t<p>La formation de Montserrat remonte \u00e0 des millions d\u2019ann\u00e9es, lorsque des s\u00e9diments accumul\u00e9s dans un ancien delta se sont compact\u00e9s et \u00e9lev\u00e9s, cr\u00e9ant les caract\u00e9ristiques aiguilles de roche conglom\u00e9r\u00e9e qui d\u00e9finissent aujourd\u2019hui le paysage. Cet environnement unique a fascin\u00e9 visiteurs et chercheurs tout au long de l\u2019histoire.<\/p>\t\t\t\t\t\t\t\t<\/div>\n\t\t\t\t<\/div>\n\t\t\t\t\t<\/div>\n\t\t<\/div>\n\t\t\t\t<div class=\"elementor-column elementor-col-50 elementor-top-column elementor-element elementor-element-09a8dd5\" data-id=\"09a8dd5\" data-element_type=\"column\">\n\t\t\t<div class=\"elementor-widget-wrap elementor-element-populated\">\n\t\t\t\t\t\t<div class=\"elementor-element elementor-element-61df7af elementor-widget elementor-widget-image\" data-id=\"61df7af\" data-element_type=\"widget\" data-widget_type=\"image.default\">\n\t\t\t\t<div class=\"elementor-widget-container\">\n\t\t\t\t\t\t\t\t\t\t\t\t\t\t\t<img fetchpriority=\"high\" decoding=\"async\" width=\"2560\" height=\"1920\" src=\"https:\/\/aeridemontserrat.com\/wp-content\/uploads\/2026\/04\/Vista_Muntanya-scaled.jpg\" class=\"attachment-full size-full wp-image-14171\" alt=\"Vista_Muntanya_Montserrat\" srcset=\"https:\/\/aeridemontserrat.com\/wp-content\/uploads\/2026\/04\/Vista_Muntanya-scaled.jpg 2560w, https:\/\/aeridemontserrat.com\/wp-content\/uploads\/2026\/04\/Vista_Muntanya-300x225.jpg 300w, https:\/\/aeridemontserrat.com\/wp-content\/uploads\/2026\/04\/Vista_Muntanya-1024x768.jpg 1024w, https:\/\/aeridemontserrat.com\/wp-content\/uploads\/2026\/04\/Vista_Muntanya-768x576.jpg 768w, https:\/\/aeridemontserrat.com\/wp-content\/uploads\/2026\/04\/Vista_Muntanya-1536x1152.jpg 1536w, https:\/\/aeridemontserrat.com\/wp-content\/uploads\/2026\/04\/Vista_Muntanya-2048x1536.jpg 2048w, https:\/\/aeridemontserrat.com\/wp-content\/uploads\/2026\/04\/Vista_Muntanya-800x600.jpg 800w, https:\/\/aeridemontserrat.com\/wp-content\/uploads\/2026\/04\/Vista_Muntanya-700x525.jpg 700w\" sizes=\"(max-width: 2560px) 100vw, 2560px\" \/>\t\t\t\t\t\t\t\t\t\t\t\t\t\t\t<\/div>\n\t\t\t\t<\/div>\n\t\t\t\t\t<\/div>\n\t\t<\/div>\n\t\t\t\t\t<\/div>\n\t\t<\/section>\n\t\t\t\t<section class=\"elementor-section elementor-top-section elementor-element elementor-element-e2001b5 elementor-section-boxed elementor-section-height-default elementor-section-height-default parallax_section_no qode_elementor_container_no\" data-id=\"e2001b5\" data-element_type=\"section\">\n\t\t\t\t\t\t<div class=\"elementor-container elementor-column-gap-default\">\n\t\t\t\t\t<div class=\"elementor-column elementor-col-50 elementor-top-column elementor-element elementor-element-eb305d2\" data-id=\"eb305d2\" data-element_type=\"column\">\n\t\t\t<div class=\"elementor-widget-wrap elementor-element-populated\">\n\t\t\t\t\t\t<div class=\"elementor-element elementor-element-30022e0 elementor-widget elementor-widget-image\" data-id=\"30022e0\" data-element_type=\"widget\" data-widget_type=\"image.default\">\n\t\t\t\t<div class=\"elementor-widget-container\">\n\t\t\t\t\t\t\t\t\t\t\t\t\t\t\t<img decoding=\"async\" width=\"1392\" height=\"928\" src=\"https:\/\/aeridemontserrat.com\/wp-content\/uploads\/2026\/05\/Vista-Montserrat.jpg\" class=\"attachment-full size-full wp-image-14873\" alt=\"Vista-Montserrat\" srcset=\"https:\/\/aeridemontserrat.com\/wp-content\/uploads\/2026\/05\/Vista-Montserrat.jpg 1392w, https:\/\/aeridemontserrat.com\/wp-content\/uploads\/2026\/05\/Vista-Montserrat-300x200.jpg 300w, https:\/\/aeridemontserrat.com\/wp-content\/uploads\/2026\/05\/Vista-Montserrat-1024x683.jpg 1024w, https:\/\/aeridemontserrat.com\/wp-content\/uploads\/2026\/05\/Vista-Montserrat-768x512.jpg 768w, https:\/\/aeridemontserrat.com\/wp-content\/uploads\/2026\/05\/Vista-Montserrat-700x467.jpg 700w\" sizes=\"(max-width: 1392px) 100vw, 1392px\" \/>\t\t\t\t\t\t\t\t\t\t\t\t\t\t\t<\/div>\n\t\t\t\t<\/div>\n\t\t\t\t\t<\/div>\n\t\t<\/div>\n\t\t\t\t<div class=\"elementor-column elementor-col-50 elementor-top-column elementor-element elementor-element-98d3399\" data-id=\"98d3399\" data-element_type=\"column\">\n\t\t\t<div class=\"elementor-widget-wrap elementor-element-populated\">\n\t\t\t\t\t\t<div class=\"elementor-element elementor-element-4136184 elementor-widget elementor-widget-image\" data-id=\"4136184\" data-element_type=\"widget\" data-widget_type=\"image.default\">\n\t\t\t\t<div class=\"elementor-widget-container\">\n\t\t\t\t\t\t\t\t\t\t\t\t\t\t\t<img decoding=\"async\" width=\"2560\" height=\"1707\" src=\"https:\/\/aeridemontserrat.com\/wp-content\/uploads\/2026\/05\/A744658-scaled.jpg\" class=\"attachment-full size-full wp-image-14868\" alt=\"Montanya-Montserrat\" srcset=\"https:\/\/aeridemontserrat.com\/wp-content\/uploads\/2026\/05\/A744658-scaled.jpg 2560w, https:\/\/aeridemontserrat.com\/wp-content\/uploads\/2026\/05\/A744658-300x200.jpg 300w, https:\/\/aeridemontserrat.com\/wp-content\/uploads\/2026\/05\/A744658-1024x683.jpg 1024w, https:\/\/aeridemontserrat.com\/wp-content\/uploads\/2026\/05\/A744658-768x512.jpg 768w, https:\/\/aeridemontserrat.com\/wp-content\/uploads\/2026\/05\/A744658-1536x1024.jpg 1536w, https:\/\/aeridemontserrat.com\/wp-content\/uploads\/2026\/05\/A744658-2048x1365.jpg 2048w, https:\/\/aeridemontserrat.com\/wp-content\/uploads\/2026\/05\/A744658-700x467.jpg 700w\" sizes=\"(max-width: 2560px) 100vw, 2560px\" \/>\t\t\t\t\t\t\t\t\t\t\t\t\t\t\t<\/div>\n\t\t\t\t<\/div>\n\t\t\t\t\t<\/div>\n\t\t<\/div>\n\t\t\t\t\t<\/div>\n\t\t<\/section>\n\t\t\t\t<section class=\"elementor-section elementor-top-section elementor-element elementor-element-40c9c02 elementor-reverse-mobile elementor-section-boxed elementor-section-height-default elementor-section-height-default parallax_section_no qode_elementor_container_no\" data-id=\"40c9c02\" data-element_type=\"section\">\n\t\t\t\t\t\t<div class=\"elementor-container elementor-column-gap-default\">\n\t\t\t\t\t<div class=\"elementor-column elementor-col-50 elementor-top-column elementor-element elementor-element-905f35c\" data-id=\"905f35c\" data-element_type=\"column\">\n\t\t\t<div class=\"elementor-widget-wrap elementor-element-populated\">\n\t\t\t\t\t\t<div class=\"elementor-element elementor-element-3add31d elementor-widget elementor-widget-image\" data-id=\"3add31d\" data-element_type=\"widget\" data-widget_type=\"image.default\">\n\t\t\t\t<div class=\"elementor-widget-container\">\n\t\t\t\t\t\t\t\t\t\t\t\t\t\t\t<img loading=\"lazy\" decoding=\"async\" width=\"2560\" height=\"1707\" src=\"https:\/\/aeridemontserrat.com\/wp-content\/uploads\/2026\/04\/Mare-de-Deu-Montserrat-scaled.jpeg\" class=\"attachment-full size-full wp-image-14176\" alt=\"\" srcset=\"https:\/\/aeridemontserrat.com\/wp-content\/uploads\/2026\/04\/Mare-de-Deu-Montserrat-scaled.jpeg 2560w, https:\/\/aeridemontserrat.com\/wp-content\/uploads\/2026\/04\/Mare-de-Deu-Montserrat-300x200.jpeg 300w, https:\/\/aeridemontserrat.com\/wp-content\/uploads\/2026\/04\/Mare-de-Deu-Montserrat-1024x683.jpeg 1024w, https:\/\/aeridemontserrat.com\/wp-content\/uploads\/2026\/04\/Mare-de-Deu-Montserrat-768x512.jpeg 768w, https:\/\/aeridemontserrat.com\/wp-content\/uploads\/2026\/04\/Mare-de-Deu-Montserrat-1536x1024.jpeg 1536w, https:\/\/aeridemontserrat.com\/wp-content\/uploads\/2026\/04\/Mare-de-Deu-Montserrat-2048x1365.jpeg 2048w, https:\/\/aeridemontserrat.com\/wp-content\/uploads\/2026\/04\/Mare-de-Deu-Montserrat-700x467.jpeg 700w\" sizes=\"(max-width: 2560px) 100vw, 2560px\" \/>\t\t\t\t\t\t\t\t\t\t\t\t\t\t\t<\/div>\n\t\t\t\t<\/div>\n\t\t\t\t\t<\/div>\n\t\t<\/div>\n\t\t\t\t<div class=\"elementor-column elementor-col-50 elementor-top-column elementor-element elementor-element-d8e98ce\" data-id=\"d8e98ce\" data-element_type=\"column\">\n\t\t\t<div class=\"elementor-widget-wrap elementor-element-populated\">\n\t\t\t\t\t\t<div class=\"elementor-element elementor-element-54974b6 elementor-widget elementor-widget-heading\" data-id=\"54974b6\" data-element_type=\"widget\" data-widget_type=\"heading.default\">\n\t\t\t\t<div class=\"elementor-widget-container\">\n\t\t\t\t\t<p class=\"elementor-heading-title elementor-size-default\">LE MONAST\u00c8RE DE MONTSERRAT<\/p>\t\t\t\t<\/div>\n\t\t\t\t<\/div>\n\t\t\t\t<div class=\"elementor-element elementor-element-f4645af elementor-widget elementor-widget-text-editor\" data-id=\"f4645af\" data-element_type=\"widget\" data-widget_type=\"text-editor.default\">\n\t\t\t\t<div class=\"elementor-widget-container\">\n\t\t\t\t\t\t\t\t\t<p>Le c\u0153ur spirituel de la montagne est le monast\u00e8re de Montserrat, fond\u00e9 au XIe si\u00e8cle. Selon la tradition, en l\u2019an 880, une image de la Vierge a \u00e9t\u00e9 d\u00e9couverte dans une grotte de la montagne, aujourd\u2019hui connue sous le nom de la Moreneta, patronne de la Catalogne. Cet \u00e9v\u00e9nement a conduit \u00e0 la construction du monast\u00e8re, qui est devenu au fil du temps un centre religieux et culturel de grande importance.<\/p>\t\t\t\t\t\t\t\t<\/div>\n\t\t\t\t<\/div>\n\t\t\t\t\t<\/div>\n\t\t<\/div>\n\t\t\t\t\t<\/div>\n\t\t<\/section>\n\t\t\t\t<section class=\"elementor-section elementor-top-section elementor-element elementor-element-7c45c3b elementor-reverse-mobile elementor-section-boxed elementor-section-height-default elementor-section-height-default parallax_section_no qode_elementor_container_no\" data-id=\"7c45c3b\" data-element_type=\"section\">\n\t\t\t\t\t\t<div class=\"elementor-container elementor-column-gap-default\">\n\t\t\t\t\t<div class=\"elementor-column elementor-col-50 elementor-top-column elementor-element elementor-element-cc6990a\" data-id=\"cc6990a\" data-element_type=\"column\">\n\t\t\t<div class=\"elementor-widget-wrap elementor-element-populated\">\n\t\t\t\t\t\t<div class=\"elementor-element elementor-element-39118eb elementor-widget elementor-widget-text-editor\" data-id=\"39118eb\" data-element_type=\"widget\" data-widget_type=\"text-editor.default\">\n\t\t\t\t<div class=\"elementor-widget-container\">\n\t\t\t\t\t\t\t\t\t<p>Au fil des si\u00e8cles, le monast\u00e8re a \u00e9t\u00e9 t\u00e9moin de moments cl\u00e9s de l\u2019histoire catalane, notamment des invasions, des destructions et des reconstructions, en particulier pendant la guerre d\u2019Ind\u00e9pendance espagnole au XIXe si\u00e8cle. Malgr\u00e9 cela, Montserrat a su pr\u00e9server son identit\u00e9 et demeure un symbole de r\u00e9sistance et de spiritualit\u00e9.<\/p>\t\t\t\t\t\t\t\t<\/div>\n\t\t\t\t<\/div>\n\t\t\t\t\t<\/div>\n\t\t<\/div>\n\t\t\t\t<div class=\"elementor-column elementor-col-50 elementor-top-column elementor-element elementor-element-971403c\" data-id=\"971403c\" data-element_type=\"column\">\n\t\t\t<div class=\"elementor-widget-wrap elementor-element-populated\">\n\t\t\t\t\t\t<div class=\"elementor-element elementor-element-6621240 elementor-widget elementor-widget-image\" data-id=\"6621240\" data-element_type=\"widget\" data-widget_type=\"image.default\">\n\t\t\t\t<div class=\"elementor-widget-container\">\n\t\t\t\t\t\t\t\t\t\t\t\t\t\t\t<img loading=\"lazy\" decoding=\"async\" width=\"1600\" height=\"1067\" src=\"https:\/\/aeridemontserrat.com\/wp-content\/uploads\/2026\/01\/miamoments-80.jpg\" class=\"attachment-full size-full wp-image-13097\" alt=\"Abadia-de-Monsterrat\" srcset=\"https:\/\/aeridemontserrat.com\/wp-content\/uploads\/2026\/01\/miamoments-80.jpg 1600w, https:\/\/aeridemontserrat.com\/wp-content\/uploads\/2026\/01\/miamoments-80-300x200.jpg 300w, https:\/\/aeridemontserrat.com\/wp-content\/uploads\/2026\/01\/miamoments-80-1024x683.jpg 1024w, https:\/\/aeridemontserrat.com\/wp-content\/uploads\/2026\/01\/miamoments-80-768x512.jpg 768w, https:\/\/aeridemontserrat.com\/wp-content\/uploads\/2026\/01\/miamoments-80-1536x1024.jpg 1536w, https:\/\/aeridemontserrat.com\/wp-content\/uploads\/2026\/01\/miamoments-80-700x467.jpg 700w\" sizes=\"(max-width: 1600px) 100vw, 1600px\" \/>\t\t\t\t\t\t\t\t\t\t\t\t\t\t\t<\/div>\n\t\t\t\t<\/div>\n\t\t\t\t\t<\/div>\n\t\t<\/div>\n\t\t\t\t\t<\/div>\n\t\t<\/section>\n\t\t\t\t<section class=\"elementor-section elementor-top-section elementor-element elementor-element-726bb29 elementor-section-boxed elementor-section-height-default elementor-section-height-default parallax_section_no qode_elementor_container_no\" data-id=\"726bb29\" data-element_type=\"section\">\n\t\t\t\t\t\t<div class=\"elementor-container elementor-column-gap-default\">\n\t\t\t\t\t<div class=\"elementor-column elementor-col-50 elementor-top-column elementor-element elementor-element-27952f4\" data-id=\"27952f4\" data-element_type=\"column\">\n\t\t\t<div class=\"elementor-widget-wrap elementor-element-populated\">\n\t\t\t\t\t\t<div class=\"elementor-element elementor-element-ff37fe3 elementor-widget elementor-widget-image\" data-id=\"ff37fe3\" data-element_type=\"widget\" data-widget_type=\"image.default\">\n\t\t\t\t<div class=\"elementor-widget-container\">\n\t\t\t\t\t\t\t\t\t\t\t\t\t\t\t<img loading=\"lazy\" decoding=\"async\" width=\"1600\" height=\"1067\" src=\"https:\/\/aeridemontserrat.com\/wp-content\/uploads\/2026\/01\/miamoments-64.jpg\" class=\"attachment-full size-full wp-image-13122\" alt=\"Abadia-de-Montserrat\" srcset=\"https:\/\/aeridemontserrat.com\/wp-content\/uploads\/2026\/01\/miamoments-64.jpg 1600w, https:\/\/aeridemontserrat.com\/wp-content\/uploads\/2026\/01\/miamoments-64-300x200.jpg 300w, https:\/\/aeridemontserrat.com\/wp-content\/uploads\/2026\/01\/miamoments-64-1024x683.jpg 1024w, https:\/\/aeridemontserrat.com\/wp-content\/uploads\/2026\/01\/miamoments-64-768x512.jpg 768w, https:\/\/aeridemontserrat.com\/wp-content\/uploads\/2026\/01\/miamoments-64-1536x1024.jpg 1536w, https:\/\/aeridemontserrat.com\/wp-content\/uploads\/2026\/01\/miamoments-64-700x467.jpg 700w\" sizes=\"(max-width: 1600px) 100vw, 1600px\" \/>\t\t\t\t\t\t\t\t\t\t\t\t\t\t\t<\/div>\n\t\t\t\t<\/div>\n\t\t\t\t\t<\/div>\n\t\t<\/div>\n\t\t\t\t<div class=\"elementor-column elementor-col-50 elementor-top-column elementor-element elementor-element-6a04a11\" data-id=\"6a04a11\" data-element_type=\"column\">\n\t\t\t<div class=\"elementor-widget-wrap elementor-element-populated\">\n\t\t\t\t\t\t<div class=\"elementor-element elementor-element-8e2ddd0 elementor-widget elementor-widget-image\" data-id=\"8e2ddd0\" data-element_type=\"widget\" data-widget_type=\"image.default\">\n\t\t\t\t<div class=\"elementor-widget-container\">\n\t\t\t\t\t\t\t\t\t\t\t\t\t\t\t<img loading=\"lazy\" decoding=\"async\" width=\"1600\" height=\"1067\" src=\"https:\/\/aeridemontserrat.com\/wp-content\/uploads\/2026\/01\/miamoments-61.jpg\" class=\"attachment-full size-full wp-image-13091\" alt=\"Aeri-de-Montserrat\" srcset=\"https:\/\/aeridemontserrat.com\/wp-content\/uploads\/2026\/01\/miamoments-61.jpg 1600w, https:\/\/aeridemontserrat.com\/wp-content\/uploads\/2026\/01\/miamoments-61-300x200.jpg 300w, https:\/\/aeridemontserrat.com\/wp-content\/uploads\/2026\/01\/miamoments-61-1024x683.jpg 1024w, https:\/\/aeridemontserrat.com\/wp-content\/uploads\/2026\/01\/miamoments-61-768x512.jpg 768w, https:\/\/aeridemontserrat.com\/wp-content\/uploads\/2026\/01\/miamoments-61-1536x1024.jpg 1536w, https:\/\/aeridemontserrat.com\/wp-content\/uploads\/2026\/01\/miamoments-61-700x467.jpg 700w\" sizes=\"(max-width: 1600px) 100vw, 1600px\" \/>\t\t\t\t\t\t\t\t\t\t\t\t\t\t\t<\/div>\n\t\t\t\t<\/div>\n\t\t\t\t\t<\/div>\n\t\t<\/div>\n\t\t\t\t\t<\/div>\n\t\t<\/section>\n\t\t\t\t<section class=\"elementor-section elementor-top-section elementor-element elementor-element-35f71a8 elementor-reverse-mobile elementor-section-boxed elementor-section-height-default elementor-section-height-default parallax_section_no qode_elementor_container_no\" data-id=\"35f71a8\" data-element_type=\"section\">\n\t\t\t\t\t\t<div class=\"elementor-container elementor-column-gap-default\">\n\t\t\t\t\t<div class=\"elementor-column elementor-col-50 elementor-top-column elementor-element elementor-element-ded4b4d\" data-id=\"ded4b4d\" data-element_type=\"column\" data-settings=\"{&quot;background_background&quot;:&quot;classic&quot;}\">\n\t\t\t<div class=\"elementor-widget-wrap elementor-element-populated\">\n\t\t\t\t\t\t<div class=\"elementor-element elementor-element-003ea1d elementor-widget elementor-widget-image\" data-id=\"003ea1d\" data-element_type=\"widget\" data-widget_type=\"image.default\">\n\t\t\t\t<div class=\"elementor-widget-container\">\n\t\t\t\t\t\t\t\t\t\t\t\t\t\t\t<img loading=\"lazy\" decoding=\"async\" width=\"800\" height=\"267\" src=\"https:\/\/aeridemontserrat.com\/wp-content\/uploads\/2020\/07\/montserrat-06.jpg\" class=\"attachment-full size-full wp-image-2445\" alt=\"\" srcset=\"https:\/\/aeridemontserrat.com\/wp-content\/uploads\/2020\/07\/montserrat-06.jpg 800w, https:\/\/aeridemontserrat.com\/wp-content\/uploads\/2020\/07\/montserrat-06-300x100.jpg 300w, https:\/\/aeridemontserrat.com\/wp-content\/uploads\/2020\/07\/montserrat-06-768x256.jpg 768w, https:\/\/aeridemontserrat.com\/wp-content\/uploads\/2020\/07\/montserrat-06-700x234.jpg 700w\" sizes=\"(max-width: 800px) 100vw, 800px\" \/>\t\t\t\t\t\t\t\t\t\t\t\t\t\t\t<\/div>\n\t\t\t\t<\/div>\n\t\t\t\t\t<\/div>\n\t\t<\/div>\n\t\t\t\t<div class=\"elementor-column elementor-col-50 elementor-top-column elementor-element elementor-element-b46b88d\" data-id=\"b46b88d\" data-element_type=\"column\" data-settings=\"{&quot;background_background&quot;:&quot;classic&quot;}\">\n\t\t\t<div class=\"elementor-widget-wrap elementor-element-populated\">\n\t\t\t\t\t\t<div class=\"elementor-element elementor-element-69ab0bb elementor-widget elementor-widget-heading\" data-id=\"69ab0bb\" data-element_type=\"widget\" data-widget_type=\"heading.default\">\n\t\t\t\t<div class=\"elementor-widget-container\">\n\t\t\t\t\t<p class=\"elementor-heading-title elementor-size-default\">PLAN DU MONAST\u00c8RE<\/p>\t\t\t\t<\/div>\n\t\t\t\t<\/div>\n\t\t\t\t<div class=\"elementor-element elementor-element-3d75e3c elementor-widget elementor-widget-text-editor\" data-id=\"3d75e3c\" data-element_type=\"widget\" data-widget_type=\"text-editor.default\">\n\t\t\t\t<div class=\"elementor-widget-container\">\n\t\t\t\t\t\t\t\t\tCliquez sur le bouton suivant pour t\u00e9l\u00e9charger le plan du monast\u00e8re en PDF. \t\t\t\t\t\t\t\t<\/div>\n\t\t\t\t<\/div>\n\t\t\t\t<div class=\"elementor-element elementor-element-198dc39 elementor-mobile-align-center elementor-widget elementor-widget-button\" data-id=\"198dc39\" data-element_type=\"widget\" data-widget_type=\"button.default\">\n\t\t\t\t<div class=\"elementor-widget-container\">\n\t\t\t\t\t\t\t\t\t<div class=\"elementor-button-wrapper\">\n\t\t\t\t\t<a class=\"elementor-button elementor-button-link elementor-size-lg\" href=\"https:\/\/aeridemontserrat.com\/wp-content\/uploads\/2020\/07\/mapa-del-monestir_1152_ca.pdf\">\n\t\t\t\t\t\t<span class=\"elementor-button-content-wrapper\">\n\t\t\t\t\t\t\t\t\t<span class=\"elementor-button-text\">Voir le plan en PDF<\/span>\n\t\t\t\t\t<\/span>\n\t\t\t\t\t<\/a>\n\t\t\t\t<\/div>\n\t\t\t\t\t\t\t\t<\/div>\n\t\t\t\t<\/div>\n\t\t\t\t\t<\/div>\n\t\t<\/div>\n\t\t\t\t\t<\/div>\n\t\t<\/section>\n\t\t\t\t<section class=\"elementor-section elementor-top-section elementor-element elementor-element-382ea1c elementor-section-full_width elementor-section-height-default elementor-section-height-default parallax_section_no qode_elementor_container_no\" data-id=\"382ea1c\" data-element_type=\"section\">\n\t\t\t\t\t\t<div class=\"elementor-container elementor-column-gap-default\">\n\t\t\t\t\t<div class=\"elementor-column elementor-col-100 elementor-top-column elementor-element elementor-element-4f14558\" data-id=\"4f14558\" data-element_type=\"column\">\n\t\t\t<div class=\"elementor-widget-wrap elementor-element-populated\">\n\t\t\t\t\t\t<div class=\"elementor-element elementor-element-ad598da elementor-widget elementor-widget-text-editor\" data-id=\"ad598da\" data-element_type=\"widget\" data-widget_type=\"text-editor.default\">\n\t\t\t\t<div class=\"elementor-widget-container\">\n\t\t\t\t\t\t\t\t\tPour plus d&rsquo;informations, vous pouvez consulter les liens suivants \t\t\t\t\t\t\t\t<\/div>\n\t\t\t\t<\/div>\n\t\t\t\t<div class=\"elementor-element elementor-element-745cfca elementor-align-center montserrat-button elementor-widget elementor-widget-button\" data-id=\"745cfca\" data-element_type=\"widget\" data-widget_type=\"button.default\">\n\t\t\t\t<div class=\"elementor-widget-container\">\n\t\t\t\t\t\t\t\t\t<div class=\"elementor-button-wrapper\">\n\t\t\t\t\t<a class=\"elementor-button elementor-button-link elementor-size-lg\" href=\"https:\/\/www.montserratvisita.com\/en\" target=\"_blank\">\n\t\t\t\t\t\t<span class=\"elementor-button-content-wrapper\">\n\t\t\t\t\t\t\t\t\t<span class=\"elementor-button-text\">D\u00c9COUVREZ <b>L'ABBAYE DE MONTSERRAT<\/b><\/span>\n\t\t\t\t\t<\/span>\n\t\t\t\t\t<\/a>\n\t\t\t\t<\/div>\n\t\t\t\t\t\t\t\t<\/div>\n\t\t\t\t<\/div>\n\t\t\t\t\t<\/div>\n\t\t<\/div>\n\t\t\t\t\t<\/div>\n\t\t<\/section>\n\t\t\t\t<\/div>\n\t\t","protected":false},"excerpt":{"rendered":"<p>HISTORIE DE MONTSERRAT: Symbole spirituel et naturel de la Catalogne Le massif de Montserrat est l\u2019un des lieux les plus embl\u00e9matiques de Catalogne, tant pour sa formation g\u00e9ologique unique que pour son importance culturelle et spirituelle. Depuis des si\u00e8cles, Montserrat est un lieu de p\u00e8lerinage,&#8230;<\/p>\n","protected":false},"author":1,"featured_media":0,"parent":0,"menu_order":0,"comment_status":"closed","ping_status":"closed","template":"full_width.php","meta":{"footnotes":""},"class_list":["post-2439","page","type-page","status-publish","hentry"],"_links":{"self":[{"href":"https:\/\/aeridemontserrat.com\/fr\/wp-json\/wp\/v2\/pages\/2439","targetHints":{"allow":["GET"]}}],"collection":[{"href":"https:\/\/aeridemontserrat.com\/fr\/wp-json\/wp\/v2\/pages"}],"about":[{"href":"https:\/\/aeridemontserrat.com\/fr\/wp-json\/wp\/v2\/types\/page"}],"author":[{"embeddable":true,"href":"https:\/\/aeridemontserrat.com\/fr\/wp-json\/wp\/v2\/users\/1"}],"replies":[{"embeddable":true,"href":"https:\/\/aeridemontserrat.com\/fr\/wp-json\/wp\/v2\/comments?post=2439"}],"version-history":[{"count":20,"href":"https:\/\/aeridemontserrat.com\/fr\/wp-json\/wp\/v2\/pages\/2439\/revisions"}],"predecessor-version":[{"id":14898,"href":"https:\/\/aeridemontserrat.com\/fr\/wp-json\/wp\/v2\/pages\/2439\/revisions\/14898"}],"wp:attachment":[{"href":"https:\/\/aeridemontserrat.com\/fr\/wp-json\/wp\/v2\/media?parent=2439"}],"curies":[{"name":"wp","href":"https:\/\/api.w.org\/{rel}","templated":true}]}}