{"id":2468,"date":"2020-07-27T17:53:25","date_gmt":"2020-07-27T15:53:25","guid":{"rendered":"https:\/\/aeridemontserrat.com\/?page_id=2468"},"modified":"2026-05-04T14:05:37","modified_gmt":"2026-05-04T12:05:37","slug":"cookie-policy","status":"publish","type":"page","link":"https:\/\/aeridemontserrat.com\/fr\/cookie-policy\/","title":{"rendered":"Cookie policy"},"content":{"rendered":"\t\t<div data-elementor-type=\"wp-page\" data-elementor-id=\"2468\" class=\"elementor elementor-2468 elementor-2151\">\n\t\t\t\t\t\t<section class=\"elementor-section elementor-top-section elementor-element elementor-element-2fcd8e9 elementor-reverse-mobile elementor-section-boxed elementor-section-height-default elementor-section-height-default parallax_section_no qode_elementor_container_no\" data-id=\"2fcd8e9\" data-element_type=\"section\">\n\t\t\t\t\t\t<div class=\"elementor-container elementor-column-gap-default\">\n\t\t\t\t\t<div class=\"elementor-column elementor-col-100 elementor-top-column elementor-element elementor-element-6e76064\" data-id=\"6e76064\" data-element_type=\"column\">\n\t\t\t<div class=\"elementor-widget-wrap elementor-element-populated\">\n\t\t\t\t\t\t<div class=\"elementor-element elementor-element-38da9af elementor-widget elementor-widget-text-editor\" data-id=\"38da9af\" data-element_type=\"widget\" data-widget_type=\"text-editor.default\">\n\t\t\t\t<div class=\"elementor-widget-container\">\n\t\t\t\t\t\t\t\t\t<p><strong style=\"font-size: 18px;\">Qu&rsquo;est ce que les cookies? <\/strong><\/p><p data-start=\"74\" data-end=\"598\">Les cookies sont de petits fichiers de donn\u00e9es re\u00e7us par le terminal depuis le site web visit\u00e9 et utilis\u00e9s pour enregistrer certaines interactions de navigation sur un site en stockant des donn\u00e9es pouvant \u00eatre mises \u00e0 jour et r\u00e9cup\u00e9r\u00e9es. Ces fichiers sont stock\u00e9s sur l\u2019ordinateur de l\u2019utilisateur et contiennent des donn\u00e9es anonymes qui ne sont pas nuisibles pour le syst\u00e8me. Ils servent \u00e0 m\u00e9moriser les pr\u00e9f\u00e9rences de l\u2019utilisateur, telles que la langue s\u00e9lectionn\u00e9e, les donn\u00e9es d\u2019acc\u00e8s ou la personnalisation de la page.<\/p><p data-start=\"600\" data-end=\"849\">Les cookies peuvent \u00e9galement \u00eatre utilis\u00e9s pour enregistrer des informations anonymes sur la mani\u00e8re dont un visiteur utilise un site. Par exemple, la page web depuis laquelle l\u2019utilisateur est arriv\u00e9 ou si une banni\u00e8re publicitaire a \u00e9t\u00e9 utilis\u00e9e.<\/p><p data-start=\"600\" data-end=\"849\">\u00a0<\/p><p data-start=\"600\" data-end=\"849\"><strong style=\"font-size: 18px;\">Pourquoi l&rsquo;Aeri de Montserrat utilise-t-il des?<\/strong><\/p><p data-start=\"916\" data-end=\"1388\">Nous utilisons des cookies strictement n\u00e9cessaires pour vous permettre d\u2019utiliser notre site web et de naviguer librement, d\u2019acc\u00e9der \u00e0 des zones s\u00e9curis\u00e9es, \u00e0 des options personnalis\u00e9es, etc. Nous utilisons \u00e9galement des cookies pour recueillir des donn\u00e9es destin\u00e9es \u00e0 l\u2019analyse de l\u2019utilisation du site. Ces donn\u00e9es servent \u00e0 am\u00e9liorer le service offert \u00e0 l\u2019utilisateur, en mesurant l\u2019utilisation et les performances de la page afin de l\u2019optimiser et de la personnaliser.<\/p><p data-start=\"1390\" data-end=\"1743\">Nos sites web peuvent \u00e9galement contenir des liens vers des r\u00e9seaux sociaux tels que Facebook ou Twitter. L\u2019Aeri de Montserrat n\u2019a aucun contr\u00f4le sur les cookies utilis\u00e9s par ces sites externes. Pour plus d\u2019informations sur les cookies des r\u00e9seaux sociaux ou d\u2019autres sites tiers, nous vous recommandons de consulter leurs propres politiques de cookies.<\/p><p data-start=\"1390\" data-end=\"1743\">\u00a0<\/p><p data-start=\"1390\" data-end=\"1743\"><strong style=\"font-size: 18px;\">Types de cookies<\/strong><\/p><p><strong style=\"font-size: 14px;\">\u2022 Selon l&rsquo;entit\u00e9 qui kes g\u00e8re:\u00a0<\/strong><\/p><div style=\"padding-left: 20px;\"><p><strong>Cookies propes<\/strong><br \/>Les cookies propres sont ceux g\u00e9n\u00e9r\u00e9s par la page que vous visitez.<\/p><p><strong>Cookies de tiers<\/strong><br \/>Les cookies tiers sont ceux g\u00e9n\u00e9r\u00e9s par des services ou fournisseurs externes tels que Facebook, Twitter, Google, etc.<\/p><\/div><p><strong style=\"font-size: 14px;\">\u2022 Selon leur finalit\u00e9: <\/strong><\/p><div style=\"padding-left: 20px;\"><p><strong>Cookies techniques<\/strong><br \/>Les cookies techniques sont essentiels et strictement n\u00e9cessaires au bon fonctionnement du portail web et \u00e0 l\u2019utilisation des diff\u00e9rentes options et services propos\u00e9s.<br data-start=\"2240\" data-end=\"2243\" \/>Par exemple, ceux qui maintiennent la session, g\u00e8rent les temps de r\u00e9ponse, les performances ou la validation des options, l\u2019utilisation d\u2019\u00e9l\u00e9ments de s\u00e9curit\u00e9, le partage de contenus sur les r\u00e9seaux sociaux, etc.<\/p><p><strong>Cookies de personnalisation<\/strong><br \/>Ces cookies permettent \u00e0 l\u2019utilisateur de sp\u00e9cifier ou de personnaliser certaines caract\u00e9ristiques des options g\u00e9n\u00e9rales de la page web, comme d\u00e9finir la langue, la configuration r\u00e9gionale ou le type de navigateur.<\/p><p><strong>Cookies analytiques<\/strong><br \/>Les cookies analytiques sont utilis\u00e9s par nos portails web pour \u00e9tablir des profils de navigation et conna\u00eetre les pr\u00e9f\u00e9rences des utilisateurs afin d\u2019am\u00e9liorer l\u2019offre de produits et services.<br data-start=\"2919\" data-end=\"2922\" \/>Par exemple, un cookie analytique permet de contr\u00f4ler les zones g\u00e9ographiques qui int\u00e9ressent le plus l\u2019utilisateur, ses produits pr\u00e9f\u00e9r\u00e9s, etc.<\/p><p><strong>Cookies publicitaires<\/strong><br \/>Les cookies publicitaires permettent de g\u00e9rer les espaces publicitaires selon des crit\u00e8res sp\u00e9cifiques, comme la fr\u00e9quence des visites, le contenu consult\u00e9, etc.<br data-start=\"3253\" data-end=\"3256\" \/>Gr\u00e2ce \u00e0 la gestion de la publicit\u00e9, ils permettent de stocker des informations sur le comportement des utilisateurs en observant leurs habitudes, en \u00e9tudiant les visites et en cr\u00e9ant un profil de pr\u00e9f\u00e9rences afin de proposer des publicit\u00e9s adapt\u00e9es \u00e0 leurs int\u00e9r\u00eats.<\/p><\/div><p><strong style=\"font-size: 14px;\">\u2022 Selon leur dur\u00e9e:<\/strong><\/p><div style=\"padding-left: 20px;\"><p><strong>Cookies de session<\/strong><br \/>Les cookies de session sont actifs pendant la dur\u00e9e de navigation de l\u2019utilisateur et sont supprim\u00e9s \u00e0 la fin.<\/p><p><strong>Cookies persistants<\/strong><br \/>Ces cookies restent stock\u00e9s sur le terminal de l\u2019utilisateur pendant une p\u00e9riode plus longue, facilitant la gestion des pr\u00e9f\u00e9rences sans avoir \u00e0 r\u00e9p\u00e9ter certains param\u00e8tres \u00e0 chaque visite du site.<\/p><p>\u00a0<\/p><\/div><p data-start=\"3682\" data-end=\"3901\"><strong style=\"font-size: 18px;\">Identification des cookies sur ce site<\/strong><\/p><p data-start=\"3950\" data-end=\"4163\">Les cookies utilis\u00e9s sur ce site peuvent \u00eatre trait\u00e9s par nous-m\u00eames ou par des tiers mentionn\u00e9s ci-dessous, avec lesquels nous avons contract\u00e9 pour la prestation de services n\u00e9cessitant l\u2019utilisation de cookies :<\/p><p><strong>\u2022 Analytics<\/strong><\/p><p><strong>\u2022 YouTube<\/strong><\/p><p><strong>\u2022 Vimeo<\/strong><\/p><p><strong>\u2022 Facebook<\/strong><\/p><p><strong>\u2022 Twitter<\/strong><\/p><p data-start=\"4230\" data-end=\"4279\">\u00a0<\/p><p data-start=\"4230\" data-end=\"4279\"><strong style=\"font-size: 18px;\">Comment d\u00e9sactiver ou supprimer les cookies?<\/strong>Afin de respecter la loi, nous devons vous demander votre autorisation pour g\u00e9rer les cookies. Si vous d\u00e9cidez de ne pas autoriser leur traitement en exprimant votre refus, nous n\u2019utiliserons que les cookies techniques, indispensables \u00e0 la navigation sur notre site. Dans ce cas, aucun autre cookie ne sera stock\u00e9. Si vous continuez \u00e0 naviguer sur notre site sans refuser leur utilisation, cela implique que vous les acceptez.<\/p><p data-start=\"4709\" data-end=\"5054\">Veuillez noter que si vous refusez ou supprimez les cookies du site de l\u2019Aeri de Montserrat, nous ne pourrons pas enregistrer vos pr\u00e9f\u00e9rences, certaines fonctionnalit\u00e9s des pages ne seront pas op\u00e9rationnelles, nous ne pourrons pas vous offrir des services personnalis\u00e9s et nous devrons vous demander \u00e0 nouveau votre autorisation \u00e0 chaque visite.<\/p><p data-start=\"5056\" data-end=\"5289\">Si vous souhaitez n\u00e9anmoins modifier la configuration de votre navigateur, sachez que vous pouvez supprimer les cookies ou emp\u00eacher leur enregistrement sur votre syst\u00e8me \u00e0 tout moment en modifiant les param\u00e8tres de votre navigateur:<\/p><p><a href=\"http:\/\/windows.microsoft.com\/es-es\/windows-vista\/block-or-allow-cookies\" target=\"_blank\" rel=\"noopener\"><strong><strong style=\"font-size: 14px;\">\u2022 <\/strong>Configuration des cookies<\/strong> <strong>d&rsquo;Internet Explorer<\/strong><\/a><br \/><strong><a href=\"http:\/\/support.mozilla.org\/ca\/kb\/activa-i-desactiva-les-galetes-que-les-pagines-web\" target=\"_blank\" rel=\"noopener\"><strong style=\"font-size: 14px;\">\u2022 <\/strong>Configuration des cookies de Firefox<\/a><\/strong><br \/><strong><a href=\"https:\/\/support.google.com\/chrome\/answer\/95647?hl=ca\" target=\"_blank\" rel=\"noopener\"><strong style=\"font-size: 14px;\">\u2022 <\/strong>Configuration des cookies de Google Chrome<\/a><\/strong><br \/><strong><a href=\"http:\/\/support.apple.com\/kb\/HT1677?viewlocale=es_ES&amp;locale=es_ES\" target=\"_blank\" rel=\"noopener\"><strong style=\"font-size: 14px;\">\u2022 <\/strong>Configuration des cookies de Safari<\/a><\/strong><\/p><p data-start=\"5462\" data-end=\"5833\">Ces navigateurs \u00e9tant susceptibles de mises \u00e0 jour ou de modifications, nous ne pouvons garantir une adaptation totale \u00e0 votre version. Pour \u00e9viter cela, vous pouvez acc\u00e9der directement aux options de votre navigateur, g\u00e9n\u00e9ralement disponibles dans le menu \u00ab Options \u00bb, section \u00ab confidentialit\u00e9 \u00bb. (Consultez la rubrique d\u2019aide de votre navigateur pour plus de d\u00e9tails).<\/p><p data-start=\"5838\" data-end=\"5877\">\u00a0<\/p><p data-start=\"5838\" data-end=\"5877\"><strong style=\"font-size: 18px;\">Que signifie accepter les cookies? <\/strong><\/p><p data-start=\"5879\" data-end=\"6051\">Si vous acceptez nos cookies, nous pouvons am\u00e9liorer les sites web de l\u2019Aeri de Montserrat afin de vous offrir un acc\u00e8s optimal et un service plus efficace et personnalis\u00e9.<\/p><p data-start=\"6053\" data-end=\"6239\">Vous pouvez \u00e9galement configurer votre navigateur pour que seuls les sites de confiance ou les pages consult\u00e9es puissent g\u00e9rer les cookies, ce qui vous permet de choisir vos pr\u00e9f\u00e9rences.<\/p><p data-start=\"6241\" data-end=\"6613\">En publiant cette politique, l\u2019Aeri de Montserrat d\u00e9montre son engagement envers la l\u00e9gislation en vigueur relative \u00e0 l\u2019utilisation des cookies, en vous fournissant des informations pour comprendre quels types de cookies nous utilisons et pourquoi. Nous souhaitons ainsi agir de mani\u00e8re transparente concernant les donn\u00e9es trait\u00e9es lors de votre navigation sur notre site.<\/p><p data-start=\"6615\" data-end=\"6803\">Cette politique est r\u00e9guli\u00e8rement r\u00e9vis\u00e9e afin de rester \u00e0 jour et peut donc \u00eatre modifi\u00e9e. Nous vous recommandons de consulter cette page r\u00e9guli\u00e8rement, o\u00f9 toute mise \u00e0 jour sera publi\u00e9e.<\/p><p data-start=\"6615\" data-end=\"6803\">\u00a0<\/p>\t\t\t\t\t\t\t\t<\/div>\n\t\t\t\t<\/div>\n\t\t\t\t\t<\/div>\n\t\t<\/div>\n\t\t\t\t\t<\/div>\n\t\t<\/section>\n\t\t\t\t<\/div>\n\t\t","protected":false},"excerpt":{"rendered":"<p>Qu&rsquo;est ce que les cookies? Les cookies sont de petits fichiers de donn\u00e9es re\u00e7us par le terminal depuis le site web visit\u00e9 et utilis\u00e9s pour enregistrer certaines interactions de navigation sur un site en stockant des donn\u00e9es pouvant \u00eatre mises \u00e0 jour et r\u00e9cup\u00e9r\u00e9es. Ces&#8230;<\/p>\n","protected":false},"author":1,"featured_media":0,"parent":0,"menu_order":0,"comment_status":"closed","ping_status":"closed","template":"full_width.php","meta":{"footnotes":""},"class_list":["post-2468","page","type-page","status-publish","hentry"],"_links":{"self":[{"href":"https:\/\/aeridemontserrat.com\/fr\/wp-json\/wp\/v2\/pages\/2468","targetHints":{"allow":["GET"]}}],"collection":[{"href":"https:\/\/aeridemontserrat.com\/fr\/wp-json\/wp\/v2\/pages"}],"about":[{"href":"https:\/\/aeridemontserrat.com\/fr\/wp-json\/wp\/v2\/types\/page"}],"author":[{"embeddable":true,"href":"https:\/\/aeridemontserrat.com\/fr\/wp-json\/wp\/v2\/users\/1"}],"replies":[{"embeddable":true,"href":"https:\/\/aeridemontserrat.com\/fr\/wp-json\/wp\/v2\/comments?post=2468"}],"version-history":[{"count":16,"href":"https:\/\/aeridemontserrat.com\/fr\/wp-json\/wp\/v2\/pages\/2468\/revisions"}],"predecessor-version":[{"id":14511,"href":"https:\/\/aeridemontserrat.com\/fr\/wp-json\/wp\/v2\/pages\/2468\/revisions\/14511"}],"wp:attachment":[{"href":"https:\/\/aeridemontserrat.com\/fr\/wp-json\/wp\/v2\/media?parent=2468"}],"curies":[{"name":"wp","href":"https:\/\/api.w.org\/{rel}","templated":true}]}}