{"id":3498,"date":"2021-10-13T16:08:40","date_gmt":"2021-10-13T14:08:40","guid":{"rendered":"https:\/\/aeridemontserrat.com\/missio-visio-i-valors\/"},"modified":"2026-01-09T16:01:46","modified_gmt":"2026-01-09T14:01:46","slug":"mission-vision-et-valeurs","status":"publish","type":"page","link":"https:\/\/aeridemontserrat.com\/fr\/mission-vision-et-valeurs\/","title":{"rendered":"MISSION, VISION ET VALEURS"},"content":{"rendered":"\t\t<div data-elementor-type=\"wp-page\" data-elementor-id=\"3498\" class=\"elementor elementor-3498 elementor-3127\">\n\t\t\t\t\t\t<section class=\"elementor-section elementor-top-section elementor-element elementor-element-4324 elementor-section-boxed elementor-section-height-default elementor-section-height-default parallax_section_no qode_elementor_container_no\" data-id=\"4324\" data-element_type=\"section\">\n\t\t\t\t\t\t<div class=\"elementor-container elementor-column-gap-default\">\n\t\t\t\t\t<div class=\"elementor-column elementor-col-100 elementor-top-column elementor-element elementor-element-2fb7\" data-id=\"2fb7\" data-element_type=\"column\">\n\t\t\t<div class=\"elementor-widget-wrap elementor-element-populated\">\n\t\t\t\t\t\t<div class=\"elementor-element elementor-element-a58f5a5 historia-titol elementor-widget__width-initial elementor-widget elementor-widget-heading\" data-id=\"a58f5a5\" data-element_type=\"widget\" data-widget_type=\"heading.default\">\n\t\t\t\t<div class=\"elementor-widget-container\">\n\t\t\t\t\t<p class=\"elementor-heading-title elementor-size-default\">NOTRE MISSION, NOTRE VISION ET NOS VALEURS<br> sont pr\u00e9sentes dans tout ce que nous faisons et nous d\u00e9finissent en tant qu\u2019organisation. Elles expliquent la mani\u00e8re dont nous travaillons et la raison pour laquelle nous le faisons.<\/p>\t\t\t\t<\/div>\n\t\t\t\t<\/div>\n\t\t\t\t\t<\/div>\n\t\t<\/div>\n\t\t\t\t\t<\/div>\n\t\t<\/section>\n\t\t\t\t<section class=\"elementor-section elementor-top-section elementor-element elementor-element-37a0caf1 elementor-reverse-mobile missio-row elementor-section-boxed elementor-section-height-default elementor-section-height-default parallax_section_no qode_elementor_container_no\" data-id=\"37a0caf1\" data-element_type=\"section\">\n\t\t\t\t\t\t<div class=\"elementor-container elementor-column-gap-default\">\n\t\t\t\t\t<div class=\"elementor-column elementor-col-50 elementor-top-column elementor-element elementor-element-375bc008\" data-id=\"375bc008\" data-element_type=\"column\">\n\t\t\t<div class=\"elementor-widget-wrap elementor-element-populated\">\n\t\t\t\t\t\t<div class=\"elementor-element elementor-element-494ebecb elementor-widget elementor-widget-heading\" data-id=\"494ebecb\" data-element_type=\"widget\" data-widget_type=\"heading.default\">\n\t\t\t\t<div class=\"elementor-widget-container\">\n\t\t\t\t\t<p class=\"elementor-heading-title elementor-size-default\"><b>1.<\/b> NOTRE <span class=\"title-destacat\">MISSION<\/span><\/p>\t\t\t\t<\/div>\n\t\t\t\t<\/div>\n\t\t\t\t<div class=\"elementor-element elementor-element-6c3b5253 elementor-widget elementor-widget-text-editor\" data-id=\"6c3b5253\" data-element_type=\"widget\" data-widget_type=\"text-editor.default\">\n\t\t\t\t<div class=\"elementor-widget-container\">\n\t\t\t\t\t\t\t\t\tOffrir un excellent service de transport et une exp\u00e9rience unique aux visiteurs de Montserrat, gr\u00e2ce \u00e0 un bon accueil et \u00e0 un service de qualit\u00e9, sachant que la s\u00e9curit\u00e9 et la relation avec le client sont les principaux axes de notre entreprise.\t\t\t\t\t\t\t\t<\/div>\n\t\t\t\t<\/div>\n\t\t\t\t\t<\/div>\n\t\t<\/div>\n\t\t\t\t<div class=\"elementor-column elementor-col-50 elementor-top-column elementor-element elementor-element-1992b97d\" data-id=\"1992b97d\" data-element_type=\"column\">\n\t\t\t<div class=\"elementor-widget-wrap elementor-element-populated\">\n\t\t\t\t\t\t<div class=\"elementor-element elementor-element-470f30c2 elementor-widget elementor-widget-image\" data-id=\"470f30c2\" data-element_type=\"widget\" data-widget_type=\"image.default\">\n\t\t\t\t<div class=\"elementor-widget-container\">\n\t\t\t\t\t\t\t\t\t\t\t\t\t\t\t<img fetchpriority=\"high\" decoding=\"async\" width=\"2560\" height=\"1707\" src=\"https:\/\/aeridemontserrat.com\/wp-content\/uploads\/2026\/01\/miamoments-20-scaled.jpg\" class=\"attachment-full size-full wp-image-13251\" alt=\"cabina-aeri-de-montserrat\" srcset=\"https:\/\/aeridemontserrat.com\/wp-content\/uploads\/2026\/01\/miamoments-20-scaled.jpg 2560w, https:\/\/aeridemontserrat.com\/wp-content\/uploads\/2026\/01\/miamoments-20-300x200.jpg 300w, https:\/\/aeridemontserrat.com\/wp-content\/uploads\/2026\/01\/miamoments-20-1024x683.jpg 1024w, https:\/\/aeridemontserrat.com\/wp-content\/uploads\/2026\/01\/miamoments-20-768x512.jpg 768w, https:\/\/aeridemontserrat.com\/wp-content\/uploads\/2026\/01\/miamoments-20-1536x1024.jpg 1536w, https:\/\/aeridemontserrat.com\/wp-content\/uploads\/2026\/01\/miamoments-20-2048x1365.jpg 2048w, https:\/\/aeridemontserrat.com\/wp-content\/uploads\/2026\/01\/miamoments-20-700x467.jpg 700w\" sizes=\"(max-width: 2560px) 100vw, 2560px\" \/>\t\t\t\t\t\t\t\t\t\t\t\t\t\t\t<\/div>\n\t\t\t\t<\/div>\n\t\t\t\t\t<\/div>\n\t\t<\/div>\n\t\t\t\t\t<\/div>\n\t\t<\/section>\n\t\t\t\t<section class=\"elementor-section elementor-top-section elementor-element elementor-element-1a5a58f5 missio-row elementor-section-boxed elementor-section-height-default elementor-section-height-default parallax_section_no qode_elementor_container_no\" data-id=\"1a5a58f5\" data-element_type=\"section\">\n\t\t\t\t\t\t<div class=\"elementor-container elementor-column-gap-default\">\n\t\t\t\t\t<div class=\"elementor-column elementor-col-50 elementor-top-column elementor-element elementor-element-6e68b544\" data-id=\"6e68b544\" data-element_type=\"column\">\n\t\t\t<div class=\"elementor-widget-wrap elementor-element-populated\">\n\t\t\t\t\t\t<div class=\"elementor-element elementor-element-4f1b5024 elementor-widget elementor-widget-image\" data-id=\"4f1b5024\" data-element_type=\"widget\" data-widget_type=\"image.default\">\n\t\t\t\t<div class=\"elementor-widget-container\">\n\t\t\t\t\t\t\t\t\t\t\t\t\t\t\t<img decoding=\"async\" width=\"2560\" height=\"1707\" src=\"https:\/\/aeridemontserrat.com\/wp-content\/uploads\/2026\/01\/miamoments-3-sensevinil-scaled.jpg\" class=\"attachment-full size-full wp-image-13231\" alt=\"cabina-aeri-de-montserrat\" srcset=\"https:\/\/aeridemontserrat.com\/wp-content\/uploads\/2026\/01\/miamoments-3-sensevinil-scaled.jpg 2560w, https:\/\/aeridemontserrat.com\/wp-content\/uploads\/2026\/01\/miamoments-3-sensevinil-300x200.jpg 300w, https:\/\/aeridemontserrat.com\/wp-content\/uploads\/2026\/01\/miamoments-3-sensevinil-1024x683.jpg 1024w, https:\/\/aeridemontserrat.com\/wp-content\/uploads\/2026\/01\/miamoments-3-sensevinil-768x512.jpg 768w, https:\/\/aeridemontserrat.com\/wp-content\/uploads\/2026\/01\/miamoments-3-sensevinil-1536x1024.jpg 1536w, https:\/\/aeridemontserrat.com\/wp-content\/uploads\/2026\/01\/miamoments-3-sensevinil-2048x1365.jpg 2048w, https:\/\/aeridemontserrat.com\/wp-content\/uploads\/2026\/01\/miamoments-3-sensevinil-700x467.jpg 700w\" sizes=\"(max-width: 2560px) 100vw, 2560px\" \/>\t\t\t\t\t\t\t\t\t\t\t\t\t\t\t<\/div>\n\t\t\t\t<\/div>\n\t\t\t\t\t<\/div>\n\t\t<\/div>\n\t\t\t\t<div class=\"elementor-column elementor-col-50 elementor-top-column elementor-element elementor-element-3a0fae56\" data-id=\"3a0fae56\" data-element_type=\"column\">\n\t\t\t<div class=\"elementor-widget-wrap elementor-element-populated\">\n\t\t\t\t\t\t<div class=\"elementor-element elementor-element-f8cce99 elementor-widget elementor-widget-heading\" data-id=\"f8cce99\" data-element_type=\"widget\" data-widget_type=\"heading.default\">\n\t\t\t\t<div class=\"elementor-widget-container\">\n\t\t\t\t\t<p class=\"elementor-heading-title elementor-size-default\"><b>2.<\/b> NOTRE <span class=\"title-destacat\">VISION<\/span><\/p>\t\t\t\t<\/div>\n\t\t\t\t<\/div>\n\t\t\t\t<div class=\"elementor-element elementor-element-455d25e elementor-widget elementor-widget-text-editor\" data-id=\"455d25e\" data-element_type=\"widget\" data-widget_type=\"text-editor.default\">\n\t\t\t\t<div class=\"elementor-widget-container\">\n\t\t\t\t\t\t\t\t\tNous souhaitons devenir le principal axe d\u2019acc\u00e8s \u00e0 Montserrat, durable et respectueux de l\u2019environnement et des personnes.\t\t\t\t\t\t\t\t<\/div>\n\t\t\t\t<\/div>\n\t\t\t\t\t<\/div>\n\t\t<\/div>\n\t\t\t\t\t<\/div>\n\t\t<\/section>\n\t\t\t\t<section class=\"elementor-section elementor-top-section elementor-element elementor-element-2f7c763 elementor-reverse-mobile missio-row elementor-section-boxed elementor-section-height-default elementor-section-height-default parallax_section_no qode_elementor_container_no\" data-id=\"2f7c763\" data-element_type=\"section\">\n\t\t\t\t\t\t<div class=\"elementor-container elementor-column-gap-default\">\n\t\t\t\t\t<div class=\"elementor-column elementor-col-50 elementor-top-column elementor-element elementor-element-cbe0509\" data-id=\"cbe0509\" data-element_type=\"column\">\n\t\t\t<div class=\"elementor-widget-wrap elementor-element-populated\">\n\t\t\t\t\t\t<div class=\"elementor-element elementor-element-169bd1e elementor-widget elementor-widget-heading\" data-id=\"169bd1e\" data-element_type=\"widget\" data-widget_type=\"heading.default\">\n\t\t\t\t<div class=\"elementor-widget-container\">\n\t\t\t\t\t<p class=\"elementor-heading-title elementor-size-default\"><b>3.<\/b> NOS <span class=\"title-destacat\">VALEURS<\/span><\/p>\t\t\t\t<\/div>\n\t\t\t\t<\/div>\n\t\t\t\t<div class=\"elementor-element elementor-element-9382909 elementor-widget elementor-widget-text-editor\" data-id=\"9382909\" data-element_type=\"widget\" data-widget_type=\"text-editor.default\">\n\t\t\t\t<div class=\"elementor-widget-container\">\n\t\t\t\t\t\t\t\t\t<p><strong>PRUDENCE <\/strong> &#8211; Comprendre une situation, en en pr\u00e9voyant les cons\u00e9quences, en prenant la bonne d\u00e9cision de mani\u00e8re raisonn\u00e9e, dans les temps et sous la forme appropri\u00e9e.<\/p><p>\u00a0<\/p><p><strong>RESPECT <\/strong>&#8211; Faire attention \u00e0 la mani\u00e8re de traiter les personnes et les institutions.<\/p><p>\u00a0<\/p><p><strong>HUMILIT\u00c9 <\/strong>&#8211; Reconna\u00eetre ses propres d\u00e9fauts et erreurs. Savoir nous mettre \u00e0 la place d\u2019autres personnes en faisant preuve d\u2019empathie, pour les aider.<\/p><p>\u00a0<\/p><p><strong>G\u00c9NEROSIT\u00c9 <\/strong>&#8211; Faire passer devant notre propre b\u00e9n\u00e9fice celui des autres, en faisant preuve de tol\u00e9rance, de compr\u00e9hension et d\u2019empathie.<\/p><p>\u00a0<\/p><p><strong>AUST\u00c9RIT\u00c9 <\/strong>&#8211; Fuir du consum\u00e9risme et des d\u00e9penses superflues. Cr\u00e9er de la valeur \u00e0 partir de l\u2019optimisation des ressources, de mani\u00e8re \u00e9quilibr\u00e9e.<\/p><p>\u00a0<\/p><p><strong>LOYAUT\u00c9 <\/strong>&#8211; Nous engager envers l\u2019entreprise et l\u2019institution de Montserrat.<\/p>\t\t\t\t\t\t\t\t<\/div>\n\t\t\t\t<\/div>\n\t\t\t\t\t<\/div>\n\t\t<\/div>\n\t\t\t\t<div class=\"elementor-column elementor-col-50 elementor-top-column elementor-element elementor-element-679d9fc\" data-id=\"679d9fc\" data-element_type=\"column\">\n\t\t\t<div class=\"elementor-widget-wrap elementor-element-populated\">\n\t\t\t\t\t\t<div class=\"elementor-element elementor-element-d885765 elementor-widget elementor-widget-image\" data-id=\"d885765\" data-element_type=\"widget\" data-widget_type=\"image.default\">\n\t\t\t\t<div class=\"elementor-widget-container\">\n\t\t\t\t\t\t\t\t\t\t\t\t\t\t\t<img decoding=\"async\" width=\"539\" height=\"303\" src=\"https:\/\/aeridemontserrat.com\/wp-content\/uploads\/2026\/01\/miamoments-140-539x303.jpg\" class=\"attachment-latest_post_boxes size-latest_post_boxes wp-image-13225\" alt=\"acces-aeri-de-montserrat\" \/>\t\t\t\t\t\t\t\t\t\t\t\t\t\t\t<\/div>\n\t\t\t\t<\/div>\n\t\t\t\t\t<\/div>\n\t\t<\/div>\n\t\t\t\t\t<\/div>\n\t\t<\/section>\n\t\t\t\t<\/div>\n\t\t","protected":false},"excerpt":{"rendered":"<p>NOTRE MISSION, NOTRE VISION ET NOS VALEURS sont pr\u00e9sentes dans tout ce que nous faisons et nous d\u00e9finissent en tant qu\u2019organisation. Elles expliquent la mani\u00e8re dont nous travaillons et la raison pour laquelle nous le faisons. 1. NOTRE MISSION Offrir un excellent service de transport&#8230;<\/p>\n","protected":false},"author":1,"featured_media":0,"parent":0,"menu_order":0,"comment_status":"closed","ping_status":"closed","template":"full_width.php","meta":{"footnotes":""},"class_list":["post-3498","page","type-page","status-publish","hentry"],"_links":{"self":[{"href":"https:\/\/aeridemontserrat.com\/fr\/wp-json\/wp\/v2\/pages\/3498","targetHints":{"allow":["GET"]}}],"collection":[{"href":"https:\/\/aeridemontserrat.com\/fr\/wp-json\/wp\/v2\/pages"}],"about":[{"href":"https:\/\/aeridemontserrat.com\/fr\/wp-json\/wp\/v2\/types\/page"}],"author":[{"embeddable":true,"href":"https:\/\/aeridemontserrat.com\/fr\/wp-json\/wp\/v2\/users\/1"}],"replies":[{"embeddable":true,"href":"https:\/\/aeridemontserrat.com\/fr\/wp-json\/wp\/v2\/comments?post=3498"}],"version-history":[{"count":13,"href":"https:\/\/aeridemontserrat.com\/fr\/wp-json\/wp\/v2\/pages\/3498\/revisions"}],"predecessor-version":[{"id":13279,"href":"https:\/\/aeridemontserrat.com\/fr\/wp-json\/wp\/v2\/pages\/3498\/revisions\/13279"}],"wp:attachment":[{"href":"https:\/\/aeridemontserrat.com\/fr\/wp-json\/wp\/v2\/media?parent=3498"}],"curies":[{"name":"wp","href":"https:\/\/api.w.org\/{rel}","templated":true}]}}